{"id":28231,"date":"2025-02-20T23:29:53","date_gmt":"2025-02-20T22:29:53","guid":{"rendered":"http:\/\/olemosaic.com\/producto\/bol-de-coco-azul-caballito-de-mar-barcelona-4\/"},"modified":"2025-07-25T20:37:03","modified_gmt":"2025-07-25T18:37:03","slug":"bol-noix-de-coco-bleu-hippocampe-barcelone-fr","status":"publish","type":"product","link":"https:\/\/olemosaic.com\/fr\/produit\/bol-noix-de-coco-bleu-hippocampe-barcelone-fr\/","title":{"rendered":"Bol en noix de coco bleu. Hippocampe. Style m\u00e9diterran\u00e9en. Barcelone. Fond marin."},"content":{"rendered":"<p>Ce bol en noix de coco bleu est une pi\u00e8ce artisanale exquise qui capture l&rsquo;essence m\u00e9diterran\u00e9enne de Barcelone, en faisant un souvenir id\u00e9al pour ceux qui souhaitent emporter un morceau de cette ville vibrante chez eux. De conception artisanale, il pr\u00e9sente une charmante base bleu clair \u00e9voquant les douces vagues de la mer, d\u00e9cor\u00e9e de subtils d\u00e9tails dans des tons plus fonc\u00e9s qui compl\u00e8tent son design. Au centre, un hippocampe stylis\u00e9 de couleur cuivre se dresse majestueusement, symbolisant la richesse de la vie marine qui entoure la c\u00f4te catalane. L&rsquo;inscription \u00ab Barcelone \u00bb ajoute une touche distinctive, transformant ce bol non seulement en un objet d\u00e9coratif, mais aussi en un souvenir significatif de la capitale catalane.<\/p>\n<p>La connexion culturelle de ce bol avec Barcelone se refl\u00e8te dans son design, qui rappelle la beaut\u00e9 du littoral et la biodiversit\u00e9 marine caract\u00e9risant la r\u00e9gion. Ce souvenir spectaculaire apporte non seulement une touche marine \u00e9l\u00e9gante \u00e0 n&rsquo;importe quel foyer, mais repr\u00e9sente \u00e9galement un lien avec les aventures et les souvenirs v\u00e9cus dans l&rsquo;une des villes les plus embl\u00e9matiques d&rsquo;Espagne. Chez Ol\u00e9 Mosaic, en tant que distributeurs de souvenirs en gros, nous proposons des produits authentiques qui c\u00e9l\u00e8brent l&rsquo;h\u00e9ritage culturel et l&rsquo;art de chaque recoin d&rsquo;Espagne. Ce bol en noix de coco bleu est une option parfaite pour les boutiques de cadeaux touristiques recherchant un produit alliant qualit\u00e9, authenticit\u00e9 et \u00e2me m\u00e9diterran\u00e9enne.<\/p>\n","protected":false},"excerpt":{"rendered":"<p>Bol en noix de coco bleu d\u00e9cor\u00e9 d&rsquo;un joli motif d&rsquo;hippocampe, inspir\u00e9 de la c\u00f4te barcelonaise. Fabriqu\u00e9 \u00e0 la main, il pr\u00e9sente une base bleu clair avec des d\u00e9tails dans des tons plus fonc\u00e9s \u00e9voquant les vagues de la mer. Au centre, un hippocampe stylis\u00e9 de couleur cuivre se d\u00e9tache \u00e0 c\u00f4t\u00e9 de l&rsquo;inscription \u00ab Barcelone \u00bb, faisant de ce bol un souvenir distinctif et \u00e9l\u00e9gant, parfait pour ajouter une touche marine \u00e0 n&rsquo;importe quel foyer.<\/p>\n","protected":false},"featured_media":11865,"template":"","meta":{"_acf_changed":false},"product_brand":[],"product_cat":[521],"product_tag":[530],"class_list":{"0":"post-28231","1":"product","2":"type-product","3":"status-publish","4":"has-post-thumbnail","6":"product_cat-bols","7":"product_tag-animaux","8":"pa_ciudad-barcelona","9":"pa_motivo-hippocampes","10":"pa_pais-espana","12":"first","13":"instock","14":"shipping-taxable","15":"product-type-simple"},"acf":[],"_links":{"self":[{"href":"https:\/\/olemosaic.com\/fr\/wp-json\/wp\/v2\/product\/28231","targetHints":{"allow":["GET"]}}],"collection":[{"href":"https:\/\/olemosaic.com\/fr\/wp-json\/wp\/v2\/product"}],"about":[{"href":"https:\/\/olemosaic.com\/fr\/wp-json\/wp\/v2\/types\/product"}],"wp:featuredmedia":[{"embeddable":true,"href":"https:\/\/olemosaic.com\/fr\/wp-json\/wp\/v2\/media\/11865"}],"wp:attachment":[{"href":"https:\/\/olemosaic.com\/fr\/wp-json\/wp\/v2\/media?parent=28231"}],"wp:term":[{"taxonomy":"product_brand","embeddable":true,"href":"https:\/\/olemosaic.com\/fr\/wp-json\/wp\/v2\/product_brand?post=28231"},{"taxonomy":"product_cat","embeddable":true,"href":"https:\/\/olemosaic.com\/fr\/wp-json\/wp\/v2\/product_cat?post=28231"},{"taxonomy":"product_tag","embeddable":true,"href":"https:\/\/olemosaic.com\/fr\/wp-json\/wp\/v2\/product_tag?post=28231"}],"curies":[{"name":"wp","href":"https:\/\/api.w.org\/{rel}","templated":true}]}}