{"id":28229,"date":"2025-02-20T23:29:52","date_gmt":"2025-02-20T22:29:52","guid":{"rendered":"http:\/\/olemosaic.com\/producto\/bol-de-coco-azul-salamandra-gran-canaria-2\/"},"modified":"2025-07-25T19:58:29","modified_gmt":"2025-07-25T17:58:29","slug":"bol-noix-de-coco-bleu-salamandre-grande-canarie","status":"publish","type":"product","link":"https:\/\/olemosaic.com\/fr\/produit\/bol-noix-de-coco-bleu-salamandre-grande-canarie\/","title":{"rendered":"Bol en noix de coco bleu. Salamandre. Grande Canarie. Motif c\u0153urs."},"content":{"rendered":"<p>Ce bol en noix de coco bleu est une pi\u00e8ce d\u00e9corative exclusive qui allie la riche tradition artisanale de la Grande Canarie \u00e0 un design vibrant et inspirant. De conception artisanale, ce bol se distingue par sa magnifique tonalit\u00e9 bleue, qui \u00e9voque les eaux cristallines de l&rsquo;oc\u00e9an entourant l&rsquo;\u00eele. \u00c0 l&rsquo;int\u00e9rieur, une charmante salamandre se d\u00e9ploie entour\u00e9e de c\u0153urs dans divers tons bleut\u00e9s, cr\u00e9ant un contraste visuel captivant qui c\u00e9l\u00e8bre la faune et la flore locales.<\/p>\n<p>L&rsquo;attention port\u00e9e aux d\u00e9tails est \u00e9vidente dans chaque recoin de ce bol ; la finition lustr\u00e9e souligne la beaut\u00e9 de la texture de la noix de coco, tandis que les couleurs du design ajoutent une touche de fra\u00eecheur et d&rsquo;exotisme. Ce bol n&rsquo;est pas seulement un objet d\u00e9coratif, mais aussi un hommage \u00e0 la culture canarienne, honorant la riche biodiversit\u00e9 de l&rsquo;\u00eele, connue pour sa beaut\u00e9 naturelle et sa faune unique.<\/p>\n<p>En tant que souvenir repr\u00e9sentatif de la Grande Canarie, ce bol en noix de coco est une excellente option pour les touristes cherchant \u00e0 emporter un souvenir authentique et significatif. Chez Ol\u00e9 Mosaic, nous nous engageons \u00e0 offrir des souvenirs de qualit\u00e9 en gros, et ce bol est un choix id\u00e9al pour les boutiques de cadeaux touristiques souhaitant proposer \u00e0 leurs clients un \u00e9chantillon du patrimoine culturel des \u00eeles Canaries.<\/p>\n","protected":false},"excerpt":{"rendered":"<p>Bol en noix de coco bleu avec un design vibrant inspir\u00e9 de la faune de la Grande Canarie. Cet accessoire d\u00e9coratif pr\u00e9sente une salamandre \u00e0 l&rsquo;int\u00e9rieur, entour\u00e9e de c\u0153urs dans des tons bleut\u00e9s. Le bol, \u00e9labor\u00e9 \u00e0 partir de noix de coco avec un design artisanal peint \u00e0 la main, se distingue par ses d\u00e9tails d\u00e9licats et sa finition brillante, cr\u00e9ant une pi\u00e8ce unique qui \u00e9voque l&rsquo;essence de l&rsquo;\u00eele. Id\u00e9al pour ajouter une touche exotique \u00e0 n&rsquo;importe quel coin de votre maison.<\/p>\n","protected":false},"featured_media":10219,"template":"","meta":{"_acf_changed":false},"product_brand":[],"product_cat":[521],"product_tag":[530],"class_list":{"0":"post-28229","1":"product","2":"type-product","3":"status-publish","4":"has-post-thumbnail","6":"product_cat-bols","7":"product_tag-animaux","8":"pa_ciudad-gran-canaria","9":"pa_motivo-salamandres","10":"pa_pais-espana","12":"first","13":"instock","14":"shipping-taxable","15":"product-type-simple"},"acf":[],"_links":{"self":[{"href":"https:\/\/olemosaic.com\/fr\/wp-json\/wp\/v2\/product\/28229","targetHints":{"allow":["GET"]}}],"collection":[{"href":"https:\/\/olemosaic.com\/fr\/wp-json\/wp\/v2\/product"}],"about":[{"href":"https:\/\/olemosaic.com\/fr\/wp-json\/wp\/v2\/types\/product"}],"wp:featuredmedia":[{"embeddable":true,"href":"https:\/\/olemosaic.com\/fr\/wp-json\/wp\/v2\/media\/10219"}],"wp:attachment":[{"href":"https:\/\/olemosaic.com\/fr\/wp-json\/wp\/v2\/media?parent=28229"}],"wp:term":[{"taxonomy":"product_brand","embeddable":true,"href":"https:\/\/olemosaic.com\/fr\/wp-json\/wp\/v2\/product_brand?post=28229"},{"taxonomy":"product_cat","embeddable":true,"href":"https:\/\/olemosaic.com\/fr\/wp-json\/wp\/v2\/product_cat?post=28229"},{"taxonomy":"product_tag","embeddable":true,"href":"https:\/\/olemosaic.com\/fr\/wp-json\/wp\/v2\/product_tag?post=28229"}],"curies":[{"name":"wp","href":"https:\/\/api.w.org\/{rel}","templated":true}]}}