{"id":28228,"date":"2025-02-20T23:29:52","date_gmt":"2025-02-20T22:29:52","guid":{"rendered":"http:\/\/olemosaic.com\/producto\/bol-de-coco-azul-flor-2\/"},"modified":"2025-07-25T20:40:32","modified_gmt":"2025-07-25T18:40:32","slug":"bol-noix-de-coco-bleu-fleur-style-mediterraneen","status":"publish","type":"product","link":"https:\/\/olemosaic.com\/fr\/produit\/bol-noix-de-coco-bleu-fleur-style-mediterraneen\/","title":{"rendered":"Bol en noix de coco bleu. Fleur. Style m\u00e9diterran\u00e9en."},"content":{"rendered":"<p>Ce bol en noix de coco bleu est une charmante pi\u00e8ce d\u00e9corative qui fusionne l&rsquo;\u00e9l\u00e9gance de son design avec l&rsquo;authenticit\u00e9 de l&rsquo;artisanat traditionnel. Avec une finition d&rsquo;un bleu vibrant d\u00e9cor\u00e9 de taches brillantes, ce bol attire l&rsquo;attention par son impact visuel rafra\u00eechissant et moderne. La fleur centrale, \u00e9labor\u00e9e dans des tons dor\u00e9s sophistiqu\u00e9s, offre un contraste qui souligne sa d\u00e9licatesse et son attrait esth\u00e9tique. L&rsquo;utilisation de la coque de noix de coco comme mat\u00e9riau principal garantit non seulement sa r\u00e9sistance, mais refl\u00e8te \u00e9galement l&rsquo;h\u00e9ritage culturel de la r\u00e9gion, o\u00f9 l&rsquo;art de travailler ce mat\u00e9riau est un symbole de durabilit\u00e9 et de cr\u00e9ativit\u00e9.<\/p>\n<p>Ce bol en noix de coco ne remplit pas seulement la fonction d&rsquo;objet d\u00e9coratif, il repr\u00e9sente \u00e9galement un souvenir significatif de la riche tradition de l&rsquo;art d\u00e9coratif local. Id\u00e9al pour orner n&rsquo;importe quel espace, qu&rsquo;il s&rsquo;agisse d&rsquo;un int\u00e9rieur moderne ou d&rsquo;une ambiance rustique, il devient un cadeau sp\u00e9cial qui \u00e9voque l&rsquo;esprit culturel de la r\u00e9gion. Chez Ol\u00e9 Mosaic, nous nous sp\u00e9cialisons dans la distribution de souvenirs authentiques, et ce bol bleu est une option parfaite pour les boutiques de cadeaux touristiques recherchant des produits qui mettent en valeur la beaut\u00e9 et l&rsquo;originalit\u00e9 de l&rsquo;artisanat local. Adapt\u00e9 \u00e0 ceux qui recherchent des souvenirs exquis, ce bol en noix de coco est un choix remarquable qui encapsule la signification culturelle et l&rsquo;artisanat, en faisant un ajout merveilleux \u00e0 toute collection.<\/p>\n","protected":false},"excerpt":{"rendered":"<p>Bol en noix de coco bleu d\u00e9cor\u00e9 d&rsquo;un \u00e9l\u00e9gant motif floral. Ce bol attrayant pr\u00e9sente une finition bleue avec des taches brillantes, cr\u00e9ant un effet visuel saisissant. La fleur centrale, aux tons dor\u00e9s, apporte un contraste sophistiqu\u00e9. Fabriqu\u00e9 \u00e0 partir de noix de coco, cet article combine des techniques traditionnelles avec un style contemporain, id\u00e9al pour d\u00e9corer n&rsquo;importe quel espace ou comme cadeau sp\u00e9cial, \u00e9voquant l&rsquo;essence de l&rsquo;art d\u00e9coratif de la r\u00e9gion.<\/p>\n","protected":false},"featured_media":11853,"template":"","meta":{"_acf_changed":false},"product_brand":[],"product_cat":[521],"product_tag":[],"class_list":{"0":"post-28228","1":"product","2":"type-product","3":"status-publish","4":"has-post-thumbnail","6":"product_cat-bols","7":"pa_motivo-fleurs","9":"first","10":"instock","11":"shipping-taxable","12":"product-type-simple"},"acf":[],"_links":{"self":[{"href":"https:\/\/olemosaic.com\/fr\/wp-json\/wp\/v2\/product\/28228","targetHints":{"allow":["GET"]}}],"collection":[{"href":"https:\/\/olemosaic.com\/fr\/wp-json\/wp\/v2\/product"}],"about":[{"href":"https:\/\/olemosaic.com\/fr\/wp-json\/wp\/v2\/types\/product"}],"wp:featuredmedia":[{"embeddable":true,"href":"https:\/\/olemosaic.com\/fr\/wp-json\/wp\/v2\/media\/11853"}],"wp:attachment":[{"href":"https:\/\/olemosaic.com\/fr\/wp-json\/wp\/v2\/media?parent=28228"}],"wp:term":[{"taxonomy":"product_brand","embeddable":true,"href":"https:\/\/olemosaic.com\/fr\/wp-json\/wp\/v2\/product_brand?post=28228"},{"taxonomy":"product_cat","embeddable":true,"href":"https:\/\/olemosaic.com\/fr\/wp-json\/wp\/v2\/product_cat?post=28228"},{"taxonomy":"product_tag","embeddable":true,"href":"https:\/\/olemosaic.com\/fr\/wp-json\/wp\/v2\/product_tag?post=28228"}],"curies":[{"name":"wp","href":"https:\/\/api.w.org\/{rel}","templated":true}]}}