{"id":28227,"date":"2025-02-20T23:29:52","date_gmt":"2025-02-20T22:29:52","guid":{"rendered":"http:\/\/olemosaic.com\/producto\/bol-de-coco-azul-flecha-camino-de-santiago-2\/"},"modified":"2025-07-25T18:43:20","modified_gmt":"2025-07-25T16:43:20","slug":"bol-noix-de-coco-bleu-fleche-chemin-compostelle-galice","status":"publish","type":"product","link":"https:\/\/olemosaic.com\/fr\/produit\/bol-noix-de-coco-bleu-fleche-chemin-compostelle-galice\/","title":{"rendered":"Bol en noix de coco bleu. Fl\u00e8che. Chemin de Compostelle. Galice."},"content":{"rendered":"<p>Ce bol en noix de coco bleu est une v\u00e9ritable pi\u00e8ce d\u00e9corative inspir\u00e9e de l&#8217;embl\u00e9matique Chemin de Compostelle. Son fond bleu intense vibrant \u00e9voque le ciel galicien et la spiritualit\u00e9 du trajet, tandis que la fl\u00e8che blanche peinte \u00e0 l&rsquo;int\u00e9rieur, accompagn\u00e9e de l&rsquo;inscription \u00ab CAMINO DE SANTIAGO \u00bb, souligne la direction suivie par des milliers de p\u00e8lerins au fil des si\u00e8cles. Ce design ne se distingue pas seulement par sa beaut\u00e9, mais symbolise \u00e9galement le voyage de d\u00e9couverte de soi et de connexion avec la nature que repr\u00e9sente le Chemin.<\/p>\n<p>La c\u00e9ramique est \u00e9labor\u00e9e de mani\u00e8re artisanale, montrant un travail m\u00e9ticuleux d&rsquo;incrustations de couleur blanche qui compl\u00e8tent le design, offrant une touche contemporaine \u00e0 un symbole historique. Id\u00e9al aussi bien comme \u00e9l\u00e9ment d\u00e9coratif dans n&rsquo;importe quelle pi\u00e8ce de la maison que pour un usage quotidien, ce bol offre polyvalence et fonctionnalit\u00e9, devenant un cadeau parfait pour ceux qui ont parcouru ou r\u00eavent d&rsquo;explorer cette route mystique.<\/p>\n<p>Chez Ol\u00e9 Mosaic, nous sommes fiers d&rsquo;\u00eatre distributeurs de souvenirs authentiques qui capturent l&rsquo;essence de la culture espagnole. Ce bol en noix de coco bleu, en tant que souvenir du Chemin de Compostelle, est une excellente option pour les boutiques de cadeaux touristiques cherchant \u00e0 offrir des souvenirs significatifs avec un riche bagage culturel. Son authenticit\u00e9 et son esth\u00e9tique font de cette pi\u00e8ce un article incontournable pour les touristes et les amoureux de la tradition.<\/p>\n","protected":false},"excerpt":{"rendered":"<p>Bol en noix de coco bleu, d\u00e9cor\u00e9 d&rsquo;un motif rendant hommage au Chemin de Compostelle. Cette pi\u00e8ce artisanale pr\u00e9sente un fond bleu intense avec une fl\u00e8che blanche et l&rsquo;inscription \u00ab CAMINO DE SANTIAGO \u00bb dans un style clair et marqu\u00e9. La c\u00e9ramique affiche un beau travail d&rsquo;incrustations blanches et des d\u00e9tails \u00e9voquant l&rsquo;esprit du chemin. Id\u00e9al comme \u00e9l\u00e9ment d\u00e9coratif ou pour un usage quotidien, cette pi\u00e8ce se distingue par son originalit\u00e9 et son symbolisme.<\/p>\n","protected":false},"featured_media":11747,"template":"","meta":{"_acf_changed":false},"product_brand":[],"product_cat":[521],"product_tag":[],"class_list":{"0":"post-28227","1":"product","2":"type-product","3":"status-publish","4":"has-post-thumbnail","6":"product_cat-bols","7":"pa_ciudad-santiago-de-compostela","8":"pa_motivo-fleches","9":"pa_pais-espana","11":"first","12":"instock","13":"shipping-taxable","14":"product-type-simple"},"acf":[],"_links":{"self":[{"href":"https:\/\/olemosaic.com\/fr\/wp-json\/wp\/v2\/product\/28227","targetHints":{"allow":["GET"]}}],"collection":[{"href":"https:\/\/olemosaic.com\/fr\/wp-json\/wp\/v2\/product"}],"about":[{"href":"https:\/\/olemosaic.com\/fr\/wp-json\/wp\/v2\/types\/product"}],"wp:featuredmedia":[{"embeddable":true,"href":"https:\/\/olemosaic.com\/fr\/wp-json\/wp\/v2\/media\/11747"}],"wp:attachment":[{"href":"https:\/\/olemosaic.com\/fr\/wp-json\/wp\/v2\/media?parent=28227"}],"wp:term":[{"taxonomy":"product_brand","embeddable":true,"href":"https:\/\/olemosaic.com\/fr\/wp-json\/wp\/v2\/product_brand?post=28227"},{"taxonomy":"product_cat","embeddable":true,"href":"https:\/\/olemosaic.com\/fr\/wp-json\/wp\/v2\/product_cat?post=28227"},{"taxonomy":"product_tag","embeddable":true,"href":"https:\/\/olemosaic.com\/fr\/wp-json\/wp\/v2\/product_tag?post=28227"}],"curies":[{"name":"wp","href":"https:\/\/api.w.org\/{rel}","templated":true}]}}