{"id":28200,"date":"2025-02-20T23:29:52","date_gmt":"2025-02-20T22:29:52","guid":{"rendered":"http:\/\/olemosaic.com\/producto\/bol-de-coco-azul-sardina-3\/"},"modified":"2025-07-25T20:39:57","modified_gmt":"2025-07-25T18:39:57","slug":"bol-noix-de-coco-bleu-sardine-3","status":"publish","type":"product","link":"https:\/\/olemosaic.com\/fr\/produit\/bol-noix-de-coco-bleu-sardine-3\/","title":{"rendered":"Bol en noix de coco bleu. Sardine. Portugal. Fond marin."},"content":{"rendered":"<p>Ce bol en noix de coco bleu est un v\u00e9ritable bijou qui \u00e9voque l&rsquo;essence de la mer M\u00e9diterran\u00e9e, id\u00e9al pour ajouter une touche marine \u00e0 n&rsquo;importe quel foyer. Son design pr\u00e9sente un fond bleu clair parsem\u00e9 de cercles dans diff\u00e9rentes teintes de bleu, simulant les ondulations de l&rsquo;eau et cr\u00e9ant un effet visuel rafra\u00eechissant. Au centre se d\u00e9tache une sardine stylis\u00e9e en terre cuite, qui offre un contraste attrayant et devient le point focal de la pi\u00e8ce.<\/p>\n<p>Fabriqu\u00e9 de mani\u00e8re artisanale, ce bol n&rsquo;est pas seulement fonctionnel, mais agit \u00e9galement comme un objet d\u00e9coratif qui c\u00e9l\u00e8bre la gastronomie et la culture maritime des r\u00e9gions c\u00f4ti\u00e8res d&rsquo;Espagne. Id\u00e9al pour servir des ap\u00e9ritifs ou comme \u00e9l\u00e9ment d\u00e9coratif sur n&rsquo;importe quelle table, ce bol est un excellent souvenir qui rappelle la tradition de la p\u00eache de nombreuses localit\u00e9s du pays.<\/p>\n<p>Chez Ol\u00e9 Mosaic, nous nous sp\u00e9cialisons dans la distribution de souvenirs en gros, et ce bol en noix de coco est un cadeau distinctif parfait pour les boutiques de cadeaux touristiques. Son authenticit\u00e9 et son design repr\u00e9sentatif en font une excellente option pour les touristes \u00e0 la recherche de souvenirs authentiques de leur visite, faisant de chaque utilisation de ce bol une c\u00e9l\u00e9bration du patrimoine c\u00f4tier de l&rsquo;Espagne.<\/p>\n","protected":false},"excerpt":{"rendered":"<p>Bol en noix de coco bleu d\u00e9cor\u00e9 d&rsquo;un \u00e9l\u00e9gant design de sardine au centre, id\u00e9al pour donner une touche marine \u00e0 votre maison. Ce bol, fait de noix de coco, pr\u00e9sente un magnifique contraste entre le ton bleu clair du fond et les cercles d\u00e9coratifs bleus, \u00e9voquant la fra\u00eecheur de la mer. La sardine, stylis\u00e9e en couleur terre cuite, se d\u00e9tache au centre, offrant un point d&rsquo;attention visuel attrayant. Parfait pour servir des ap\u00e9ritifs ou comme objet d\u00e9coratif.<\/p>\n","protected":false},"featured_media":11849,"template":"","meta":{"_acf_changed":false},"product_brand":[],"product_cat":[521],"product_tag":[530],"class_list":{"0":"post-28200","1":"product","2":"type-product","3":"status-publish","4":"has-post-thumbnail","6":"product_cat-bols","7":"product_tag-animaux","8":"pa_motivo-sardines","10":"first","11":"instock","12":"shipping-taxable","13":"product-type-simple"},"acf":[],"_links":{"self":[{"href":"https:\/\/olemosaic.com\/fr\/wp-json\/wp\/v2\/product\/28200","targetHints":{"allow":["GET"]}}],"collection":[{"href":"https:\/\/olemosaic.com\/fr\/wp-json\/wp\/v2\/product"}],"about":[{"href":"https:\/\/olemosaic.com\/fr\/wp-json\/wp\/v2\/types\/product"}],"wp:featuredmedia":[{"embeddable":true,"href":"https:\/\/olemosaic.com\/fr\/wp-json\/wp\/v2\/media\/11849"}],"wp:attachment":[{"href":"https:\/\/olemosaic.com\/fr\/wp-json\/wp\/v2\/media?parent=28200"}],"wp:term":[{"taxonomy":"product_brand","embeddable":true,"href":"https:\/\/olemosaic.com\/fr\/wp-json\/wp\/v2\/product_brand?post=28200"},{"taxonomy":"product_cat","embeddable":true,"href":"https:\/\/olemosaic.com\/fr\/wp-json\/wp\/v2\/product_cat?post=28200"},{"taxonomy":"product_tag","embeddable":true,"href":"https:\/\/olemosaic.com\/fr\/wp-json\/wp\/v2\/product_tag?post=28200"}],"curies":[{"name":"wp","href":"https:\/\/api.w.org\/{rel}","templated":true}]}}