{"id":28199,"date":"2025-02-20T23:29:52","date_gmt":"2025-02-20T22:29:52","guid":{"rendered":"http:\/\/olemosaic.com\/producto\/bol-de-coco-azul-sardina-2\/"},"modified":"2025-07-25T18:54:55","modified_gmt":"2025-07-25T16:54:55","slug":"bol-noix-de-coco-bleu-sardine-2","status":"publish","type":"product","link":"https:\/\/olemosaic.com\/fr\/produit\/bol-noix-de-coco-bleu-sardine-2\/","title":{"rendered":"Bol en noix de coco bleu. Sardine."},"content":{"rendered":"<p>Ce bol en noix de coco bleu est un v\u00e9ritable bijou d\u00e9coratif et fonctionnel, id\u00e9al pour attirer l&rsquo;attention dans n&rsquo;importe quel contexte culinaire ou esth\u00e9tique. Fabriqu\u00e9 \u00e0 la main avec des mat\u00e9riaux naturels, son fond bleu vibrant \u00e9voque les eaux de la mer M\u00e9diterran\u00e9e, cr\u00e9ant un lien imm\u00e9diat avec le riche h\u00e9ritage de la p\u00eache de la r\u00e9gion. Au centre, une sardine blanche, peinte dans un style artistique distinctif, s&rsquo;\u00e9rige comme l&rsquo;\u00e9l\u00e9ment principal, entour\u00e9e d&rsquo;un charmant design en mosa\u00efque dans des tons clairs qui ajoute une touche de sophistication \u00e0 l&rsquo;ensemble.<\/p>\n<p>Ce bol n&rsquo;est pas seulement parfait pour servir des ap\u00e9ritifs, mais c&rsquo;est aussi une pi\u00e8ce d\u00e9corative unique pour embellir n&rsquo;importe quelle table ou coin de la maison. La combinaison de son design artisanal et de son esth\u00e9tique vibrante en fait un souvenir id\u00e9al pour ceux qui recherchent un souvenir authentique de leurs voyages sur les c\u00f4tes espagnoles. La sardine, symbole ancr\u00e9 dans la cuisine m\u00e9diterran\u00e9enne, souligne l&rsquo;importance de la tradition de la p\u00eache et de la culture culinaire locale.<\/p>\n<p>Chez Ol\u00e9 Mosaic, nous nous sp\u00e9cialisons dans la distribution de souvenirs en gros, offrant des produits qui ne sont pas seulement visuellement attrayants, mais qui ont aussi un fond culturel significatif. Ce bol en noix de coco bleu est une excellente option pour les boutiques de cadeaux touristiques qui souhaitent proposer des pi\u00e8ces uniques et pertinentes c\u00e9l\u00e9brant l&rsquo;identit\u00e9 r\u00e9gionale. Avec une vari\u00e9t\u00e9 d&rsquo;utilisations et son caract\u00e8re distinctif, ce bol est un incontournable pour tout amateur de gastronomie et de d\u00e9coration de style m\u00e9diterran\u00e9en.<\/p>\n","protected":false},"excerpt":{"rendered":"<p>Bol en noix de coco bleu d\u00e9cor\u00e9 d&rsquo;une illustration de sardine. Ce bol, exclusif et fabriqu\u00e9 un par un avec des mat\u00e9riaux naturels, pr\u00e9sente un fond bleu vibrant qui \u00e9voque la mer. La sardine blanche attire l&rsquo;attention, entour\u00e9e d&rsquo;un design en mosa\u00efque dans des tons clairs. Un bel exemple d&rsquo;art culinaire traditionnel, id\u00e9al pour servir des ap\u00e9ritifs ou comme pi\u00e8ce d\u00e9corative sur n&rsquo;importe quelle table, repr\u00e9sentant le riche h\u00e9ritage de la p\u00eache de la r\u00e9gion.<\/p>\n","protected":false},"featured_media":11732,"template":"","meta":{"_acf_changed":false},"product_brand":[],"product_cat":[521],"product_tag":[530],"class_list":{"0":"post-28199","1":"product","2":"type-product","3":"status-publish","4":"has-post-thumbnail","6":"product_cat-bols","7":"product_tag-animaux","8":"pa_motivo-sardines","10":"first","11":"instock","12":"shipping-taxable","13":"product-type-simple"},"acf":[],"_links":{"self":[{"href":"https:\/\/olemosaic.com\/fr\/wp-json\/wp\/v2\/product\/28199","targetHints":{"allow":["GET"]}}],"collection":[{"href":"https:\/\/olemosaic.com\/fr\/wp-json\/wp\/v2\/product"}],"about":[{"href":"https:\/\/olemosaic.com\/fr\/wp-json\/wp\/v2\/types\/product"}],"wp:featuredmedia":[{"embeddable":true,"href":"https:\/\/olemosaic.com\/fr\/wp-json\/wp\/v2\/media\/11732"}],"wp:attachment":[{"href":"https:\/\/olemosaic.com\/fr\/wp-json\/wp\/v2\/media?parent=28199"}],"wp:term":[{"taxonomy":"product_brand","embeddable":true,"href":"https:\/\/olemosaic.com\/fr\/wp-json\/wp\/v2\/product_brand?post=28199"},{"taxonomy":"product_cat","embeddable":true,"href":"https:\/\/olemosaic.com\/fr\/wp-json\/wp\/v2\/product_cat?post=28199"},{"taxonomy":"product_tag","embeddable":true,"href":"https:\/\/olemosaic.com\/fr\/wp-json\/wp\/v2\/product_tag?post=28199"}],"curies":[{"name":"wp","href":"https:\/\/api.w.org\/{rel}","templated":true}]}}