{"id":28198,"date":"2025-02-20T23:29:52","date_gmt":"2025-02-20T22:29:52","guid":{"rendered":"http:\/\/olemosaic.com\/producto\/bol-de-coco-azul-caballito-de-mar-mallorca-4\/"},"modified":"2025-07-25T18:56:26","modified_gmt":"2025-07-25T16:56:26","slug":"bol-noix-de-coco-bleu-hippocampe-majorque-4","status":"publish","type":"product","link":"https:\/\/olemosaic.com\/fr\/produit\/bol-noix-de-coco-bleu-hippocampe-majorque-4\/","title":{"rendered":"Bol en noix de coco bleu. Hippocampe. \u00cele. Majorque."},"content":{"rendered":"<p>Ce bol en noix de coco bleu est un v\u00e9ritable bijou artisanal qui capture l&rsquo;essence de l&rsquo;environnement marin de Majorque. Son design se distingue par une combinaison remarquable de teintes bleues et vertes qui \u00e9voquent les eaux cristallines de la M\u00e9diterran\u00e9e, cr\u00e9ant un effet visuel qui transporte vers la tranquillit\u00e9 des c\u00f4tes majorquines. La surface du bol, m\u00e9ticuleusement travaill\u00e9e, pr\u00e9sente une finition distinctive avec des textures douces qui attirent le regard et le toucher, tandis que les d\u00e9licats d\u00e9tails dor\u00e9s ajoutent une touche d&rsquo;\u00e9l\u00e9gance sophistiqu\u00e9e.<\/p>\n<p>Au centre du bol, un charmant hippocampe, symbole de la vie marine et de la beaut\u00e9 des \u00e9cosyst\u00e8mes c\u00f4tiers, se dresse avec gr\u00e2ce, apportant un \u00e9l\u00e9ment visuel qui connecte l&rsquo;observateur \u00e0 la riche faune de la M\u00e9diterran\u00e9e. De plus, le mot \u00ab\u00a0MALLORCA\u00a0\u00bb est \u00e9l\u00e9gamment grav\u00e9, renfor\u00e7ant le caract\u00e8re authentique et repr\u00e9sentatif de cette pi\u00e8ce comme souvenir de qualit\u00e9.<\/p>\n<p>Ce bol est non seulement id\u00e9al pour d\u00e9corer n&rsquo;importe quel espace avec une touche maritime, mais c&rsquo;est aussi un cadeau unique qui rappellera la magie de Majorque. Chez Ol\u00e9 Mosaic, nous sommes fiers de distribuer des souvenirs authentiques et repr\u00e9sentatifs. Ce bol en noix de coco est une excellente option pour les boutiques de cadeaux touristiques \u00e0 la recherche de produits distinctifs qui c\u00e9l\u00e8brent la culture et la beaut\u00e9 de Majorque. Avec nous, grossistes en souvenirs, chaque produit raconte une histoire.<\/p>\n","protected":false},"excerpt":{"rendered":"<p>Bol en noix de coco bleu d\u00e9cor\u00e9 d&rsquo;un \u00e9l\u00e9gant hippocampe, repr\u00e9sentant l&rsquo;essence de Majorque. Cette pi\u00e8ce artisanale pr\u00e9sente un design unique, avec des teintes bleues et vertes \u00e9voquant la mer M\u00e9diterran\u00e9e. Sa surface pr\u00e9sente une finition distinctive combinant des textures douces et des d\u00e9tails dor\u00e9s, tout en int\u00e9grant le mot \u00ab\u00a0MALLORCA\u00a0\u00bb grav\u00e9, ajoutant une touche authentique. Id\u00e9al pour la d\u00e9coration ou comme cadeau.<\/p>\n","protected":false},"featured_media":10131,"template":"","meta":{"_acf_changed":false},"product_brand":[],"product_cat":[521],"product_tag":[530],"class_list":{"0":"post-28198","1":"product","2":"type-product","3":"status-publish","4":"has-post-thumbnail","6":"product_cat-bols","7":"product_tag-animaux","8":"pa_ciudad-mallorca","9":"pa_motivo-hippocampes","10":"pa_pais-espana","12":"first","13":"instock","14":"shipping-taxable","15":"product-type-simple"},"acf":[],"_links":{"self":[{"href":"https:\/\/olemosaic.com\/fr\/wp-json\/wp\/v2\/product\/28198","targetHints":{"allow":["GET"]}}],"collection":[{"href":"https:\/\/olemosaic.com\/fr\/wp-json\/wp\/v2\/product"}],"about":[{"href":"https:\/\/olemosaic.com\/fr\/wp-json\/wp\/v2\/types\/product"}],"wp:featuredmedia":[{"embeddable":true,"href":"https:\/\/olemosaic.com\/fr\/wp-json\/wp\/v2\/media\/10131"}],"wp:attachment":[{"href":"https:\/\/olemosaic.com\/fr\/wp-json\/wp\/v2\/media?parent=28198"}],"wp:term":[{"taxonomy":"product_brand","embeddable":true,"href":"https:\/\/olemosaic.com\/fr\/wp-json\/wp\/v2\/product_brand?post=28198"},{"taxonomy":"product_cat","embeddable":true,"href":"https:\/\/olemosaic.com\/fr\/wp-json\/wp\/v2\/product_cat?post=28198"},{"taxonomy":"product_tag","embeddable":true,"href":"https:\/\/olemosaic.com\/fr\/wp-json\/wp\/v2\/product_tag?post=28198"}],"curies":[{"name":"wp","href":"https:\/\/api.w.org\/{rel}","templated":true}]}}