{"id":28197,"date":"2025-02-20T23:29:51","date_gmt":"2025-02-20T22:29:51","guid":{"rendered":"http:\/\/olemosaic.com\/producto\/bol-de-coco-azul-salamandra-tenerife-3\/"},"modified":"2025-07-25T19:23:51","modified_gmt":"2025-07-25T17:23:51","slug":"bol-noix-de-coco-bleu-salamandre-tenerife-3","status":"publish","type":"product","link":"https:\/\/olemosaic.com\/fr\/produit\/bol-noix-de-coco-bleu-salamandre-tenerife-3\/","title":{"rendered":"Bol en noix de coco bleu. Salamandre. Tenerife. Canaries."},"content":{"rendered":"<p>Ce bol en noix de coco bleu est un v\u00e9ritable bijou artisanal qui capture l&rsquo;essence de Tenerife, l&rsquo;une des plus belles \u00eeles d&rsquo;Espagne. Son design, \u00e9labor\u00e9 de mani\u00e8re artisanale, pr\u00e9sente une finition brillante qui se distingue par sa mosa\u00efque aux tons bleus vibrants et ses reflets argent\u00e9s, \u00e9voquant les eaux cristallines et la mer qui entoure l&rsquo;\u00eele. Au centre du bol, une \u00e9l\u00e9gante salamandre, symbole embl\u00e9matique de la faune locale, se dresse sur un fond noir profond, rehaussant sa pr\u00e9sence et sa signification culturelle. \u00c0 c\u00f4t\u00e9 de cette figure fascinante, le mot \u00ab\u00a0TENERIFE\u00a0\u00bb s&rsquo;affiche avec fiert\u00e9, soulignant son lien avec le riche h\u00e9ritage de l&rsquo;\u00eele.<\/p>\n<p>Parfait comme \u00e9l\u00e9ment d\u00e9coratif ou pour servir des ap\u00e9ritifs, ce bol se distingue non seulement par son esth\u00e9tique, mais aussi par sa fonctionnalit\u00e9. L&rsquo;utilisation de mat\u00e9riaux locaux et le d\u00e9vouement artisanal de chaque pi\u00e8ce renforcent son authenticit\u00e9, en faisant un souvenir repr\u00e9sentatif et significatif du patrimoine canarien. Chez Ol\u00e9 Mosaic, notre mission est d&rsquo;offrir des souvenirs de qualit\u00e9 en gros, et ce bol en noix de coco bleu attirera non seulement les touristes, mais sera \u00e9galement un excellent article pour les boutiques de cadeaux touristiques. Ce bol est un investissement s\u00fbr pour ceux qui cherchent \u00e0 refl\u00e9ter la culture et la beaut\u00e9 de Tenerife \u00e0 travers un souvenir distinctif.<\/p>\n","protected":false},"excerpt":{"rendered":"<p>Bol en noix de coco bleu, d\u00e9cor\u00e9 d&rsquo;une \u00e9l\u00e9gante salamandre qui repr\u00e9sente le caract\u00e8re distinctif de Tenerife. Cet article attrayant, fabriqu\u00e9 \u00e0 la main, pr\u00e9sente une finition brillante avec un design en mosa\u00efque dans des tons bleus et des reflets qui \u00e9voquent l&rsquo;environnement naturel de l&rsquo;\u00eele. La salamandre, symbole de la faune locale, se dresse sur un fond noir, accompagn\u00e9e du texte \u00ab\u00a0TENERIFE\u00a0\u00bb, renfor\u00e7ant encore son lien culturel. Parfait comme \u00e9l\u00e9ment d\u00e9coratif ou pour servir des ap\u00e9ritifs.<\/p>\n","protected":false},"featured_media":10224,"template":"","meta":{"_acf_changed":false},"product_brand":[],"product_cat":[521],"product_tag":[530],"class_list":{"0":"post-28197","1":"product","2":"type-product","3":"status-publish","4":"has-post-thumbnail","6":"product_cat-bols","7":"product_tag-animaux","8":"pa_ciudad-tenerife","9":"pa_motivo-salamandres","10":"pa_pais-espana","12":"first","13":"instock","14":"shipping-taxable","15":"product-type-simple"},"acf":[],"_links":{"self":[{"href":"https:\/\/olemosaic.com\/fr\/wp-json\/wp\/v2\/product\/28197","targetHints":{"allow":["GET"]}}],"collection":[{"href":"https:\/\/olemosaic.com\/fr\/wp-json\/wp\/v2\/product"}],"about":[{"href":"https:\/\/olemosaic.com\/fr\/wp-json\/wp\/v2\/types\/product"}],"wp:featuredmedia":[{"embeddable":true,"href":"https:\/\/olemosaic.com\/fr\/wp-json\/wp\/v2\/media\/10224"}],"wp:attachment":[{"href":"https:\/\/olemosaic.com\/fr\/wp-json\/wp\/v2\/media?parent=28197"}],"wp:term":[{"taxonomy":"product_brand","embeddable":true,"href":"https:\/\/olemosaic.com\/fr\/wp-json\/wp\/v2\/product_brand?post=28197"},{"taxonomy":"product_cat","embeddable":true,"href":"https:\/\/olemosaic.com\/fr\/wp-json\/wp\/v2\/product_cat?post=28197"},{"taxonomy":"product_tag","embeddable":true,"href":"https:\/\/olemosaic.com\/fr\/wp-json\/wp\/v2\/product_tag?post=28197"}],"curies":[{"name":"wp","href":"https:\/\/api.w.org\/{rel}","templated":true}]}}