{"id":28195,"date":"2025-02-20T23:29:51","date_gmt":"2025-02-20T22:29:51","guid":{"rendered":"http:\/\/olemosaic.com\/producto\/bol-de-coco-azul-salamandra-tenerife-2\/"},"modified":"2025-07-25T18:57:00","modified_gmt":"2025-07-25T16:57:00","slug":"bol-noix-de-coco-bleu-salamandre-tenerife-2","status":"publish","type":"product","link":"https:\/\/olemosaic.com\/fr\/produit\/bol-noix-de-coco-bleu-salamandre-tenerife-2\/","title":{"rendered":"Bol en noix de coco bleu. Salamandre. Tenerife. Canaries. Fond marin."},"content":{"rendered":"<p>Ce bol en noix de coco bleu est un souvenir singulier de Tenerife, con\u00e7u pour capturer la beaut\u00e9 naturelle et la diversit\u00e9 de la faune canarienne. Fabriqu\u00e9 en c\u00e9ramique de haute qualit\u00e9, sa finition brillante dans des tons bleus et dor\u00e9s \u00e9voque les vues vibrantes de l&rsquo;\u00eele, faisant \u00e9cho au ciel et \u00e0 la lumi\u00e8re du soleil canarien. La d\u00e9coration d\u00e9licate pr\u00e9sente une salamandre frappante, qui repr\u00e9sente la richesse de la faune locale, et ajoute une touche artistique et pertinente qui souligne le lien culturel avec Tenerife.<\/p>\n<p>La technique de peinture \u00e0 la main rend chaque pi\u00e8ce unique, avec des motifs et des textures complexes qui invitent \u00e0 l&rsquo;admiration. Au centre, le texte \u00ab\u00a0Tenerife\u00a0\u00bb s&rsquo;int\u00e8gre subtilement, transformant ce bol en un souvenir non seulement d\u00e9coratif, mais aussi significatif. Parfait pour ajouter un morceau de culture de Tenerife \u00e0 votre foyer, ce bol ne sert pas seulement d&rsquo;\u00e9l\u00e9ment d\u00e9coratif attrayant, mais aussi d&rsquo;excellent cadeau pour ceux qui cherchent \u00e0 emporter un souvenir authentique de leur visite.<\/p>\n<p>Chez Ol\u00e9 Mosaic, en tant que grossistes de souvenirs authentiques, nous proposons ce produit ainsi que d&rsquo;autres articles repr\u00e9sentatifs du riche patrimoine culturel de l&rsquo;Espagne, id\u00e9aux pour les boutiques de cadeaux touristiques souhaitant surprendre leurs clients avec des articles de qualit\u00e9, repr\u00e9sentatifs et pleins de sens.<\/p>\n","protected":false},"excerpt":{"rendered":"<p>Bol en noix de coco bleu d\u00e9cor\u00e9 d&rsquo;une salamandre frappante, repr\u00e9sentant la faune de Tenerife. Ce souvenir original est fabriqu\u00e9 en c\u00e9ramique et se distingue par sa finition dans des tons bleus et dor\u00e9s \u00e9voquant le paysage vibrant des Canaries. La technique de conception artisanale, peinte \u00e0 la main, souligne les d\u00e9tails complexes de la surface, tandis que l&rsquo;inscription \u00ab\u00a0Tenerife\u00a0\u00bb ajoute une touche locale. Id\u00e9al pour d\u00e9corer votre maison avec un morceau de la culture de Tenerife.<\/p>\n","protected":false},"featured_media":10123,"template":"","meta":{"_acf_changed":false},"product_brand":[],"product_cat":[521],"product_tag":[530],"class_list":{"0":"post-28195","1":"product","2":"type-product","3":"status-publish","4":"has-post-thumbnail","6":"product_cat-bols","7":"product_tag-animaux","8":"pa_ciudad-tenerife","9":"pa_motivo-salamandres","10":"pa_pais-espana","12":"first","13":"instock","14":"shipping-taxable","15":"product-type-simple"},"acf":[],"_links":{"self":[{"href":"https:\/\/olemosaic.com\/fr\/wp-json\/wp\/v2\/product\/28195","targetHints":{"allow":["GET"]}}],"collection":[{"href":"https:\/\/olemosaic.com\/fr\/wp-json\/wp\/v2\/product"}],"about":[{"href":"https:\/\/olemosaic.com\/fr\/wp-json\/wp\/v2\/types\/product"}],"wp:featuredmedia":[{"embeddable":true,"href":"https:\/\/olemosaic.com\/fr\/wp-json\/wp\/v2\/media\/10123"}],"wp:attachment":[{"href":"https:\/\/olemosaic.com\/fr\/wp-json\/wp\/v2\/media?parent=28195"}],"wp:term":[{"taxonomy":"product_brand","embeddable":true,"href":"https:\/\/olemosaic.com\/fr\/wp-json\/wp\/v2\/product_brand?post=28195"},{"taxonomy":"product_cat","embeddable":true,"href":"https:\/\/olemosaic.com\/fr\/wp-json\/wp\/v2\/product_cat?post=28195"},{"taxonomy":"product_tag","embeddable":true,"href":"https:\/\/olemosaic.com\/fr\/wp-json\/wp\/v2\/product_tag?post=28195"}],"curies":[{"name":"wp","href":"https:\/\/api.w.org\/{rel}","templated":true}]}}