{"id":28194,"date":"2025-02-20T23:29:51","date_gmt":"2025-02-20T22:29:51","guid":{"rendered":"http:\/\/olemosaic.com\/producto\/bol-de-coco-azul-bailaora-4\/"},"modified":"2025-07-25T18:58:15","modified_gmt":"2025-07-25T16:58:15","slug":"bol-noix-de-coco-bleu-danseuse-flamenco-4","status":"publish","type":"product","link":"https:\/\/olemosaic.com\/fr\/produit\/bol-noix-de-coco-bleu-danseuse-flamenco-4\/","title":{"rendered":"Bol en noix de coco bleu. Danseuse de flamenco. Andalousie."},"content":{"rendered":"<p>Ce bol bleu en noix de coco est un souvenir extraordinaire qui capture l&rsquo;essence du folklore espagnol, particuli\u00e8rement de la culture andalouse. \u00c9labor\u00e9 \u00e0 partir d&rsquo;une coque de noix de coco, il offre une base robuste et un design \u00e0 la fois vibrant et \u00e9l\u00e9gant. Son fond bleu intense est un hommage aux ciels d\u00e9gag\u00e9s d&rsquo;Espagne, sur lequel se d\u00e9tache la silhouette blanche d&rsquo;une danseuse de flamenco en mouvement, \u00e9voquant la gr\u00e2ce et la passion du flamenco. Autour de la danseuse, un d\u00e9licat motif de mosa\u00efque compl\u00e8te l&rsquo;\u0153uvre, ajoutant une touche artistique et distinctive.<\/p>\n<p>La technique de peinture \u00e0 la main garantit que chaque bol est unique, avec des d\u00e9tails m\u00e9ticuleusement \u00e9labor\u00e9s qui refl\u00e8tent l&rsquo;authenticit\u00e9 de ce produit, repr\u00e9sentant un excellent souvenir de la culture espagnole. Ce bol est id\u00e9al tant pour d\u00e9corer la maison que pour la collection, permettant aux touristes d&#8217;emporter un morceau de la tradition espagnole. Chez Ol\u00e9 Mosaic, en tant que distributeurs de souvenirs en gros, nous proposons une large vari\u00e9t\u00e9 de produits authentiques qui mettent en valeur l&rsquo;art et la culture de l&rsquo;Espagne. Ce bol en noix de coco est une option exceptionnelle pour les boutiques de cadeaux touristiques cherchant \u00e0 offrir \u00e0 leurs clients un souvenir significatif et repr\u00e9sentatif du riche folklore espagnol.<\/p>\n","protected":false},"excerpt":{"rendered":"<p>Bol en noix de coco bleu, d\u00e9cor\u00e9 de l&rsquo;image d&rsquo;une danseuse de flamenco. Ce bol original, fabriqu\u00e9 \u00e0 partir d&rsquo;une coque de noix de coco, pr\u00e9sente un fond bleu vibrant qui sublime la silhouette blanche d&rsquo;une danseuse en mouvement, entour\u00e9e d&rsquo;un motif en mosa\u00efque. La technique de conception artisanale, peinte \u00e0 la main, et les d\u00e9tails d\u00e9licats font de ce bol un souvenir unique et repr\u00e9sentatif du riche folklore espagnol. Id\u00e9al pour la d\u00e9coration ou comme objet de collection attrayant.<\/p>\n","protected":false},"featured_media":12028,"template":"","meta":{"_acf_changed":false},"product_brand":[],"product_cat":[521],"product_tag":[],"class_list":{"0":"post-28194","1":"product","2":"type-product","3":"status-publish","4":"has-post-thumbnail","6":"product_cat-bols","7":"pa_motivo-danseurs","9":"first","10":"instock","11":"shipping-taxable","12":"product-type-simple"},"acf":[],"_links":{"self":[{"href":"https:\/\/olemosaic.com\/fr\/wp-json\/wp\/v2\/product\/28194","targetHints":{"allow":["GET"]}}],"collection":[{"href":"https:\/\/olemosaic.com\/fr\/wp-json\/wp\/v2\/product"}],"about":[{"href":"https:\/\/olemosaic.com\/fr\/wp-json\/wp\/v2\/types\/product"}],"wp:featuredmedia":[{"embeddable":true,"href":"https:\/\/olemosaic.com\/fr\/wp-json\/wp\/v2\/media\/12028"}],"wp:attachment":[{"href":"https:\/\/olemosaic.com\/fr\/wp-json\/wp\/v2\/media?parent=28194"}],"wp:term":[{"taxonomy":"product_brand","embeddable":true,"href":"https:\/\/olemosaic.com\/fr\/wp-json\/wp\/v2\/product_brand?post=28194"},{"taxonomy":"product_cat","embeddable":true,"href":"https:\/\/olemosaic.com\/fr\/wp-json\/wp\/v2\/product_cat?post=28194"},{"taxonomy":"product_tag","embeddable":true,"href":"https:\/\/olemosaic.com\/fr\/wp-json\/wp\/v2\/product_tag?post=28194"}],"curies":[{"name":"wp","href":"https:\/\/api.w.org\/{rel}","templated":true}]}}