{"id":28193,"date":"2025-02-20T23:29:51","date_gmt":"2025-02-20T22:29:51","guid":{"rendered":"http:\/\/olemosaic.com\/producto\/bol-de-coco-azul-tortuga-mallorca-5\/"},"modified":"2025-07-25T19:35:21","modified_gmt":"2025-07-25T17:35:21","slug":"bol-noix-de-coco-bleu-tortue-majorque-5","status":"publish","type":"product","link":"https:\/\/olemosaic.com\/fr\/produit\/bol-noix-de-coco-bleu-tortue-majorque-5\/","title":{"rendered":"Bol en noix de coco bleu. Tortue. Style m\u00e9diterran\u00e9en. Majorque."},"content":{"rendered":"<p>Ce bol en noix de coco bleu est un souvenir exquis qui capture l&rsquo;essence de Majorque, combinant art et nature dans un objet d\u00e9coratif unique. Fabriqu\u00e9 \u00e0 partir d&rsquo;une coque de noix de coco, ce bol a \u00e9t\u00e9 m\u00e9ticuleusement peint \u00e0 la main avec des tons bleus et dor\u00e9s vibrants, \u00e9voquant les eaux cristallines et les paysages ensoleill\u00e9s de l&rsquo;\u00eele. Au centre resplendit l&rsquo;image d&rsquo;une tortue, symbole embl\u00e9matique de la faune marine majorquine, rappelant la riche biodiversit\u00e9 de la M\u00e9diterran\u00e9e. Juste en dessous de la tortue, le mot \u00ab\u00a0MALLORCA\u00a0\u00bb est pr\u00e9sent\u00e9 avec \u00e9l\u00e9gance, renfor\u00e7ant le lien entre l&rsquo;objet et son origine.<\/p>\n<p>Avec son design attrayant et d\u00e9taill\u00e9, ce bol ne sert pas seulement de centre de table fonctionnel, mais aussi de pi\u00e8ce ornementale qui ravira tout visiteur ou amoureux de Majorque. La fusion des couleurs et la qualit\u00e9 artisanale soulignent son authenticit\u00e9, faisant de cet article un souvenir significatif pour tout touriste. Chez Ol\u00e9 Mosaic, nous nous sp\u00e9cialisons dans la distribution de souvenirs en gros, et ce bol en noix de coco bleu est un excellent choix pour ceux qui recherchent des produits uniques et repr\u00e9sentatifs de la culture majorquine. Parfait pour les boutiques de cadeaux touristiques, ce bol allie tradition et cr\u00e9ativit\u00e9, offrant un morceau de Majorque dans chaque foyer.<\/p>\n","protected":false},"excerpt":{"rendered":"<p>Bol en noix de coco bleu d\u00e9cor\u00e9 d&rsquo;un \u00e9l\u00e9gant design de tortue, symbole de la faune marine de Majorque. Cet article original est fabriqu\u00e9 \u00e0 partir d&rsquo;une coque de noix de coco, de conception artisanale, peint \u00e0 la main, avec des tons bleus et dor\u00e9s recr\u00e9ant un fond vibrant et attrayant. Au centre du bol, l&rsquo;image de la tortue se d\u00e9tache, accompagn\u00e9e du texte \u00ab\u00a0MALLORCA\u00a0\u00bb, encapsulant l&rsquo;essence de l&rsquo;\u00eele dans un objet d\u00e9coratif unique. Id\u00e9al comme centre de table ou pi\u00e8ce ornementale.<\/p>\n","protected":false},"featured_media":10155,"template":"","meta":{"_acf_changed":false},"product_brand":[],"product_cat":[521],"product_tag":[530],"class_list":{"0":"post-28193","1":"product","2":"type-product","3":"status-publish","4":"has-post-thumbnail","6":"product_cat-bols","7":"product_tag-animaux","8":"pa_ciudad-mallorca","9":"pa_motivo-tortues","10":"pa_pais-espana","12":"first","13":"instock","14":"shipping-taxable","15":"product-type-simple"},"acf":[],"_links":{"self":[{"href":"https:\/\/olemosaic.com\/fr\/wp-json\/wp\/v2\/product\/28193","targetHints":{"allow":["GET"]}}],"collection":[{"href":"https:\/\/olemosaic.com\/fr\/wp-json\/wp\/v2\/product"}],"about":[{"href":"https:\/\/olemosaic.com\/fr\/wp-json\/wp\/v2\/types\/product"}],"wp:featuredmedia":[{"embeddable":true,"href":"https:\/\/olemosaic.com\/fr\/wp-json\/wp\/v2\/media\/10155"}],"wp:attachment":[{"href":"https:\/\/olemosaic.com\/fr\/wp-json\/wp\/v2\/media?parent=28193"}],"wp:term":[{"taxonomy":"product_brand","embeddable":true,"href":"https:\/\/olemosaic.com\/fr\/wp-json\/wp\/v2\/product_brand?post=28193"},{"taxonomy":"product_cat","embeddable":true,"href":"https:\/\/olemosaic.com\/fr\/wp-json\/wp\/v2\/product_cat?post=28193"},{"taxonomy":"product_tag","embeddable":true,"href":"https:\/\/olemosaic.com\/fr\/wp-json\/wp\/v2\/product_tag?post=28193"}],"curies":[{"name":"wp","href":"https:\/\/api.w.org\/{rel}","templated":true}]}}