{"id":28176,"date":"2025-02-20T23:29:51","date_gmt":"2025-02-20T22:29:51","guid":{"rendered":"http:\/\/olemosaic.com\/producto\/bol-de-coco-azul-salamandra-barcelona-3\/"},"modified":"2025-07-25T20:29:57","modified_gmt":"2025-07-25T18:29:57","slug":"bol-noix-de-coco-bleu-salamandre-barcelone-3","status":"publish","type":"product","link":"https:\/\/olemosaic.com\/fr\/produit\/bol-noix-de-coco-bleu-salamandre-barcelone-3\/","title":{"rendered":"Bol en noix de coco bleu. Salamandre. Mosa\u00efque. Style m\u00e9diterran\u00e9en. Barcelone."},"content":{"rendered":"<p>Ce bol en noix de coco bleu est un souvenir exquis de Barcelone qui fusionne tradition et modernit\u00e9, id\u00e9al pour ceux qui recherchent un souvenir authentique de la ville. Fabriqu\u00e9 en noix de coco, cet accessoire vibrant se distingue par son design attrayant, avec un m\u00e9lange de tons bleus \u00e9voquant la mer M\u00e9diterran\u00e9e et un motif central de salamandre dans les tons marron, symbole de la culture catalane. La salamandre, figure repr\u00e9sentant la protection et la chance, est ancr\u00e9e dans le folklore local, ce qui ajoute une signification particuli\u00e8re \u00e0 ce produit.<\/p>\n<p>\u00c0 la base, le mot \u00ab\u00a0Barcelone\u00a0\u00bb est imprim\u00e9, renfor\u00e7ant son identit\u00e9 en tant que souvenir unique et repr\u00e9sentatif de la m\u00e9tropole catalane. Sa forme organique et sa finition brillante en font non seulement un objet d\u00e9coratif attrayant, mais aussi une excellente option pour ajouter une touche de couleur et d&rsquo;authenticit\u00e9 \u00e0 n&rsquo;importe quel espace, que ce soit \u00e0 la maison ou comme \u00e9l\u00e9ment distinctif dans une boutique.<\/p>\n<p>Chez Ol\u00e9 Mosaic, en tant que distributeurs de souvenirs en gros proposant des produits qui c\u00e9l\u00e8brent la diversit\u00e9 culturelle de l&rsquo;Espagne, nous garantissons que ce bol en noix de coco bleu n&rsquo;est pas seulement un magnifique souvenir, mais aussi un article qui respecte la tradition artisanale, en faisant un choix id\u00e9al pour les magasins de cadeaux touristiques recherchant qualit\u00e9 et valeur culturelle dans leurs produits.<\/p>\n","protected":false},"excerpt":{"rendered":"<p>Bol en noix de coco bleu d\u00e9cor\u00e9 d&rsquo;une salamandre, repr\u00e9sentant l&rsquo;essence de Barcelone. Cet accessoire vibrant, fabriqu\u00e9 en noix de coco, pr\u00e9sente un design attrayant dans les tons bleus et une salamandre marron comme motif central. Le mot \u00ab\u00a0Barcelone\u00a0\u00bb est imprim\u00e9 \u00e0 la base, ce qui en fait un souvenir unique et repr\u00e9sentatif de la ville. Id\u00e9al pour ajouter une touche de couleur \u00e0 n&rsquo;importe quel espace.<\/p>\n","protected":false},"featured_media":11861,"template":"","meta":{"_acf_changed":false},"product_brand":[],"product_cat":[521],"product_tag":[530],"class_list":{"0":"post-28176","1":"product","2":"type-product","3":"status-publish","4":"has-post-thumbnail","6":"product_cat-bols","7":"product_tag-animaux","8":"pa_ciudad-barcelona","9":"pa_motivo-salamandres","10":"pa_pais-espana","12":"first","13":"instock","14":"shipping-taxable","15":"product-type-simple"},"acf":[],"_links":{"self":[{"href":"https:\/\/olemosaic.com\/fr\/wp-json\/wp\/v2\/product\/28176","targetHints":{"allow":["GET"]}}],"collection":[{"href":"https:\/\/olemosaic.com\/fr\/wp-json\/wp\/v2\/product"}],"about":[{"href":"https:\/\/olemosaic.com\/fr\/wp-json\/wp\/v2\/types\/product"}],"wp:featuredmedia":[{"embeddable":true,"href":"https:\/\/olemosaic.com\/fr\/wp-json\/wp\/v2\/media\/11861"}],"wp:attachment":[{"href":"https:\/\/olemosaic.com\/fr\/wp-json\/wp\/v2\/media?parent=28176"}],"wp:term":[{"taxonomy":"product_brand","embeddable":true,"href":"https:\/\/olemosaic.com\/fr\/wp-json\/wp\/v2\/product_brand?post=28176"},{"taxonomy":"product_cat","embeddable":true,"href":"https:\/\/olemosaic.com\/fr\/wp-json\/wp\/v2\/product_cat?post=28176"},{"taxonomy":"product_tag","embeddable":true,"href":"https:\/\/olemosaic.com\/fr\/wp-json\/wp\/v2\/product_tag?post=28176"}],"curies":[{"name":"wp","href":"https:\/\/api.w.org\/{rel}","templated":true}]}}