{"id":28174,"date":"2025-02-20T23:29:50","date_gmt":"2025-02-20T22:29:50","guid":{"rendered":"http:\/\/olemosaic.com\/producto\/bol-de-coco-azul-sardina-lisboa-5\/"},"modified":"2025-07-25T18:48:19","modified_gmt":"2025-07-25T16:48:19","slug":"bol-noix-de-coco-bleu-sardine-lisbonne-5","status":"publish","type":"product","link":"https:\/\/olemosaic.com\/fr\/produit\/bol-noix-de-coco-bleu-sardine-lisbonne-5\/","title":{"rendered":"Bol en noix de coco bleu. Sardine. Lisbonne. Fond dor\u00e9."},"content":{"rendered":"<p>Ce bol en noix de coco bleu est un charmant souvenir, inspir\u00e9 par les traditions culturelles de Lisbonne, une ville riche en histoire et en couleurs. D\u00e9cor\u00e9 d&rsquo;un design vibrant dans les tons bleus et dor\u00e9s, le bol pr\u00e9sente une illustration en relief d&rsquo;une sardine, soulignant son lien avec la gastronomie locale, c\u00e9l\u00e8bre pour ses d\u00e9licieuses conserves. Le mot \u00ab\u00a0Lisbonne\u00a0\u00bb, inscrit avec \u00e9l\u00e9gance, renforce le sentiment d&rsquo;appartenance \u00e0 cette ville portugaise embl\u00e9matique. La finition \u00e9maill\u00e9e du bol offre un \u00e9clat et une \u00e9l\u00e9gance qui capturent la lumi\u00e8re de mani\u00e8re charmante, tandis que sa texture en mosa\u00efque \u00e9voque les azulejos caract\u00e9ristiques qui ornent de nombreuses rues de Lisbonne.<\/p>\n<p>Ce bol n&rsquo;est pas seulement une pi\u00e8ce d\u00e9corative, mais une repr\u00e9sentation authentique de la culture portugaise. Son design, alliant art et fonctionnalit\u00e9, en fait un cadeau id\u00e9al pour les touristes \u00e0 la recherche de souvenirs capturant l&rsquo;essence de Lisbonne. Chez Ol\u00e9 Mosaic, nous sommes sp\u00e9cialistes de la distribution de souvenirs en gros, et ce bol en noix de coco bleu se positionne comme une pi\u00e8ce essentielle pour les magasins de cadeaux touristiques cherchant \u00e0 offrir des produits uniques et repr\u00e9sentatifs. Avec chaque bol, l&rsquo;opportunit\u00e9 est offerte d&#8217;emporter un souvenir significatif qui \u00e9voque l&rsquo;esprit vibrant de Lisbonne.<\/p>\n","protected":false},"excerpt":{"rendered":"<p>Bol en noix de coco bleu inspir\u00e9 des traditions de Lisbonne, d\u00e9cor\u00e9 d&rsquo;un design vibrant dans les tons bleus et dor\u00e9s. Ce magnifique bol pr\u00e9sente une illustration en relief d&rsquo;une sardine, accompagn\u00e9e du mot \u00ab\u00a0Lisbonne\u00a0\u00bb, le tout encadr\u00e9 dans une finition \u00e9maill\u00e9e qui lui apporte \u00e9clat et \u00e9l\u00e9gance. Sa texture en mosa\u00efque \u00e9voque les azulejos caract\u00e9ristiques de la ville, en faisant un authentique souvenir repr\u00e9sentatif de la culture portugaise.<\/p>\n","protected":false},"featured_media":10111,"template":"","meta":{"_acf_changed":false},"product_brand":[],"product_cat":[521],"product_tag":[530],"class_list":{"0":"post-28174","1":"product","2":"type-product","3":"status-publish","4":"has-post-thumbnail","6":"product_cat-bols","7":"product_tag-animaux","8":"pa_ciudad-lisboa","9":"pa_motivo-sardines","10":"pa_pais-portugal","12":"first","13":"instock","14":"shipping-taxable","15":"product-type-simple"},"acf":[],"_links":{"self":[{"href":"https:\/\/olemosaic.com\/fr\/wp-json\/wp\/v2\/product\/28174","targetHints":{"allow":["GET"]}}],"collection":[{"href":"https:\/\/olemosaic.com\/fr\/wp-json\/wp\/v2\/product"}],"about":[{"href":"https:\/\/olemosaic.com\/fr\/wp-json\/wp\/v2\/types\/product"}],"wp:featuredmedia":[{"embeddable":true,"href":"https:\/\/olemosaic.com\/fr\/wp-json\/wp\/v2\/media\/10111"}],"wp:attachment":[{"href":"https:\/\/olemosaic.com\/fr\/wp-json\/wp\/v2\/media?parent=28174"}],"wp:term":[{"taxonomy":"product_brand","embeddable":true,"href":"https:\/\/olemosaic.com\/fr\/wp-json\/wp\/v2\/product_brand?post=28174"},{"taxonomy":"product_cat","embeddable":true,"href":"https:\/\/olemosaic.com\/fr\/wp-json\/wp\/v2\/product_cat?post=28174"},{"taxonomy":"product_tag","embeddable":true,"href":"https:\/\/olemosaic.com\/fr\/wp-json\/wp\/v2\/product_tag?post=28174"}],"curies":[{"name":"wp","href":"https:\/\/api.w.org\/{rel}","templated":true}]}}