{"id":28173,"date":"2025-02-20T23:29:50","date_gmt":"2025-02-20T22:29:50","guid":{"rendered":"http:\/\/olemosaic.com\/producto\/bol-de-coco-azul-salamandra-3\/"},"modified":"2025-07-25T18:49:43","modified_gmt":"2025-07-25T16:49:43","slug":"bol-noix-de-coco-bleu-salamandre-3","status":"publish","type":"product","link":"https:\/\/olemosaic.com\/fr\/produit\/bol-noix-de-coco-bleu-salamandre-3\/","title":{"rendered":"Bol en noix de coco bleu. Salamandre. Style m\u00e9diterran\u00e9en."},"content":{"rendered":"<p>Ce bol en noix de coco bleu est un charmant souvenir, inspir\u00e9 par la riche tradition artisanale portugaise. \u00c9labor\u00e9 en c\u00e9ramique, il se distingue par son fond noir vibrant parsem\u00e9 de nuances bleut\u00e9es et verd\u00e2tres, cr\u00e9ant un effet visuel saisissant. Au centre, une salamandre avec un effet peint \u00e0 la main dans un bleu intense est la protagoniste du design, symbole de renouveau et de transformation dans diverses cultures. Cette touche distinctive transforme le bol en un objet fonctionnel pour servir des ap\u00e9ritifs et en une pi\u00e8ce d\u00e9corative qui \u00e9voque le folklore portugais. Encadrant le design, un magnifique motif de c\u0153urs lui donne un air accueillant et festif, reflet de l&rsquo;hospitalit\u00e9 typique de la r\u00e9gion. Cette pi\u00e8ce est une excellente option pour ceux qui recherchent des souvenirs authentiques et repr\u00e9sentatifs du Portugal, allant au-del\u00e0 des articles touristiques typiques. Chez Ol\u00e9 Mosaic, en tant que grossistes de souvenirs, nous proposons des produits de qualit\u00e9 qui c\u00e9l\u00e8brent la culture et l&rsquo;artisanat local, garantissant que chaque bol en noix de coco bleu soit un ajout pr\u00e9cieux pour tout magasin de cadeaux touristiques.<\/p>\n","protected":false},"excerpt":{"rendered":"<p>Bol en noix de coco bleu d\u00e9cor\u00e9 d&rsquo;un motif de salamandre, inspir\u00e9 de la tradition artisanale portugaise. Cette charmante pi\u00e8ce, \u00e9labor\u00e9e en c\u00e9ramique, pr\u00e9sente un fond noir parsem\u00e9 de tons bleus et verts, encadr\u00e9 par un motif de c\u0153urs. La salamandre, au design artisanal peint \u00e0 la main dans un bleu vibrant, ajoute une touche distinctive et symbolique. Parfait pour servir des ap\u00e9ritifs ou comme \u00e9l\u00e9ment d\u00e9coratif \u00e9voquant la riche culture et le folklore de la r\u00e9gion.<\/p>\n","protected":false},"featured_media":10167,"template":"","meta":{"_acf_changed":false},"product_brand":[],"product_cat":[521],"product_tag":[530],"class_list":{"0":"post-28173","1":"product","2":"type-product","3":"status-publish","4":"has-post-thumbnail","6":"product_cat-bols","7":"product_tag-animaux","8":"pa_motivo-salamandres","10":"first","11":"instock","12":"shipping-taxable","13":"product-type-simple"},"acf":[],"_links":{"self":[{"href":"https:\/\/olemosaic.com\/fr\/wp-json\/wp\/v2\/product\/28173","targetHints":{"allow":["GET"]}}],"collection":[{"href":"https:\/\/olemosaic.com\/fr\/wp-json\/wp\/v2\/product"}],"about":[{"href":"https:\/\/olemosaic.com\/fr\/wp-json\/wp\/v2\/types\/product"}],"wp:featuredmedia":[{"embeddable":true,"href":"https:\/\/olemosaic.com\/fr\/wp-json\/wp\/v2\/media\/10167"}],"wp:attachment":[{"href":"https:\/\/olemosaic.com\/fr\/wp-json\/wp\/v2\/media?parent=28173"}],"wp:term":[{"taxonomy":"product_brand","embeddable":true,"href":"https:\/\/olemosaic.com\/fr\/wp-json\/wp\/v2\/product_brand?post=28173"},{"taxonomy":"product_cat","embeddable":true,"href":"https:\/\/olemosaic.com\/fr\/wp-json\/wp\/v2\/product_cat?post=28173"},{"taxonomy":"product_tag","embeddable":true,"href":"https:\/\/olemosaic.com\/fr\/wp-json\/wp\/v2\/product_tag?post=28173"}],"curies":[{"name":"wp","href":"https:\/\/api.w.org\/{rel}","templated":true}]}}