{"id":28172,"date":"2025-02-20T22:29:50","date_gmt":"2025-02-20T22:29:50","guid":{"rendered":"http:\/\/olemosaic.com\/producto\/bol-de-coco-azul-camello-fuerteventura\/"},"modified":"2025-07-25T19:25:03","modified_gmt":"2025-07-25T17:25:03","slug":"bol-noix-de-coco-bleu-chameau-fuerteventura","status":"publish","type":"product","link":"https:\/\/olemosaic.com\/fr\/produit\/bol-noix-de-coco-bleu-chameau-fuerteventura\/","title":{"rendered":"Bol en noix de coco bleu. Chameau. Fuerteventura."},"content":{"rendered":"<p>Ce bol en noix de coco bleu est un souvenir \u00e9l\u00e9gant et distinctif de Fuerteventura, con\u00e7u pour capturer l&rsquo;essence de la beaut\u00e9 naturelle de l&rsquo;archipel des Canaries. Son fini aux tons bleus, compl\u00e9t\u00e9 par des d\u00e9tails de forme irr\u00e9guli\u00e8re, \u00e9voque le paysage volcanique et les roches impressionnantes qui caract\u00e9risent l&rsquo;\u00eele. Le bol pr\u00e9sente un motif de chameau frappant, un animal embl\u00e9matique de la r\u00e9gion, qui ajoute une touche exotique et culturelle \u00e0 l&rsquo;objet. Sa forme unique et organique n&rsquo;en fait pas seulement une pi\u00e8ce d\u00e9corative impressionnante, mais elle est \u00e9galement id\u00e9ale pour servir des ap\u00e9ritifs en toute occasion.<\/p>\n<p>Fabriqu\u00e9 \u00e0 partir de noix de coco, ce bol se distingue par sa durabilit\u00e9 et son authenticit\u00e9, \u00e9tant un v\u00e9ritable repr\u00e9sentant de l&rsquo;artisanat canarien. La combinaison de son esth\u00e9tique vibrante et de sa connexion culturelle le rend parfait pour les touristes \u00e0 la recherche d&rsquo;un souvenir significatif et repr\u00e9sentatif de Fuerteventura. Chez Ol\u00e9 Mosaic, nous nous sp\u00e9cialisons dans la distribution de souvenirs en gros, et ce bol en noix de coco bleu est une option exceptionnelle pour les magasins de cadeaux touristiques souhaitant proposer des produits uniques et de haute qualit\u00e9. En tant que grossiste de souvenirs, nous garantissons que chaque pi\u00e8ce souligne le riche h\u00e9ritage culturel des \u00eeles Canaries, faisant de ce bol une acquisition incontournable.<\/p>\n","protected":false},"excerpt":{"rendered":"<p>Bol en noix de coco bleu d\u00e9cor\u00e9 d&rsquo;un motif de chameau frappant, une ic\u00f4ne de Fuerteventura. Cet \u00e9l\u00e9gant bol pr\u00e9sente une finition dans les tons bleus avec des d\u00e9tails irr\u00e9guliers \u00e9voquant les rochers et le paysage de l&rsquo;archipel des Canaries. Fabriqu\u00e9 \u00e0 partir de noix de coco, sa forme unique se distingue sur la table, et le motif du chameau s&rsquo;int\u00e8gre parfaitement \u00e0 son esth\u00e9tique. Id\u00e9al pour d\u00e9corer ou servir des ap\u00e9ritifs en toute occasion.<\/p>\n","protected":false},"featured_media":11992,"template":"","meta":{"_acf_changed":false},"product_brand":[],"product_cat":[521],"product_tag":[530],"class_list":{"0":"post-28172","1":"product","2":"type-product","3":"status-publish","4":"has-post-thumbnail","6":"product_cat-bols","7":"product_tag-animaux","8":"pa_ciudad-fuerteventura","9":"pa_motivo-chameaux","10":"pa_pais-espana","12":"first","13":"instock","14":"shipping-taxable","15":"product-type-simple"},"acf":[],"_links":{"self":[{"href":"https:\/\/olemosaic.com\/fr\/wp-json\/wp\/v2\/product\/28172","targetHints":{"allow":["GET"]}}],"collection":[{"href":"https:\/\/olemosaic.com\/fr\/wp-json\/wp\/v2\/product"}],"about":[{"href":"https:\/\/olemosaic.com\/fr\/wp-json\/wp\/v2\/types\/product"}],"wp:featuredmedia":[{"embeddable":true,"href":"https:\/\/olemosaic.com\/fr\/wp-json\/wp\/v2\/media\/11992"}],"wp:attachment":[{"href":"https:\/\/olemosaic.com\/fr\/wp-json\/wp\/v2\/media?parent=28172"}],"wp:term":[{"taxonomy":"product_brand","embeddable":true,"href":"https:\/\/olemosaic.com\/fr\/wp-json\/wp\/v2\/product_brand?post=28172"},{"taxonomy":"product_cat","embeddable":true,"href":"https:\/\/olemosaic.com\/fr\/wp-json\/wp\/v2\/product_cat?post=28172"},{"taxonomy":"product_tag","embeddable":true,"href":"https:\/\/olemosaic.com\/fr\/wp-json\/wp\/v2\/product_tag?post=28172"}],"curies":[{"name":"wp","href":"https:\/\/api.w.org\/{rel}","templated":true}]}}