{"id":28156,"date":"2025-02-20T23:29:50","date_gmt":"2025-02-20T22:29:50","guid":{"rendered":"http:\/\/olemosaic.com\/producto\/bol-de-coco-azul-sagrada-familia-barcelona-2\/"},"modified":"2025-07-25T20:21:41","modified_gmt":"2025-07-25T18:21:41","slug":"bol-noix-de-coco-bleu-sagrada-familia-barcelone-2","status":"publish","type":"product","link":"https:\/\/olemosaic.com\/fr\/produit\/bol-noix-de-coco-bleu-sagrada-familia-barcelone-2\/","title":{"rendered":"Bol en noix de coco bleu. Sagrada Familia. Gaudi. Barcelone. Catalogne."},"content":{"rendered":"<p>Ce bol bleu en noix de coco est un souvenir \u00e9l\u00e9gant qui capture l&rsquo;essence unique de Barcelone, inspir\u00e9 par l&rsquo;iconique Sagrada Familia. Fabriqu\u00e9 avec un mat\u00e9riau naturel, ce bol attrayant pr\u00e9sente un ton bleu vibrant qui \u00e9voque les mosa\u00efques color\u00e9es du chef-d&rsquo;\u0153uvre d&rsquo;Antoni Gaud\u00ed. Au centre, un logo distinctif montre la silhouette de la cath\u00e9drale, se d\u00e9tachant sur un fond qui combine la beaut\u00e9 du bleu avec des motifs imitant les c\u00e9ramiques spectaculaires de la ville.<\/p>\n<p>Le bol poss\u00e8de \u00e9galement une finition brillante, qui rehausse son esth\u00e9tique et lui donne une touche de sophistication, en faisant non seulement un objet d\u00e9coratif, mais aussi une pi\u00e8ce fonctionnelle. Id\u00e9al pour ranger de petits objets ou comme centre de table dans diverses d\u00e9corations d&rsquo;int\u00e9rieur, ce bol est un souvenir embl\u00e9matique de l&rsquo;architecture moderniste de Barcelone.<\/p>\n<p>Chez Ol\u00e9 Mosaic, nous sommes fiers d&rsquo;\u00eatre des distributeurs de souvenirs authentiques, et ce bol en noix de coco est une option parfaite pour les boutiques de cadeaux touristiques \u00e0 la recherche de produits refl\u00e9tant la culture locale. Avec sa connexion unique \u00e0 la Sagrada Familia et sa beaut\u00e9 saisissante, ce bol bleu est un cadeau id\u00e9al pour les touristes souhaitant emporter un morceau de l&rsquo;histoire et de l&rsquo;art de Barcelone.<\/p>\n","protected":false},"excerpt":{"rendered":"<p>Bol en noix de coco dans un bleu vibrant, d\u00e9cor\u00e9 d&rsquo;un design inspir\u00e9 par la Sagrada Familia de Barcelone. Cet objet attrayant combine l&rsquo;authenticit\u00e9 du mat\u00e9riau naturel avec des \u00e9l\u00e9ments d\u00e9coratifs \u00e9voquant la c\u00e9l\u00e8bre \u0153uvre de Gaud\u00ed. Avec un logo central mettant en valeur la silhouette de la cath\u00e9drale, le bol pr\u00e9sente une finition brillante et des d\u00e9tails imitant les c\u00e9ramiques color\u00e9es de la ville. Id\u00e9al comme souvenir ou \u00e9l\u00e9ment d\u00e9coratif pour n&rsquo;importe quel environnement.<\/p>\n","protected":false},"featured_media":12020,"template":"","meta":{"_acf_changed":false},"product_brand":[],"product_cat":[521],"product_tag":[],"class_list":{"0":"post-28156","1":"product","2":"type-product","3":"status-publish","4":"has-post-thumbnail","6":"product_cat-bols","7":"pa_ciudad-barcelona","8":"pa_motivo-sagrada-familia","9":"pa_pais-espana","11":"first","12":"instock","13":"shipping-taxable","14":"product-type-simple"},"acf":[],"_links":{"self":[{"href":"https:\/\/olemosaic.com\/fr\/wp-json\/wp\/v2\/product\/28156","targetHints":{"allow":["GET"]}}],"collection":[{"href":"https:\/\/olemosaic.com\/fr\/wp-json\/wp\/v2\/product"}],"about":[{"href":"https:\/\/olemosaic.com\/fr\/wp-json\/wp\/v2\/types\/product"}],"wp:featuredmedia":[{"embeddable":true,"href":"https:\/\/olemosaic.com\/fr\/wp-json\/wp\/v2\/media\/12020"}],"wp:attachment":[{"href":"https:\/\/olemosaic.com\/fr\/wp-json\/wp\/v2\/media?parent=28156"}],"wp:term":[{"taxonomy":"product_brand","embeddable":true,"href":"https:\/\/olemosaic.com\/fr\/wp-json\/wp\/v2\/product_brand?post=28156"},{"taxonomy":"product_cat","embeddable":true,"href":"https:\/\/olemosaic.com\/fr\/wp-json\/wp\/v2\/product_cat?post=28156"},{"taxonomy":"product_tag","embeddable":true,"href":"https:\/\/olemosaic.com\/fr\/wp-json\/wp\/v2\/product_tag?post=28156"}],"curies":[{"name":"wp","href":"https:\/\/api.w.org\/{rel}","templated":true}]}}