{"id":28155,"date":"2025-02-20T22:29:50","date_gmt":"2025-02-20T22:29:50","guid":{"rendered":"http:\/\/olemosaic.com\/producto\/bol-de-coco-azul-isla-menorca\/"},"modified":"2025-07-25T20:28:38","modified_gmt":"2025-07-25T18:28:38","slug":"bol-noix-de-coco-bleu-ile-minorque","status":"publish","type":"product","link":"https:\/\/olemosaic.com\/fr\/produit\/bol-noix-de-coco-bleu-ile-minorque\/","title":{"rendered":"Bol en noix de coco bleu. \u00cele. Minorque."},"content":{"rendered":"<p>Ce bol en noix de coco bleu est un v\u00e9ritable tr\u00e9sor de Minorque, con\u00e7u pour capturer l&rsquo;essence de cette \u00eele m\u00e9diterran\u00e9enne. \u00c9labor\u00e9 avec de la noix de coco de haute qualit\u00e9, son int\u00e9rieur pr\u00e9sente une palette fra\u00eeche de bleus qui \u00e9voque les eaux cristallines baignant les c\u00f4tes de Minorque. Les d\u00e9tails dans des tons plus clairs cr\u00e9ent un effet visuel harmonieux, rappelant les vagues caressant doucement le rivage. Au centre, la silhouette dor\u00e9e de Minorque ressort avec \u00e9l\u00e9gance, offrant un contraste fascinant qui ajoute une touche de sophistication au design.<\/p>\n<p>Ce souvenir n&rsquo;est pas seulement attrayant \u00e0 l&rsquo;\u0153il, mais il refl\u00e8te \u00e9galement la riche culture et la nature de l&rsquo;\u00eele, en faisant un souvenir significatif de l&rsquo;exp\u00e9rience de Minorque. Que ce soit comme \u00e9l\u00e9ment d\u00e9coratif ou pour servir de d\u00e9licieux ap\u00e9ritifs, ce bol repr\u00e9sente un morceau de Minorque que les touristes voudront emporter avec eux. Chez Ol\u00e9 Mosaic, nous nous sp\u00e9cialisons dans la distribution de souvenirs en gros, et ce bol en noix de coco est une excellente option pour les boutiques de cadeaux touristiques \u00e0 la recherche de produits authentiques et culturels. Parfait pour ceux qui souhaitent offrir \u00e0 leurs clients des souvenirs uniques et repr\u00e9sentatifs de Minorque, ce qui en fait un incontournable de toute collection de souvenirs.<\/p>\n","protected":false},"excerpt":{"rendered":"<p>Bol en noix de coco bleu d\u00e9cor\u00e9 d&rsquo;un design \u00e9l\u00e9gant inspir\u00e9 par la beaut\u00e9 naturelle de Minorque. Ce bol attrayant, \u00e9labor\u00e9 en noix de coco, pr\u00e9sente une finition int\u00e9rieure dans des tons bleus qui \u00e9voque les eaux cristallines de l&rsquo;\u00eele. Au centre, la silhouette de Minorque en dor\u00e9 se d\u00e9tache, cr\u00e9ant un contraste visuel charmant. Un souvenir id\u00e9al pour ramener un morceau de cette belle \u00eele m\u00e9diterran\u00e9enne chez soi.<\/p>\n","protected":false},"featured_media":11897,"template":"","meta":{"_acf_changed":false},"product_brand":[],"product_cat":[521],"product_tag":[],"class_list":{"0":"post-28155","1":"product","2":"type-product","3":"status-publish","4":"has-post-thumbnail","6":"product_cat-bols","7":"pa_ciudad-menorca","8":"pa_motivo-iles","9":"pa_pais-espana","11":"first","12":"instock","13":"shipping-taxable","14":"product-type-simple"},"acf":[],"_links":{"self":[{"href":"https:\/\/olemosaic.com\/fr\/wp-json\/wp\/v2\/product\/28155","targetHints":{"allow":["GET"]}}],"collection":[{"href":"https:\/\/olemosaic.com\/fr\/wp-json\/wp\/v2\/product"}],"about":[{"href":"https:\/\/olemosaic.com\/fr\/wp-json\/wp\/v2\/types\/product"}],"wp:featuredmedia":[{"embeddable":true,"href":"https:\/\/olemosaic.com\/fr\/wp-json\/wp\/v2\/media\/11897"}],"wp:attachment":[{"href":"https:\/\/olemosaic.com\/fr\/wp-json\/wp\/v2\/media?parent=28155"}],"wp:term":[{"taxonomy":"product_brand","embeddable":true,"href":"https:\/\/olemosaic.com\/fr\/wp-json\/wp\/v2\/product_brand?post=28155"},{"taxonomy":"product_cat","embeddable":true,"href":"https:\/\/olemosaic.com\/fr\/wp-json\/wp\/v2\/product_cat?post=28155"},{"taxonomy":"product_tag","embeddable":true,"href":"https:\/\/olemosaic.com\/fr\/wp-json\/wp\/v2\/product_tag?post=28155"}],"curies":[{"name":"wp","href":"https:\/\/api.w.org\/{rel}","templated":true}]}}