{"id":28154,"date":"2025-02-20T22:29:50","date_gmt":"2025-02-20T22:29:50","guid":{"rendered":"http:\/\/olemosaic.com\/producto\/bol-de-coco-azul-caballito-de-mar-mallorca-3\/"},"modified":"2025-07-25T19:03:15","modified_gmt":"2025-07-25T17:03:15","slug":"bol-noix-de-coco-bleu-hippocampe-majorque-3","status":"publish","type":"product","link":"https:\/\/olemosaic.com\/fr\/produit\/bol-noix-de-coco-bleu-hippocampe-majorque-3\/","title":{"rendered":"Bol en noix de coco bleu. Hippocampe. Majorque."},"content":{"rendered":"<p>Ce bol en noix de coco bleu est un v\u00e9ritable tr\u00e9sor artisanal qui capture l&rsquo;essence de Majorque. Con\u00e7u avec une magnifique mosa\u00efque pr\u00e9sentant des tons bleus et des c\u0153urs color\u00e9s vibrants, cet objet n&rsquo;est pas seulement fonctionnel, mais aussi une pi\u00e8ce d\u00e9corative qui \u00e9voque la beaut\u00e9 de la mer M\u00e9diterran\u00e9e. Au centre, un charmant hippocampe stylis\u00e9 ressort avec \u00e9l\u00e9gance, flanqu\u00e9 du mot \u00ab MALLORCA \u00bb en dor\u00e9, apportant une touche de distinction \u00e0 ce souvenir extraordinaire.<\/p>\n<p>La base en noix de coco, polie \u00e0 la main, pr\u00e9sente une finition brillante qui rehausse les d\u00e9tails color\u00e9s de la mosa\u00efque, faisant de chaque bol un exemplaire unique. L&rsquo;hippocampe, symbole de l&rsquo;environnement marin, repr\u00e9sente la riche vie marine qui entoure l&rsquo;\u00eele, tandis que les c\u0153urs color\u00e9s ajoutent un air de joie et de fra\u00eecheur, refl\u00e9tant la chaleur de ses habitants et la beaut\u00e9 de ses paysages.<\/p>\n<p>Ce bol n&rsquo;est pas seulement le souvenir parfait pour ceux qui visitent Majorque, mais il capture \u00e9galement l&rsquo;authenticit\u00e9 de la culture locale, en faisant un souvenir enviable. Chez Ol\u00e9 Mosaic, nous nous consacrons \u00e0 la distribution de souvenirs en gros, offrant des produits qui c\u00e9l\u00e8brent la tradition et l&rsquo;artisanat espagnol. Ce bol en noix de coco bleu est id\u00e9al pour les boutiques de cadeaux touristiques cherchant \u00e0 offrir des souvenirs authentiques de Majorque, combinant art, culture et nostalgie dans un seul produit.<\/p>\n","protected":false},"excerpt":{"rendered":"<p>Bol en noix de coco bleu d\u00e9cor\u00e9 d&rsquo;un charmant hippocampe, inspir\u00e9 par la beaut\u00e9 de Majorque. Ce produit artisanal pr\u00e9sente une base en noix de coco avec un design de mosa\u00efque dans des tons bleus et des c\u0153urs joyeux. Au centre, un hippocampe stylis\u00e9 est accompagn\u00e9 du texte \u00ab\u00a0MALLORCA\u00a0\u00bb en dor\u00e9. Sa finition polie et originale en fait un souvenir remarquable qui \u00e9voque la mer M\u00e9diterran\u00e9e et la culture de l&rsquo;\u00eele.<\/p>\n","protected":false},"featured_media":10343,"template":"","meta":{"_acf_changed":false},"product_brand":[],"product_cat":[521],"product_tag":[530],"class_list":{"0":"post-28154","1":"product","2":"type-product","3":"status-publish","4":"has-post-thumbnail","6":"product_cat-bols","7":"product_tag-animaux","8":"pa_ciudad-mallorca","9":"pa_motivo-hippocampes","10":"pa_pais-espana","12":"first","13":"instock","14":"shipping-taxable","15":"product-type-simple"},"acf":[],"_links":{"self":[{"href":"https:\/\/olemosaic.com\/fr\/wp-json\/wp\/v2\/product\/28154","targetHints":{"allow":["GET"]}}],"collection":[{"href":"https:\/\/olemosaic.com\/fr\/wp-json\/wp\/v2\/product"}],"about":[{"href":"https:\/\/olemosaic.com\/fr\/wp-json\/wp\/v2\/types\/product"}],"wp:featuredmedia":[{"embeddable":true,"href":"https:\/\/olemosaic.com\/fr\/wp-json\/wp\/v2\/media\/10343"}],"wp:attachment":[{"href":"https:\/\/olemosaic.com\/fr\/wp-json\/wp\/v2\/media?parent=28154"}],"wp:term":[{"taxonomy":"product_brand","embeddable":true,"href":"https:\/\/olemosaic.com\/fr\/wp-json\/wp\/v2\/product_brand?post=28154"},{"taxonomy":"product_cat","embeddable":true,"href":"https:\/\/olemosaic.com\/fr\/wp-json\/wp\/v2\/product_cat?post=28154"},{"taxonomy":"product_tag","embeddable":true,"href":"https:\/\/olemosaic.com\/fr\/wp-json\/wp\/v2\/product_tag?post=28154"}],"curies":[{"name":"wp","href":"https:\/\/api.w.org\/{rel}","templated":true}]}}