{"id":28152,"date":"2025-02-20T23:29:49","date_gmt":"2025-02-20T22:29:49","guid":{"rendered":"http:\/\/olemosaic.com\/producto\/bol-de-coco-azul-tortuga-barcelona-2\/"},"modified":"2025-07-25T20:07:37","modified_gmt":"2025-07-25T18:07:37","slug":"bol-noix-de-coco-bleu-tortue-barcelone-2","status":"publish","type":"product","link":"https:\/\/olemosaic.com\/fr\/produit\/bol-noix-de-coco-bleu-tortue-barcelone-2\/","title":{"rendered":"Bol en noix de coco bleu. Tortue. Barcelone."},"content":{"rendered":"<p>Ce bol en noix de coco bleu est un souvenir captivant qui \u00e9voque la beaut\u00e9 impressionnante de la mer M\u00e9diterran\u00e9e, directement inspir\u00e9 par la ville vibrante de Barcelone. Chaque pi\u00e8ce, avec son effet peint \u00e0 la main, assure un design unique ; au centre, une charmante tortue marine, symbole de la vie aquatique de la r\u00e9gion, se d\u00e9tache sur un bord d\u00e9cor\u00e9 de c\u0153urs et de mosa\u00efques dans diff\u00e9rents tons de bleu refl\u00e9tant la profondeur et le mouvement de la mer. La finition brillante du bol apporte non seulement une touche de sophistication, mais rehausse \u00e9galement les d\u00e9tails complexes de la d\u00e9coration, en faisant un objet id\u00e9al tant pour un usage fonctionnel que d\u00e9coratif.<\/p>\n<p>Ce bol, qui capture l&rsquo;essence de la M\u00e9diterran\u00e9e, est un excellent souvenir pour ceux qui visitent Barcelone, car il repr\u00e9sente non seulement la vie marine de la r\u00e9gion, mais aussi l&rsquo;art et la culture locale \u00e0 travers son design. Chaque bol est un v\u00e9ritable hommage au patrimoine artistique catalan et une excellente option pour les touristes \u00e0 la recherche d&rsquo;un souvenir significatif. Chez Ol\u00e9 Mosaic, nous distribuons des souvenirs authentiques, et ce bol en noix de coco bleu est un ajout parfait pour les boutiques de cadeaux touristiques souhaitant proposer des produits uniques et repr\u00e9sentatifs. Un bol qui allie esth\u00e9tique, fonctionnalit\u00e9 et culture, id\u00e9al pour ramener un morceau de Barcelone chez soi.<\/p>\n","protected":false},"excerpt":{"rendered":"<p>Bol en noix de coco bleu inspir\u00e9 par la beaut\u00e9 de la mer M\u00e9diterran\u00e9e \u00e0 Barcelone. Ce bol \u00e9l\u00e9gant, au design artisanal et peint \u00e0 la main, pr\u00e9sente une tortue au centre et un bord d\u00e9cor\u00e9 de c\u0153urs et de mosa\u00efques dans diff\u00e9rents tons de bleu. La combinaison de sa finition brillante et de la th\u00e9matique marine en fait un souvenir attrayant qui capture l&rsquo;essence de la r\u00e9gion. Parfait pour d\u00e9corer ou comme cadeau.<\/p>\n","protected":false},"featured_media":10275,"template":"","meta":{"_acf_changed":false},"product_brand":[],"product_cat":[521],"product_tag":[530],"class_list":{"0":"post-28152","1":"product","2":"type-product","3":"status-publish","4":"has-post-thumbnail","6":"product_cat-bols","7":"product_tag-animaux","8":"pa_ciudad-barcelona","9":"pa_motivo-tortues","10":"pa_pais-espana","12":"first","13":"instock","14":"shipping-taxable","15":"product-type-simple"},"acf":[],"_links":{"self":[{"href":"https:\/\/olemosaic.com\/fr\/wp-json\/wp\/v2\/product\/28152","targetHints":{"allow":["GET"]}}],"collection":[{"href":"https:\/\/olemosaic.com\/fr\/wp-json\/wp\/v2\/product"}],"about":[{"href":"https:\/\/olemosaic.com\/fr\/wp-json\/wp\/v2\/types\/product"}],"wp:featuredmedia":[{"embeddable":true,"href":"https:\/\/olemosaic.com\/fr\/wp-json\/wp\/v2\/media\/10275"}],"wp:attachment":[{"href":"https:\/\/olemosaic.com\/fr\/wp-json\/wp\/v2\/media?parent=28152"}],"wp:term":[{"taxonomy":"product_brand","embeddable":true,"href":"https:\/\/olemosaic.com\/fr\/wp-json\/wp\/v2\/product_brand?post=28152"},{"taxonomy":"product_cat","embeddable":true,"href":"https:\/\/olemosaic.com\/fr\/wp-json\/wp\/v2\/product_cat?post=28152"},{"taxonomy":"product_tag","embeddable":true,"href":"https:\/\/olemosaic.com\/fr\/wp-json\/wp\/v2\/product_tag?post=28152"}],"curies":[{"name":"wp","href":"https:\/\/api.w.org\/{rel}","templated":true}]}}