{"id":28141,"date":"2025-02-20T23:29:49","date_gmt":"2025-02-20T22:29:49","guid":{"rendered":"http:\/\/olemosaic.com\/producto\/bol-de-coco-azul-ibiscus-4\/"},"modified":"2025-07-25T19:23:02","modified_gmt":"2025-07-25T17:23:02","slug":"bol-noix-de-coco-bleu-hibiscus-fr","status":"publish","type":"product","link":"https:\/\/olemosaic.com\/fr\/produit\/bol-noix-de-coco-bleu-hibiscus-fr\/","title":{"rendered":"Bol en noix de coco bleu. Hibiscus. Style m\u00e9diterran\u00e9en."},"content":{"rendered":"<p>Ce bol en noix de coco bleu d\u00e9cor\u00e9 est une pi\u00e8ce unique qui captivera les amateurs de design et de culture. Id\u00e9al comme centre de table ou pour servir des ap\u00e9ritifs, cet article artisanal allie beaut\u00e9 et fonctionnalit\u00e9. Son design met en avant un motif vibrant d&rsquo;hibiscus au centre, \u00e9voquant la fra\u00eecheur et l&rsquo;esprit tropical qui caract\u00e9risent les r\u00e9gions chaudes. Les bords de la pi\u00e8ce sont orn\u00e9s de mosa\u00efques color\u00e9es, incluant des tons bleus, verts, roses et jaunes, cr\u00e9ant un contraste visuel attrayant qui rehausse chaque d\u00e9tail.<\/p>\n<p>La fabrication de ce bol est enti\u00e8rement r\u00e9alis\u00e9e \u00e0 la main, ce qui garantit son authenticit\u00e9 et sa singularit\u00e9. L&rsquo;utilisation de tons bleus profonds, associ\u00e9s aux nuances chaudes des mosa\u00efques, conf\u00e8re \u00e0 la pi\u00e8ce une atmosph\u00e8re relaxante, parfaite pour toute occasion. De plus, l&rsquo;hibiscus, symbole de beaut\u00e9 et de d\u00e9licatesse, s&rsquo;int\u00e8gre harmonieusement dans le design, faisant de ce bol un \u00e9l\u00e9ment repr\u00e9sentatif des cultures tropicales.<\/p>\n<p>Chez Ol\u00e9 Mosaic, en tant que grossiste de souvenirs authentiques, ce bol en noix de coco bleu est une excellente option pour les boutiques de cadeaux touristiques cherchant \u00e0 offrir \u00e0 leurs clients des souvenirs qui, en plus d&rsquo;\u00eatre esth\u00e9tiquement attrayants, poss\u00e8dent une connexion culturelle significative. Ce bol refl\u00e8te l&rsquo;essence des souvenirs tropicaux, devenant un cadeau id\u00e9al pour ceux qui souhaitent emporter un morceau de la culture et de la beaut\u00e9 des tropiques chez eux.<\/p>\n","protected":false},"excerpt":{"rendered":"<p>Bol en noix de coco bleu d\u00e9cor\u00e9 d&rsquo;un motif vibrant d&rsquo;hibiscus au centre, id\u00e9al comme centre de table ou pour servir des ap\u00e9ritifs. Cet article artisanal pr\u00e9sente un design unique avec des mosa\u00efques color\u00e9es bordant la pi\u00e8ce, \u00e9voquant une ambiance tropicale. Fabriqu\u00e9 \u00e0 la main, le bol se distingue par ses tons bleus et ses d\u00e9tails chaleureux, int\u00e9grant l&rsquo;esth\u00e9tique \u00e0 la fonctionnalit\u00e9 dans un objet qui refl\u00e8te l&rsquo;esprit relaxant des climats chauds.<\/p>\n","protected":false},"featured_media":13478,"template":"","meta":{"_acf_changed":false},"product_brand":[],"product_cat":[521],"product_tag":[],"class_list":{"0":"post-28141","1":"product","2":"type-product","3":"status-publish","4":"has-post-thumbnail","6":"product_cat-bols","7":"pa_motivo-hibiscus","9":"first","10":"instock","11":"shipping-taxable","12":"product-type-simple"},"acf":[],"_links":{"self":[{"href":"https:\/\/olemosaic.com\/fr\/wp-json\/wp\/v2\/product\/28141","targetHints":{"allow":["GET"]}}],"collection":[{"href":"https:\/\/olemosaic.com\/fr\/wp-json\/wp\/v2\/product"}],"about":[{"href":"https:\/\/olemosaic.com\/fr\/wp-json\/wp\/v2\/types\/product"}],"wp:featuredmedia":[{"embeddable":true,"href":"https:\/\/olemosaic.com\/fr\/wp-json\/wp\/v2\/media\/13478"}],"wp:attachment":[{"href":"https:\/\/olemosaic.com\/fr\/wp-json\/wp\/v2\/media?parent=28141"}],"wp:term":[{"taxonomy":"product_brand","embeddable":true,"href":"https:\/\/olemosaic.com\/fr\/wp-json\/wp\/v2\/product_brand?post=28141"},{"taxonomy":"product_cat","embeddable":true,"href":"https:\/\/olemosaic.com\/fr\/wp-json\/wp\/v2\/product_cat?post=28141"},{"taxonomy":"product_tag","embeddable":true,"href":"https:\/\/olemosaic.com\/fr\/wp-json\/wp\/v2\/product_tag?post=28141"}],"curies":[{"name":"wp","href":"https:\/\/api.w.org\/{rel}","templated":true}]}}