{"id":28140,"date":"2025-02-20T22:29:49","date_gmt":"2025-02-20T22:29:49","guid":{"rendered":"http:\/\/olemosaic.com\/producto\/bol-de-coco-azul-concha-camino-de-santiago\/"},"modified":"2025-07-25T19:07:50","modified_gmt":"2025-07-25T17:07:50","slug":"bol-noix-de-coco-bleu-coquille-chemin-de-compostelle","status":"publish","type":"product","link":"https:\/\/olemosaic.com\/fr\/produit\/bol-noix-de-coco-bleu-coquille-chemin-de-compostelle\/","title":{"rendered":"Bol en noix de coco bleu. Coquille. Chemin de Compostelle."},"content":{"rendered":"<p>Ce bol d\u00e9coratif en noix de coco bleu est une pi\u00e8ce unique inspir\u00e9e par l&rsquo;historique et culturel Chemin de Compostelle, une route qui est le c\u0153ur du p\u00e8lerinage en Espagne depuis des si\u00e8cles. Avec un design bleu vibrant \u00e9voquant le ciel et la mer, ce bol se distingue par le symbole distinctif du p\u00e8lerin au centre, entour\u00e9 de l&rsquo;inscription \u00ab\u00a0CAMINO DE SANTIAGO\u00a0\u00bb, id\u00e9al pour ceux qui recherchent un souvenir authentique de ce c\u00e9l\u00e8bre trajet. Les bords du bol sont orn\u00e9s de d\u00e9licats d\u00e9tails blancs, cr\u00e9ant un magnifique contraste visuel qui rehausse son attrait esth\u00e9tique.<\/p>\n<p>Fabriqu\u00e9 \u00e0 partir de noix de coco, ce bol ne sert pas seulement d&rsquo;\u00e9l\u00e9ment d\u00e9coratif captivant, mais il est \u00e9galement pratique pour le rangement, ajoutant une touche de culture \u00e0 n&rsquo;importe quel foyer. Chaque pi\u00e8ce refl\u00e8te le travail acharn\u00e9 et le d\u00e9vouement des artisans qui pr\u00e9servent l&rsquo;essence du Chemin de Compostelle, en faisant un tr\u00e9sor culturel.<\/p>\n<p>Ol\u00e9 Mosaic est fier de proposer des souvenirs de qualit\u00e9 repr\u00e9sentant le riche h\u00e9ritage espagnol. Ce bol en noix de coco bleu est une excellente option pour les boutiques de cadeaux touristiques \u00e0 la recherche de produits authentiques et significatifs. En tant que distributeurs de souvenirs, nous garantissons l&rsquo;authenticit\u00e9 et la beaut\u00e9 de chacun de nos produits, ce qui en fait un merveilleux souvenir pour les touristes souhaitant emporter un morceau d&rsquo;Espagne.<\/p>\n","protected":false},"excerpt":{"rendered":"<p>Bol d\u00e9coratif en noix de coco bleu, inspir\u00e9 du Chemin de Compostelle. Ce bol attrayant pr\u00e9sente un design bleu vibrant avec le symbole distinctif du p\u00e8lerin au centre et l&rsquo;inscription \u00ab\u00a0CAMINO DE SANTIAGO\u00a0\u00bb. Les bords du bol sont orn\u00e9s de d\u00e9tails blancs, cr\u00e9ant un contraste visuel. Fabriqu\u00e9 avec une coque de noix de coco, ce bol est parfait comme \u00e9l\u00e9ment d\u00e9coratif ou pour le rangement, \u00e9voquant l&rsquo;essence du c\u00e9l\u00e8bre parcours culturel espagnol.<\/p>\n","protected":false},"featured_media":11743,"template":"","meta":{"_acf_changed":false},"product_brand":[],"product_cat":[521],"product_tag":[],"class_list":{"0":"post-28140","1":"product","2":"type-product","3":"status-publish","4":"has-post-thumbnail","6":"product_cat-bols","7":"pa_ciudad-santiago-de-compostela","8":"pa_motivo-coquillages","9":"pa_pais-espana","11":"first","12":"instock","13":"shipping-taxable","14":"product-type-simple"},"acf":[],"_links":{"self":[{"href":"https:\/\/olemosaic.com\/fr\/wp-json\/wp\/v2\/product\/28140","targetHints":{"allow":["GET"]}}],"collection":[{"href":"https:\/\/olemosaic.com\/fr\/wp-json\/wp\/v2\/product"}],"about":[{"href":"https:\/\/olemosaic.com\/fr\/wp-json\/wp\/v2\/types\/product"}],"wp:featuredmedia":[{"embeddable":true,"href":"https:\/\/olemosaic.com\/fr\/wp-json\/wp\/v2\/media\/11743"}],"wp:attachment":[{"href":"https:\/\/olemosaic.com\/fr\/wp-json\/wp\/v2\/media?parent=28140"}],"wp:term":[{"taxonomy":"product_brand","embeddable":true,"href":"https:\/\/olemosaic.com\/fr\/wp-json\/wp\/v2\/product_brand?post=28140"},{"taxonomy":"product_cat","embeddable":true,"href":"https:\/\/olemosaic.com\/fr\/wp-json\/wp\/v2\/product_cat?post=28140"},{"taxonomy":"product_tag","embeddable":true,"href":"https:\/\/olemosaic.com\/fr\/wp-json\/wp\/v2\/product_tag?post=28140"}],"curies":[{"name":"wp","href":"https:\/\/api.w.org\/{rel}","templated":true}]}}