{"id":28137,"date":"2025-02-20T23:29:49","date_gmt":"2025-02-20T22:29:49","guid":{"rendered":"http:\/\/olemosaic.com\/producto\/bol-de-coco-azul-tortuga-gran-canaria-2\/"},"modified":"2025-07-25T18:49:57","modified_gmt":"2025-07-25T16:49:57","slug":"bol-noix-de-coco-bleu-tortue-grande-canarie-fr","status":"publish","type":"product","link":"https:\/\/olemosaic.com\/fr\/produit\/bol-noix-de-coco-bleu-tortue-grande-canarie-fr\/","title":{"rendered":"Bol en noix de coco bleu. Tortue. Grande Canarie."},"content":{"rendered":"<p>Ce bol en noix de coco bleu, d\u00e9cor\u00e9 d&rsquo;une tortue, est un charmant souvenir qui \u00e9voque la beaut\u00e9 naturelle de la Grande Canarie. Avec un motif peint \u00e0 la main sur un fond noir brillant, ce bol se transforme en une \u0153uvre d&rsquo;art refl\u00e9tant l&rsquo;essence de l&rsquo;oc\u00e9an canarien. Au centre, une tortue d&rsquo;un bleu vibrant se distingue par sa forme \u00e9l\u00e9gante, symbolisant la riche biodiversit\u00e9 marine de la r\u00e9gion. Entour\u00e9e d&rsquo;un cadre de formes artistiques imitant les vagues de la mer, cette pi\u00e8ce capture l&rsquo;attention et l&rsquo;esprit de l&rsquo;oc\u00e9an Atlantique.<\/p>\n<p>Le texte \u00ab\u00a0Gran Canaria\u00a0\u00bb est pr\u00e9sent\u00e9 de mani\u00e8re pro\u00e9minente, ajoutant une touche personnelle qui fait de ce bol un souvenir in\u00e9galable. Parfait pour \u00eatre expos\u00e9 ou utilis\u00e9, il rappelle aux visiteurs la chaleur et la beaut\u00e9 des \u00celes Fortun\u00e9es. Ce bol n&rsquo;est pas seulement un article d\u00e9coratif, mais une repr\u00e9sentation de la connexion culturelle avec la Grande Canarie, un lieu reconnu pour sa flore et sa faune uniques.<\/p>\n<p>Chez Ol\u00e9 Mosaic, nous proposons ce type de souvenirs typiques comme une excellente option pour les boutiques de cadeaux touristiques. En tant que distributeurs de souvenirs authentiques, nous garantissons la qualit\u00e9 et la singularit\u00e9 de chaque produit. Ce bol en noix de coco bleu est, sans aucun doute, un choix id\u00e9al pour les touristes qui cherchent \u00e0 emporter un petit morceau de culture canarienne chez eux, en faisant un souvenir pr\u00e9cieux.<\/p>\n","protected":false},"excerpt":{"rendered":"<p>Bol en noix de coco bleu d\u00e9cor\u00e9 d&rsquo;une tortue, repr\u00e9sentant la beaut\u00e9 de la Grande Canarie. Ce souvenir attrayant pr\u00e9sente un design artisanal, peint \u00e0 la main, sur un fond noir brillant avec des reflets \u00e9voquant l&rsquo;oc\u00e9an. La tortue, d&rsquo;un bleu vibrant, se d\u00e9tache au centre, entour\u00e9e d&rsquo;un cadre de formes artistiques. L&rsquo;inscription \u00ab\u00a0Gran Canaria\u00a0\u00bb compl\u00e8te cette pi\u00e8ce, parfaite pour se souvenir de l&rsquo;essence canarienne.<\/p>\n","protected":false},"featured_media":10271,"template":"","meta":{"_acf_changed":false},"product_brand":[],"product_cat":[521],"product_tag":[530],"class_list":{"0":"post-28137","1":"product","2":"type-product","3":"status-publish","4":"has-post-thumbnail","6":"product_cat-bols","7":"product_tag-animaux","8":"pa_ciudad-gran-canaria","9":"pa_motivo-tortues","10":"pa_pais-espana","12":"first","13":"instock","14":"shipping-taxable","15":"product-type-simple"},"acf":[],"_links":{"self":[{"href":"https:\/\/olemosaic.com\/fr\/wp-json\/wp\/v2\/product\/28137","targetHints":{"allow":["GET"]}}],"collection":[{"href":"https:\/\/olemosaic.com\/fr\/wp-json\/wp\/v2\/product"}],"about":[{"href":"https:\/\/olemosaic.com\/fr\/wp-json\/wp\/v2\/types\/product"}],"wp:featuredmedia":[{"embeddable":true,"href":"https:\/\/olemosaic.com\/fr\/wp-json\/wp\/v2\/media\/10271"}],"wp:attachment":[{"href":"https:\/\/olemosaic.com\/fr\/wp-json\/wp\/v2\/media?parent=28137"}],"wp:term":[{"taxonomy":"product_brand","embeddable":true,"href":"https:\/\/olemosaic.com\/fr\/wp-json\/wp\/v2\/product_brand?post=28137"},{"taxonomy":"product_cat","embeddable":true,"href":"https:\/\/olemosaic.com\/fr\/wp-json\/wp\/v2\/product_cat?post=28137"},{"taxonomy":"product_tag","embeddable":true,"href":"https:\/\/olemosaic.com\/fr\/wp-json\/wp\/v2\/product_tag?post=28137"}],"curies":[{"name":"wp","href":"https:\/\/api.w.org\/{rel}","templated":true}]}}