{"id":28130,"date":"2025-02-20T23:29:48","date_gmt":"2025-02-20T22:29:48","guid":{"rendered":"http:\/\/olemosaic.com\/producto\/bol-de-coco-azul-salamandra-mallorca-3\/"},"modified":"2025-07-25T20:20:25","modified_gmt":"2025-07-25T18:20:25","slug":"bol-noix-de-coco-bleu-salamandre-majorque-3","status":"publish","type":"product","link":"https:\/\/olemosaic.com\/fr\/produit\/bol-noix-de-coco-bleu-salamandre-majorque-3\/","title":{"rendered":"Bol en noix de coco bleu. Salamandre. Majorque. Bal\u00e9ares."},"content":{"rendered":"<p>Ce bol en noix de coco bleu, d\u00e9cor\u00e9 d&rsquo;une salamandre, est une pi\u00e8ce exceptionnelle qui capture l&rsquo;essence de l&rsquo;\u00eele de Majorque. \u00c9labor\u00e9 avec des mat\u00e9riaux de qualit\u00e9, il pr\u00e9sente un design complexe dans des tons vibrants de bleu et de noir, \u00e9voquant les eaux cristallines de la M\u00e9diterran\u00e9e et le ciel d\u00e9gag\u00e9 de cette magnifique r\u00e9gion. Au centre du bol se d\u00e9tache une \u00e9l\u00e9gante figure de salamandre, symbole de chance et de vitalit\u00e9 dans la culture majorquine, accompagn\u00e9e de l&rsquo;inscription \u00ab\u00a0MALLORCA\u00a0\u00bb, ce qui en fait un souvenir authentique.<\/p>\n<p>La finition brillante du bol, ainsi que les d\u00e9tails d\u00e9licats en forme de c\u0153urs qui d\u00e9corent le bord, ajoutent une touche moderne \u00e0 cet article artisanal, refl\u00e9tant la richesse de la tradition locale. Ce bol n&rsquo;est pas seulement id\u00e9al comme \u00e9l\u00e9ment d\u00e9coratif dans n&rsquo;importe quel espace, mais il peut \u00e9galement \u00eatre utilis\u00e9 comme ustensile pratique, fusionnant esth\u00e9tique et fonctionnalit\u00e9 de mani\u00e8re charmante.<\/p>\n<p>Ol\u00e9 Mosaic est fier de proposer cet authentique souvenir de Majorque, parfait pour les touristes cherchant \u00e0 ramener chez eux une partie de la culture de l&rsquo;\u00eele. En tant que distributeur de souvenirs en gros, nous garantissons que chaque pi\u00e8ce repr\u00e9sente non seulement l&rsquo;artisanat traditionnel, mais encapsule \u00e9galement l&rsquo;histoire et l&rsquo;esprit des lieux qu&rsquo;elle repr\u00e9sente, constituant une excellente option pour les boutiques de souvenirs touristiques qui appr\u00e9cient l&rsquo;authenticit\u00e9 et la valeur culturelle de leurs produits.<\/p>\n","protected":false},"excerpt":{"rendered":"<p>Bol en noix de coco bleu d\u00e9cor\u00e9 d&rsquo;une salamandre, symbole de Majorque. Ce bol exclusif pr\u00e9sente un design complexe dans des tons bleus et noirs, avec des d\u00e9tails imitant des c\u0153urs et une finition brillante. L&rsquo;image de la salamandre ressort au centre, accompagn\u00e9e de l&rsquo;inscription \u00ab\u00a0MALLORCA\u00a0\u00bb. Id\u00e9al comme \u00e9l\u00e9ment d\u00e9coratif ou pour un usage quotidien, il allie l&rsquo;artisanat traditionnel \u00e0 une touche moderne, capturant l&rsquo;essence de l&rsquo;\u00eele.<\/p>\n","protected":false},"featured_media":10215,"template":"","meta":{"_acf_changed":false},"product_brand":[],"product_cat":[521],"product_tag":[530],"class_list":{"0":"post-28130","1":"product","2":"type-product","3":"status-publish","4":"has-post-thumbnail","6":"product_cat-bols","7":"product_tag-animaux","8":"pa_ciudad-mallorca","9":"pa_motivo-salamandres","10":"pa_pais-espana","12":"first","13":"instock","14":"shipping-taxable","15":"product-type-simple"},"acf":[],"_links":{"self":[{"href":"https:\/\/olemosaic.com\/fr\/wp-json\/wp\/v2\/product\/28130","targetHints":{"allow":["GET"]}}],"collection":[{"href":"https:\/\/olemosaic.com\/fr\/wp-json\/wp\/v2\/product"}],"about":[{"href":"https:\/\/olemosaic.com\/fr\/wp-json\/wp\/v2\/types\/product"}],"wp:featuredmedia":[{"embeddable":true,"href":"https:\/\/olemosaic.com\/fr\/wp-json\/wp\/v2\/media\/10215"}],"wp:attachment":[{"href":"https:\/\/olemosaic.com\/fr\/wp-json\/wp\/v2\/media?parent=28130"}],"wp:term":[{"taxonomy":"product_brand","embeddable":true,"href":"https:\/\/olemosaic.com\/fr\/wp-json\/wp\/v2\/product_brand?post=28130"},{"taxonomy":"product_cat","embeddable":true,"href":"https:\/\/olemosaic.com\/fr\/wp-json\/wp\/v2\/product_cat?post=28130"},{"taxonomy":"product_tag","embeddable":true,"href":"https:\/\/olemosaic.com\/fr\/wp-json\/wp\/v2\/product_tag?post=28130"}],"curies":[{"name":"wp","href":"https:\/\/api.w.org\/{rel}","templated":true}]}}