{"id":28129,"date":"2025-02-20T23:29:48","date_gmt":"2025-02-20T22:29:48","guid":{"rendered":"http:\/\/olemosaic.com\/producto\/bol-de-coco-azul-salamandra-mallorca-2\/"},"modified":"2025-07-25T18:49:32","modified_gmt":"2025-07-25T16:49:32","slug":"bol-noix-de-coco-bleu-salamandre-majorque-2","status":"publish","type":"product","link":"https:\/\/olemosaic.com\/fr\/produit\/bol-noix-de-coco-bleu-salamandre-majorque-2\/","title":{"rendered":"Bol en noix de coco bleu. Salamandre. Style m\u00e9diterran\u00e9en. Majorque. Bal\u00e9ares."},"content":{"rendered":"<p>Ce bol en noix de coco bleu, d\u00e9cor\u00e9 d&rsquo;une salamandre, est une pi\u00e8ce artisanale exquise qui rend hommage \u00e0 la beaut\u00e9 naturelle de Majorque. Son design, peint \u00e0 la main, pr\u00e9sente une palette vibrante de tons bleus qui capture l&rsquo;essence de la mer M\u00e9diterran\u00e9e, cr\u00e9ant un contraste attrayant avec la silhouette marron de la salamandre, qui tr\u00f4ne au centre, symbole de la faune locale. Ce bol n&rsquo;est pas seulement un objet fonctionnel, id\u00e9al pour servir des ap\u00e9ritifs ou exposer des d\u00e9corations, mais il s&rsquo;\u00e9rige \u00e9galement comme un authentique souvenir de l&rsquo;\u00eele, refl\u00e9tant la riche tradition artistique et culturelle de Majorque.<\/p>\n<p>Les courbes douces du bol, associ\u00e9es aux motifs circulaires en bleu, \u00e9voquent le mouvement de l&rsquo;eau et la vie sauvage qui abonde dans la r\u00e9gion, faisant de cette pi\u00e8ce une repr\u00e9sentation authentique de son environnement. La salamandre, peinte avec d\u00e9licatesse, symbolise la connexion des Majorquins avec leur nature et est associ\u00e9e \u00e0 la bonne fortune et \u00e0 la protection, ajoutant une signification particuli\u00e8re \u00e0 cette \u0153uvre.<\/p>\n<p>Chez Ol\u00e9 Mosaic, nous proposons des souvenirs de haute qualit\u00e9 en gros, et ce bol en noix de coco bleu est un choix parfait pour les boutiques de souvenirs touristiques \u00e0 la recherche de souvenirs exquis qui connectent les visiteurs \u00e0 la culture locale. En choisissant ce bol, les touristes n&rsquo;acqui\u00e8rent pas seulement un objet fonctionnel, mais aussi un morceau du riche h\u00e9ritage de Majorque.<\/p>\n","protected":false},"excerpt":{"rendered":"<p>Bol en noix de coco bleu d\u00e9cor\u00e9 d&rsquo;une salamandre, une pi\u00e8ce artisanale inspir\u00e9e par la nature de Majorque. Ce bol pr\u00e9sente un design artisanal, peint \u00e0 la main, avec des motifs dans des tons bleus qui contrastent de mani\u00e8re attrayante avec la silhouette marron de la salamandre, laquelle ressort au centre. Id\u00e9al pour servir et d\u00e9corer, cette pi\u00e8ce allie tradition et art local, devenant un souvenir unique de l&rsquo;\u00eele.<\/p>\n","protected":false},"featured_media":11881,"template":"","meta":{"_acf_changed":false},"product_brand":[],"product_cat":[521],"product_tag":[530],"class_list":{"0":"post-28129","1":"product","2":"type-product","3":"status-publish","4":"has-post-thumbnail","6":"product_cat-bols","7":"product_tag-animaux","8":"pa_ciudad-mallorca","9":"pa_motivo-salamandres","10":"pa_pais-espana","12":"first","13":"instock","14":"shipping-taxable","15":"product-type-simple"},"acf":[],"_links":{"self":[{"href":"https:\/\/olemosaic.com\/fr\/wp-json\/wp\/v2\/product\/28129","targetHints":{"allow":["GET"]}}],"collection":[{"href":"https:\/\/olemosaic.com\/fr\/wp-json\/wp\/v2\/product"}],"about":[{"href":"https:\/\/olemosaic.com\/fr\/wp-json\/wp\/v2\/types\/product"}],"wp:featuredmedia":[{"embeddable":true,"href":"https:\/\/olemosaic.com\/fr\/wp-json\/wp\/v2\/media\/11881"}],"wp:attachment":[{"href":"https:\/\/olemosaic.com\/fr\/wp-json\/wp\/v2\/media?parent=28129"}],"wp:term":[{"taxonomy":"product_brand","embeddable":true,"href":"https:\/\/olemosaic.com\/fr\/wp-json\/wp\/v2\/product_brand?post=28129"},{"taxonomy":"product_cat","embeddable":true,"href":"https:\/\/olemosaic.com\/fr\/wp-json\/wp\/v2\/product_cat?post=28129"},{"taxonomy":"product_tag","embeddable":true,"href":"https:\/\/olemosaic.com\/fr\/wp-json\/wp\/v2\/product_tag?post=28129"}],"curies":[{"name":"wp","href":"https:\/\/api.w.org\/{rel}","templated":true}]}}