{"id":28128,"date":"2025-02-20T23:29:48","date_gmt":"2025-02-20T22:29:48","guid":{"rendered":"http:\/\/olemosaic.com\/producto\/bol-de-coco-azul-tortuga-mallorca-4\/"},"modified":"2025-07-25T20:29:29","modified_gmt":"2025-07-25T18:29:29","slug":"bol-noix-de-coco-bleu-tortue-majorque-4","status":"publish","type":"product","link":"https:\/\/olemosaic.com\/fr\/produit\/bol-noix-de-coco-bleu-tortue-majorque-4\/","title":{"rendered":"Bol en noix de coco bleu. Tortue. Style m\u00e9diterran\u00e9en. \u00cele. Majorque."},"content":{"rendered":"<p>Ce bol en noix de coco bleu, d\u00e9cor\u00e9 d&rsquo;une magnifique tortue, est le cadeau parfait pour \u00e9voquer l&rsquo;essence de la mer \u00e0 Majorque. Ce bol artisanal exquis, peint \u00e0 la main, pr\u00e9sente un fond bleu vibrant qui simule les eaux cristallines de la M\u00e9diterran\u00e9e, avec une d\u00e9licate tortue au centre. Le design inclut des motifs d&rsquo;algues qui compl\u00e8tent la sc\u00e8ne marine, enveloppant le spectateur dans une ambiance chaleureuse et accueillante. Le bord du bol est orn\u00e9 de motifs complexes et du mot \u00ab\u00a0MALLORCA\u00a0\u00bb, rappelant \u00e0 chaque utilisateur l&#8217;embl\u00e9matique \u00eele des Bal\u00e9ares.<\/p>\n<p>Fabriqu\u00e9 avec des mat\u00e9riaux naturels, ce bol n&rsquo;est pas seulement esth\u00e9tiquement attrayant, mais aussi une pi\u00e8ce fonctionnelle qui peut \u00eatre utilis\u00e9e comme \u00e9l\u00e9ment d\u00e9coratif ou comme r\u00e9cipient dans n&rsquo;importe quel foyer. Son authenticit\u00e9 et son design singulier en font un souvenir m\u00e9morable de Majorque, id\u00e9al pour les touristes cherchant \u00e0 emporter un morceau de la culture m\u00e9diterran\u00e9enne.<\/p>\n<p>Chez Ol\u00e9 Mosaic, nous distribuons des souvenirs de Majorque en gros, offrant des produits authentiques qui refl\u00e8tent le riche h\u00e9ritage culturel de l&rsquo;Espagne. Ce bol en noix de coco bleu, avec son design captivant et li\u00e9 aux traditions marines de la r\u00e9gion, est une excellente option pour les boutiques de souvenirs touristiques souhaitant offrir \u00e0 leurs clients un souvenir significatif et original.<\/p>\n","protected":false},"excerpt":{"rendered":"<p>Bol en noix de coco bleu d\u00e9cor\u00e9 d&rsquo;une magnifique tortue, \u00e9voquant l&rsquo;essence de la mer \u00e0 Majorque. Ce bol artisanal pr\u00e9sente un design fait main, peint \u00e0 la main, avec un fond bleu vibrant orn\u00e9 de motifs d&rsquo;algues et la tortue au centre. Autour, une bordure d\u00e9corative compl\u00e8te le design, avec le texte \u00ab\u00a0MALLORCA\u00a0\u00bb pour rappeler cette \u00eele embl\u00e9matique. Id\u00e9al comme \u00e9l\u00e9ment d\u00e9coratif ou pratique dans n&rsquo;importe quel foyer.<\/p>\n","protected":false},"featured_media":11783,"template":"","meta":{"_acf_changed":false},"product_brand":[],"product_cat":[521],"product_tag":[530],"class_list":{"0":"post-28128","1":"product","2":"type-product","3":"status-publish","4":"has-post-thumbnail","6":"product_cat-bols","7":"product_tag-animaux","8":"pa_ciudad-mallorca","9":"pa_motivo-tortues","10":"pa_pais-espana","12":"first","13":"instock","14":"shipping-taxable","15":"product-type-simple"},"acf":[],"_links":{"self":[{"href":"https:\/\/olemosaic.com\/fr\/wp-json\/wp\/v2\/product\/28128","targetHints":{"allow":["GET"]}}],"collection":[{"href":"https:\/\/olemosaic.com\/fr\/wp-json\/wp\/v2\/product"}],"about":[{"href":"https:\/\/olemosaic.com\/fr\/wp-json\/wp\/v2\/types\/product"}],"wp:featuredmedia":[{"embeddable":true,"href":"https:\/\/olemosaic.com\/fr\/wp-json\/wp\/v2\/media\/11783"}],"wp:attachment":[{"href":"https:\/\/olemosaic.com\/fr\/wp-json\/wp\/v2\/media?parent=28128"}],"wp:term":[{"taxonomy":"product_brand","embeddable":true,"href":"https:\/\/olemosaic.com\/fr\/wp-json\/wp\/v2\/product_brand?post=28128"},{"taxonomy":"product_cat","embeddable":true,"href":"https:\/\/olemosaic.com\/fr\/wp-json\/wp\/v2\/product_cat?post=28128"},{"taxonomy":"product_tag","embeddable":true,"href":"https:\/\/olemosaic.com\/fr\/wp-json\/wp\/v2\/product_tag?post=28128"}],"curies":[{"name":"wp","href":"https:\/\/api.w.org\/{rel}","templated":true}]}}