{"id":28115,"date":"2025-02-20T23:29:48","date_gmt":"2025-02-20T22:29:48","guid":{"rendered":"http:\/\/olemosaic.com\/producto\/bol-de-coco-azul-tortuga-mallorca-3\/"},"modified":"2025-07-25T20:24:47","modified_gmt":"2025-07-25T18:24:47","slug":"bol-noix-de-coco-bleu-tortue-majorque-3","status":"publish","type":"product","link":"https:\/\/olemosaic.com\/fr\/produit\/bol-noix-de-coco-bleu-tortue-majorque-3\/","title":{"rendered":"Bol en noix de coco bleu. Tortue. Style m\u00e9diterran\u00e9en. Majorque. Espagne."},"content":{"rendered":"<p>Ce bol en noix de coco bleu, d\u00e9cor\u00e9 d&rsquo;une charmante tortue, est un authentique souvenir de Majorque qui capture l&rsquo;essence m\u00e9diterran\u00e9enne de l&rsquo;\u00eele. \u00c9labor\u00e9 \u00e0 partir d&rsquo;une coque de noix de coco, ce bol original pr\u00e9sente une d\u00e9coration vibrante de mosa\u00efques dans divers tons de bleu, compl\u00e9t\u00e9e par des c\u0153urs aux couleurs vives qui ajoutent une touche festive. Au centre, la figure d&rsquo;une tortue, symbole embl\u00e9matique de la riche faune marine majorquine, se d\u00e9tache majestueusement, tandis que le texte \u00ab\u00a0MALLORCA\u00a0\u00bb est plac\u00e9 de mani\u00e8re pro\u00e9minente, renfor\u00e7ant son identit\u00e9 r\u00e9gionale.<\/p>\n<p>Chaque bol est une pi\u00e8ce unique, artisanale et soigneusement con\u00e7ue pour refl\u00e9ter la beaut\u00e9 naturelle et culturelle de Majorque. Les mosa\u00efques aux tonalit\u00e9s bleues \u00e9voquent les eaux cristallines de la mer M\u00e9diterran\u00e9e, tandis que les c\u0153urs color\u00e9s apportent un air de joie et de chaleur, parfaits pour donner une touche artistique et distinctive \u00e0 n&rsquo;importe quel foyer. Ce bol n&rsquo;est pas seulement fonctionnel, il devient un rappel tangible de la visite de cette \u00eele paradisiaque.<\/p>\n<p>Chez Ol\u00e9 Mosaic, nous distribuons des souvenirs en gros, et ce bol en noix de coco est une excellente option pour les boutiques de cadeaux touristiques qui cherchent \u00e0 proposer des produits authentiques et repr\u00e9sentatifs de la culture locale. Un souvenir qui transcende, garantissant toujours qualit\u00e9 et authenticit\u00e9.<\/p>\n","protected":false},"excerpt":{"rendered":"<p>Bol en noix de coco bleu d\u00e9cor\u00e9 d&rsquo;une charmante tortue, inspir\u00e9 par la beaut\u00e9 de Majorque. Ce bol original, \u00e9labor\u00e9 avec une coque de noix de coco, pr\u00e9sente une d\u00e9coration color\u00e9e de mosa\u00efques dans les tons bleus et des c\u0153urs vibrants. Au centre, se d\u00e9tache une tortue, symbole de la faune marine de l&rsquo;\u00eele, avec le mot \u00ab\u00a0MALLORCA\u00a0\u00bb bien visible. Une pi\u00e8ce unique qui capture l&rsquo;essence m\u00e9diterran\u00e9enne et est parfaite pour donner une touche artistique \u00e0 n&rsquo;importe quel foyer.<\/p>\n","protected":false},"featured_media":10367,"template":"","meta":{"_acf_changed":false},"product_brand":[],"product_cat":[521],"product_tag":[530],"class_list":{"0":"post-28115","1":"product","2":"type-product","3":"status-publish","4":"has-post-thumbnail","6":"product_cat-bols","7":"product_tag-animaux","8":"pa_ciudad-mallorca","9":"pa_motivo-tortues","10":"pa_pais-espana","12":"first","13":"instock","14":"shipping-taxable","15":"product-type-simple"},"acf":[],"_links":{"self":[{"href":"https:\/\/olemosaic.com\/fr\/wp-json\/wp\/v2\/product\/28115","targetHints":{"allow":["GET"]}}],"collection":[{"href":"https:\/\/olemosaic.com\/fr\/wp-json\/wp\/v2\/product"}],"about":[{"href":"https:\/\/olemosaic.com\/fr\/wp-json\/wp\/v2\/types\/product"}],"wp:featuredmedia":[{"embeddable":true,"href":"https:\/\/olemosaic.com\/fr\/wp-json\/wp\/v2\/media\/10367"}],"wp:attachment":[{"href":"https:\/\/olemosaic.com\/fr\/wp-json\/wp\/v2\/media?parent=28115"}],"wp:term":[{"taxonomy":"product_brand","embeddable":true,"href":"https:\/\/olemosaic.com\/fr\/wp-json\/wp\/v2\/product_brand?post=28115"},{"taxonomy":"product_cat","embeddable":true,"href":"https:\/\/olemosaic.com\/fr\/wp-json\/wp\/v2\/product_cat?post=28115"},{"taxonomy":"product_tag","embeddable":true,"href":"https:\/\/olemosaic.com\/fr\/wp-json\/wp\/v2\/product_tag?post=28115"}],"curies":[{"name":"wp","href":"https:\/\/api.w.org\/{rel}","templated":true}]}}