{"id":28111,"date":"2025-02-20T23:29:47","date_gmt":"2025-02-20T22:29:47","guid":{"rendered":"http:\/\/olemosaic.com\/producto\/bol-de-coco-azul-flor\/"},"modified":"2025-07-25T18:43:44","modified_gmt":"2025-07-25T16:43:44","slug":"bol-noix-de-coco-bleu-fleur","status":"publish","type":"product","link":"https:\/\/olemosaic.com\/fr\/produit\/bol-noix-de-coco-bleu-fleur\/","title":{"rendered":"Bol en noix de coco bleu. Fleur."},"content":{"rendered":"<p>Ce bol en noix de coco bleu, orn\u00e9 d&rsquo;une fleur \u00e9l\u00e9gante, est un chef-d&rsquo;\u0153uvre de l&rsquo;art traditionnel m\u00e9diterran\u00e9en. Son design artisanal se distingue par sa couleur bleue vibrante, qui contraste parfaitement avec le fond sombre du bol, cr\u00e9ant une pi\u00e8ce visuellement percutante. La fleur centrale, d\u00e9licatement peinte \u00e0 la main, pr\u00e9sente des p\u00e9tales aux formes \u00e9l\u00e9gantes et un centre qui attire le regard, tandis que les d\u00e9tails en forme de c\u0153urs bordant le contour ajoutent une touche distinctive et festive. Cette pi\u00e8ce est non seulement parfaite pour servir des ap\u00e9ritifs, mais elle peut \u00e9galement \u00eatre utilis\u00e9e comme un bel \u00e9l\u00e9ment d\u00e9coratif dans n&rsquo;importe quelle maison, capturant l&rsquo;essence de l&rsquo;ambiance m\u00e9diterran\u00e9enne.<\/p>\n<p>Le bol en noix de coco bleu est un excellent souvenir qui symbolise le riche h\u00e9ritage culturel et artistique de la r\u00e9gion, id\u00e9al pour ceux qui cherchent \u00e0 ramener un morceau de cette tradition chez eux. Chez Ol\u00e9 Mosaic, en tant que grossiste de souvenirs, nous proposons des produits authentiques qui refl\u00e8tent l&rsquo;identit\u00e9 locale, garantissant qualit\u00e9 et singularit\u00e9 dans chaque pi\u00e8ce. Ce bol est un choix id\u00e9al pour les boutiques de cadeaux touristiques souhaitant proposer des articles repr\u00e9sentatifs et de qualit\u00e9 qui connectent les visiteurs \u00e0 la culture m\u00e9diterran\u00e9enne. C&rsquo;est sans aucun doute un souvenir qui durera dans le temps et charmera tout le monde.<\/p>\n","protected":false},"excerpt":{"rendered":"<p>Bol en noix de coco bleu d\u00e9cor\u00e9 d&rsquo;une fleur \u00e9l\u00e9gante, inspir\u00e9 de l&rsquo;art traditionnel. Ce r\u00e9cipient se distingue par son design artisanal, peint \u00e0 la main, avec des tons bleus vibrants sur un fond sombre. La fleur centrale et les d\u00e9tails en forme de c\u0153urs ajoutent une touche distinctive. Parfait pour servir des ap\u00e9ritifs ou comme pi\u00e8ce d\u00e9corative, il constitue un excellent souvenir qui capture l&rsquo;essence de la culture m\u00e9diterran\u00e9enne.<\/p>\n","protected":false},"featured_media":10187,"template":"","meta":{"_acf_changed":false},"product_brand":[],"product_cat":[521],"product_tag":[],"class_list":{"0":"post-28111","1":"product","2":"type-product","3":"status-publish","4":"has-post-thumbnail","6":"product_cat-bols","7":"pa_motivo-fleurs","9":"first","10":"instock","11":"shipping-taxable","12":"product-type-simple"},"acf":[],"_links":{"self":[{"href":"https:\/\/olemosaic.com\/fr\/wp-json\/wp\/v2\/product\/28111","targetHints":{"allow":["GET"]}}],"collection":[{"href":"https:\/\/olemosaic.com\/fr\/wp-json\/wp\/v2\/product"}],"about":[{"href":"https:\/\/olemosaic.com\/fr\/wp-json\/wp\/v2\/types\/product"}],"wp:featuredmedia":[{"embeddable":true,"href":"https:\/\/olemosaic.com\/fr\/wp-json\/wp\/v2\/media\/10187"}],"wp:attachment":[{"href":"https:\/\/olemosaic.com\/fr\/wp-json\/wp\/v2\/media?parent=28111"}],"wp:term":[{"taxonomy":"product_brand","embeddable":true,"href":"https:\/\/olemosaic.com\/fr\/wp-json\/wp\/v2\/product_brand?post=28111"},{"taxonomy":"product_cat","embeddable":true,"href":"https:\/\/olemosaic.com\/fr\/wp-json\/wp\/v2\/product_cat?post=28111"},{"taxonomy":"product_tag","embeddable":true,"href":"https:\/\/olemosaic.com\/fr\/wp-json\/wp\/v2\/product_tag?post=28111"}],"curies":[{"name":"wp","href":"https:\/\/api.w.org\/{rel}","templated":true}]}}