{"id":28100,"date":"2025-02-20T23:29:47","date_gmt":"2025-02-20T22:29:47","guid":{"rendered":"http:\/\/olemosaic.com\/producto\/bol-de-coco-azul-bailaora-3\/"},"modified":"2025-07-25T20:38:37","modified_gmt":"2025-07-25T18:38:37","slug":"bol-de-coco-bleu-danseuse-flamenco-3","status":"publish","type":"product","link":"https:\/\/olemosaic.com\/fr\/produit\/bol-de-coco-bleu-danseuse-flamenco-3\/","title":{"rendered":"Bol de coco bleu. Danseuse de flamenco."},"content":{"rendered":"<p>Ce bol en noix de coco bleu, d\u00e9cor\u00e9 d&rsquo;une \u00e9l\u00e9gante danseuse de flamenco, est une pi\u00e8ce artisanale qui capture l&rsquo;essence du folklore andalou, id\u00e9ale pour ajouter une touche singuli\u00e8re \u00e0 n&rsquo;importe quel int\u00e9rieur. Fabriqu\u00e9 \u00e0 partir de coque de noix de coco, ce bol attrayant se distingue par ses tons bleus vibrants, qui \u00e9voquent la fra\u00eecheur de la mer et la beaut\u00e9 du littoral espagnol. Sa surface est orn\u00e9e d&rsquo;un motif de dessins dans des tons bleus simulant les vagues de la mer, cr\u00e9ant un lien visuel avec la culture andalouse. \u00c0 l&rsquo;int\u00e9rieur, une repr\u00e9sentation d\u00e9licate d&rsquo;une danseuse de flamenco en mouvement se dresse dans des tons chauds, montrant la gr\u00e2ce et la passion du flamenco, un art synonyme de l&rsquo;Andalousie.<\/p>\n<p>Ce bol n&rsquo;est pas seulement un objet d\u00e9coratif, mais un authentique souvenir qui refl\u00e8te la richesse de la tradition espagnole. La danseuse, symbolisant la ferveur du flamenco, ajoute un caract\u00e8re unique qui en fait une excellente option pour les touristes cherchant \u00e0 ramener chez eux une pi\u00e8ce repr\u00e9sentative de leur exp\u00e9rience en Andalousie. Chez Ol\u00e9 Mosaic, nous distribuons des souvenirs de qualit\u00e9 en gros, et ce bol en noix de coco est un exemple parfait de la mani\u00e8re dont l&rsquo;artisanat peut raconter des histoires et pr\u00e9server la culture locale. Son authenticit\u00e9 et son attrait esth\u00e9tique le rendent id\u00e9al pour les boutiques de cadeaux touristiques cherchant \u00e0 offrir des produits distinctifs avec un v\u00e9ritable sceau culturel.<\/p>\n","protected":false},"excerpt":{"rendered":"<p>Bol en noix de coco bleu d\u00e9cor\u00e9 d&rsquo;une \u00e9l\u00e9gante danseuse de flamenco, id\u00e9al pour emporter un morceau de folklore andalou chez soi. Ce bol attrayant, fait de coque de noix de coco, pr\u00e9sente un design artisanal peint \u00e0 la main avec des motifs dans des tons bleus \u00e9voquant la fra\u00eecheur de la mer. \u00c0 l&rsquo;int\u00e9rieur, une repr\u00e9sentation d\u00e9licate d&rsquo;une danseuse en mouvement capture l&rsquo;essence du flamenco. Un souvenir parfait qui se distingue par son artisanat et ses couleurs vibrantes.<\/p>\n","protected":false},"featured_media":11961,"template":"","meta":{"_acf_changed":false},"product_brand":[],"product_cat":[521],"product_tag":[],"class_list":{"0":"post-28100","1":"product","2":"type-product","3":"status-publish","4":"has-post-thumbnail","6":"product_cat-bols","7":"pa_motivo-danseurs","9":"first","10":"instock","11":"shipping-taxable","12":"product-type-simple"},"acf":[],"_links":{"self":[{"href":"https:\/\/olemosaic.com\/fr\/wp-json\/wp\/v2\/product\/28100","targetHints":{"allow":["GET"]}}],"collection":[{"href":"https:\/\/olemosaic.com\/fr\/wp-json\/wp\/v2\/product"}],"about":[{"href":"https:\/\/olemosaic.com\/fr\/wp-json\/wp\/v2\/types\/product"}],"wp:featuredmedia":[{"embeddable":true,"href":"https:\/\/olemosaic.com\/fr\/wp-json\/wp\/v2\/media\/11961"}],"wp:attachment":[{"href":"https:\/\/olemosaic.com\/fr\/wp-json\/wp\/v2\/media?parent=28100"}],"wp:term":[{"taxonomy":"product_brand","embeddable":true,"href":"https:\/\/olemosaic.com\/fr\/wp-json\/wp\/v2\/product_brand?post=28100"},{"taxonomy":"product_cat","embeddable":true,"href":"https:\/\/olemosaic.com\/fr\/wp-json\/wp\/v2\/product_cat?post=28100"},{"taxonomy":"product_tag","embeddable":true,"href":"https:\/\/olemosaic.com\/fr\/wp-json\/wp\/v2\/product_tag?post=28100"}],"curies":[{"name":"wp","href":"https:\/\/api.w.org\/{rel}","templated":true}]}}