{"id":28097,"date":"2025-02-20T23:29:47","date_gmt":"2025-02-20T22:29:47","guid":{"rendered":"http:\/\/olemosaic.com\/producto\/bol-de-coco-azul-ibiscus-2\/"},"modified":"2025-07-25T20:03:09","modified_gmt":"2025-07-25T18:03:09","slug":"bol-de-coco-bleu-hibiscus-2","status":"publish","type":"product","link":"https:\/\/olemosaic.com\/fr\/produit\/bol-de-coco-bleu-hibiscus-2\/","title":{"rendered":"Bol de coco bleu. Hibiscus. Style m\u00e9diterran\u00e9en. Portugal."},"content":{"rendered":"<p>Ce bol en noix de coco bleu d\u00e9cor\u00e9 d&rsquo;un magnifique hibiscus blanc est le compl\u00e9ment id\u00e9al pour ajouter une touche tropicale et artistique \u00e0 n&rsquo;importe quel coin de votre maison. Avec un design captivant, ce bol est \u00e9labor\u00e9 artisanalement \u00e0 partir de noix de coco, ce qui garantit son authenticit\u00e9 et sa qualit\u00e9. Sa finition lisse d&rsquo;un bleu vibrant offre un fond parfait pour l&rsquo;\u00e9l\u00e9gante fleur d&rsquo;hibiscus blanche, qui se distingue par sa forme complexe et ses d\u00e9tails d\u00e9licats. Sur le bord, le bol pr\u00e9sente une d\u00e9coration en mosa\u00efque qui ajoute une touche subtile de sophistication et d&rsquo;artisanat, en faisant une pi\u00e8ce m\u00e9morable.<\/p>\n<p>Ce souvenir n&rsquo;est pas seulement fonctionnel, il encapsule \u00e9galement l&rsquo;essence du folklore carib\u00e9en, \u00e9voquant des paysages exotiques et chaleureux, id\u00e9aux pour ceux qui cherchent \u00e0 ramener un petit morceau des tropiques \u00e0 la maison. Son esth\u00e9tique vibrante et sa connexion culturelle en font un cadeau id\u00e9al pour les touristes souhaitant se souvenir de leur passage dans les charmantes destinations carib\u00e9ennes. Chez Ol\u00e9 Mosaic, nous nous sp\u00e9cialisons dans la distribution de souvenirs en gros, et ce bol en noix de coco bleu est une excellente option pour les boutiques de cadeaux touristiques \u00e0 la recherche de produits uniques et de qualit\u00e9. Ajoutez \u00e0 votre offre ce bol en noix de coco, un souvenir authentique qui c\u00e9l\u00e8bre la tradition et l&rsquo;art carib\u00e9en.<\/p>\n","protected":false},"excerpt":{"rendered":"<p>Bol en noix de coco bleu d\u00e9cor\u00e9 d&rsquo;un bel hibiscus blanc, id\u00e9al pour donner une touche tropicale et artistique \u00e0 n&rsquo;importe quel coin de votre maison. Fabriqu\u00e9 en noix de coco, il pr\u00e9sente une finition lisse avec une couleur bleue vibrante en fond et une subtile d\u00e9coration blanche, accompagn\u00e9e de d\u00e9tails en mosa\u00efque autour du bord. Ce produit refl\u00e8te l&rsquo;essence du folklore carib\u00e9en, devenant un souvenir attrayant qui allie fonctionnalit\u00e9 et esth\u00e9tique.<\/p>\n","protected":false},"featured_media":13397,"template":"","meta":{"_acf_changed":false},"product_brand":[],"product_cat":[521],"product_tag":[],"class_list":{"0":"post-28097","1":"product","2":"type-product","3":"status-publish","4":"has-post-thumbnail","6":"product_cat-bols","7":"pa_motivo-hibiscus","9":"first","10":"instock","11":"shipping-taxable","12":"product-type-simple"},"acf":[],"_links":{"self":[{"href":"https:\/\/olemosaic.com\/fr\/wp-json\/wp\/v2\/product\/28097","targetHints":{"allow":["GET"]}}],"collection":[{"href":"https:\/\/olemosaic.com\/fr\/wp-json\/wp\/v2\/product"}],"about":[{"href":"https:\/\/olemosaic.com\/fr\/wp-json\/wp\/v2\/types\/product"}],"wp:featuredmedia":[{"embeddable":true,"href":"https:\/\/olemosaic.com\/fr\/wp-json\/wp\/v2\/media\/13397"}],"wp:attachment":[{"href":"https:\/\/olemosaic.com\/fr\/wp-json\/wp\/v2\/media?parent=28097"}],"wp:term":[{"taxonomy":"product_brand","embeddable":true,"href":"https:\/\/olemosaic.com\/fr\/wp-json\/wp\/v2\/product_brand?post=28097"},{"taxonomy":"product_cat","embeddable":true,"href":"https:\/\/olemosaic.com\/fr\/wp-json\/wp\/v2\/product_cat?post=28097"},{"taxonomy":"product_tag","embeddable":true,"href":"https:\/\/olemosaic.com\/fr\/wp-json\/wp\/v2\/product_tag?post=28097"}],"curies":[{"name":"wp","href":"https:\/\/api.w.org\/{rel}","templated":true}]}}