{"id":28085,"date":"2025-02-20T23:29:47","date_gmt":"2025-02-20T22:29:47","guid":{"rendered":"http:\/\/olemosaic.com\/producto\/bol-de-coco-azul-tortuga-menorca\/"},"modified":"2025-07-25T18:53:15","modified_gmt":"2025-07-25T16:53:15","slug":"bol-noix-de-coco-bleu-tortue-minorque","status":"publish","type":"product","link":"https:\/\/olemosaic.com\/fr\/produit\/bol-noix-de-coco-bleu-tortue-minorque\/","title":{"rendered":"Bol en noix de coco bleu. Tortue. Minorque."},"content":{"rendered":"<p>Ce bol en noix de coco bleu, d\u00e9cor\u00e9 d&rsquo;un charmant motif de tortue, est une pi\u00e8ce qui incarne l&rsquo;essence de Minorque. Il est id\u00e9al pour ceux qui recherchent un souvenir authentique capturant la beaut\u00e9 de cette \u00eele m\u00e9diterran\u00e9enne. Sa finition dans des tons bleus d\u00e9licats \u00e9voque les eaux cristallines de la mer qui entoure Minorque, tandis que les taches, dispos\u00e9es de mani\u00e8re organique, apportent une sensation de mouvement et de fluidit\u00e9, comme les vagues de l&rsquo;oc\u00e9an. Au centre du bol, la tortue, symbole embl\u00e9matique de la faune marine locale, se distingue par un design soigneusement \u00e9labor\u00e9, compl\u00e9t\u00e9 par le texte \u00ab\u00a0MENORCA\u00a0\u00bb qui souligne son origine.<\/p>\n<p>Cet article, fabriqu\u00e9 un par un \u00e0 partir de noix de coco, est non seulement esth\u00e9tiquement attrayant, mais aussi fonctionnel. Il est parfait pour d\u00e9corer n&rsquo;importe quelle maison ou pour une utilisation quotidienne. L&rsquo;artisanat derri\u00e8re ce bol refl\u00e8te la riche tradition culturelle de Minorque, o\u00f9 chaque pi\u00e8ce raconte une histoire unique li\u00e9e \u00e0 la nature et \u00e0 l&rsquo;environnement marin.<\/p>\n<p>Chez Ol\u00e9 Mosaic, nous nous sp\u00e9cialisons dans la distribution de souvenirs en gros, et ce bol en noix de coco est une excellente option pour les boutiques de cadeaux touristiques qui cherchent \u00e0 proposer des articles authentiques et repr\u00e9sentatifs de Minorque. En tant que grossistes de produits artisanaux, nous garantissons la qualit\u00e9 et l&rsquo;unicit\u00e9 de chaque article, ce qui fait de ce bol un souvenir exceptionnel pour tout visiteur de l&rsquo;\u00eele.<\/p>\n","protected":false},"excerpt":{"rendered":"<p>Bol en noix de coco bleu d\u00e9cor\u00e9 d&rsquo;un motif de tortue, repr\u00e9sentant l&rsquo;essence de Minorque. Ce bol attrayant pr\u00e9sente une finition dans les tons bleus, avec des mouchetures \u00e9voquant la mer. La tortue, symbole de la faune marine de l&rsquo;\u00eele, est dessin\u00e9e au centre du bol, avec le mot \u00ab\u00a0MENORCA\u00a0\u00bb. Fabriqu\u00e9 en noix de coco, cet article artisanal allie fonctionnalit\u00e9 et esth\u00e9tique, id\u00e9al pour compl\u00e9ter n&rsquo;importe quel foyer.<\/p>\n","protected":false},"featured_media":11913,"template":"","meta":{"_acf_changed":false},"product_brand":[],"product_cat":[521],"product_tag":[530],"class_list":{"0":"post-28085","1":"product","2":"type-product","3":"status-publish","4":"has-post-thumbnail","6":"product_cat-bols","7":"product_tag-animaux","8":"pa_ciudad-menorca","9":"pa_motivo-tortues","10":"pa_pais-espana","12":"first","13":"instock","14":"shipping-taxable","15":"product-type-simple"},"acf":[],"_links":{"self":[{"href":"https:\/\/olemosaic.com\/fr\/wp-json\/wp\/v2\/product\/28085","targetHints":{"allow":["GET"]}}],"collection":[{"href":"https:\/\/olemosaic.com\/fr\/wp-json\/wp\/v2\/product"}],"about":[{"href":"https:\/\/olemosaic.com\/fr\/wp-json\/wp\/v2\/types\/product"}],"wp:featuredmedia":[{"embeddable":true,"href":"https:\/\/olemosaic.com\/fr\/wp-json\/wp\/v2\/media\/11913"}],"wp:attachment":[{"href":"https:\/\/olemosaic.com\/fr\/wp-json\/wp\/v2\/media?parent=28085"}],"wp:term":[{"taxonomy":"product_brand","embeddable":true,"href":"https:\/\/olemosaic.com\/fr\/wp-json\/wp\/v2\/product_brand?post=28085"},{"taxonomy":"product_cat","embeddable":true,"href":"https:\/\/olemosaic.com\/fr\/wp-json\/wp\/v2\/product_cat?post=28085"},{"taxonomy":"product_tag","embeddable":true,"href":"https:\/\/olemosaic.com\/fr\/wp-json\/wp\/v2\/product_tag?post=28085"}],"curies":[{"name":"wp","href":"https:\/\/api.w.org\/{rel}","templated":true}]}}