{"id":28084,"date":"2025-02-20T23:29:46","date_gmt":"2025-02-20T22:29:46","guid":{"rendered":"http:\/\/olemosaic.com\/producto\/bol-de-coco-azul-tortuga-mallorca-2\/"},"modified":"2025-07-25T19:55:54","modified_gmt":"2025-07-25T17:55:54","slug":"bol-noix-de-coco-bleu-tortue-majorque-2","status":"publish","type":"product","link":"https:\/\/olemosaic.com\/fr\/produit\/bol-noix-de-coco-bleu-tortue-majorque-2\/","title":{"rendered":"Bol en noix de coco bleu. Tortue. Style m\u00e9diterran\u00e9en. Majorque. Bal\u00e9ares."},"content":{"rendered":"<p>Ce bol en noix de coco bleu, d\u00e9cor\u00e9 d&rsquo;un charmant motif de tortue, est un souvenir incontournable de la magnifique \u00eele de Majorque. Sa finition brillante et sa couleur bleue vibrante \u00e9voquent les eaux cristallines de la mer M\u00e9diterran\u00e9e, tandis que les taches dans des tons plus sombres ajoutent une texture fascinante qui invite le regard. Au centre de la pi\u00e8ce, se d\u00e9tache une tortue peinte, qui symbolise la riche biodiversit\u00e9 marine de la r\u00e9gion. Sous la tortue, le mot \u00ab\u00a0MALLORCA\u00a0\u00bb apporte une touche distinctive, fusionnant l&rsquo;esth\u00e9tique locale avec un design moderne et attrayant.<\/p>\n<p>Cet \u00e9l\u00e9gant bol est non seulement id\u00e9al pour servir des ap\u00e9ritifs lors d&rsquo;une soir\u00e9e d&rsquo;\u00e9t\u00e9 ou comme \u00e9l\u00e9ment d\u00e9coratif dans n&rsquo;importe quelle maison, mais il repr\u00e9sente \u00e9galement le lien profond de Majorque avec son environnement marin. La tortue, figure embl\u00e9matique de la culture locale, rappelle l&rsquo;importance de la conservation de la vie marine, une valeur tr\u00e8s appr\u00e9ci\u00e9e par les habitants de l&rsquo;\u00eele.<\/p>\n<p>Chez Ol\u00e9 Mosaic, nous nous engageons dans la distribution de souvenirs authentiques et repr\u00e9sentatifs, et ce bol en noix de coco bleu est une excellente option pour les boutiques de cadeaux touristiques qui recherchent des produits de qualit\u00e9. En tant que grossistes de souvenirs, nous garantissons que chaque pi\u00e8ce est unique, capturant l&rsquo;essence culturelle et la beaut\u00e9 de Majorque.<\/p>\n","protected":false},"excerpt":{"rendered":"<p>Bol en noix de coco bleu d\u00e9cor\u00e9 d&rsquo;un charmant motif de tortue, inspir\u00e9 par la beaut\u00e9 de la mer de Majorque. Cet \u00e9l\u00e9gant bol pr\u00e9sente une finition brillante et une couleur bleue qui \u00e9voque les eaux cristallines, avec des taches dans des tons plus sombres qui ajoutent de la texture. Au centre, une tortue peinte se d\u00e9tache, accompagn\u00e9e du texte \u00ab\u00a0MALLORCA\u00a0\u00bb, fusionnant l&rsquo;esth\u00e9tique locale avec une touche moderne. Id\u00e9al comme \u00e9l\u00e9ment d\u00e9coratif ou pour servir des ap\u00e9ritifs dans une ambiance estivale.<\/p>\n","protected":false},"featured_media":11893,"template":"","meta":{"_acf_changed":false},"product_brand":[],"product_cat":[521],"product_tag":[530],"class_list":{"0":"post-28084","1":"product","2":"type-product","3":"status-publish","4":"has-post-thumbnail","6":"product_cat-bols","7":"product_tag-animaux","8":"pa_ciudad-mallorca","9":"pa_motivo-tortues","10":"pa_pais-espana","12":"first","13":"instock","14":"shipping-taxable","15":"product-type-simple"},"acf":[],"_links":{"self":[{"href":"https:\/\/olemosaic.com\/fr\/wp-json\/wp\/v2\/product\/28084","targetHints":{"allow":["GET"]}}],"collection":[{"href":"https:\/\/olemosaic.com\/fr\/wp-json\/wp\/v2\/product"}],"about":[{"href":"https:\/\/olemosaic.com\/fr\/wp-json\/wp\/v2\/types\/product"}],"wp:featuredmedia":[{"embeddable":true,"href":"https:\/\/olemosaic.com\/fr\/wp-json\/wp\/v2\/media\/11893"}],"wp:attachment":[{"href":"https:\/\/olemosaic.com\/fr\/wp-json\/wp\/v2\/media?parent=28084"}],"wp:term":[{"taxonomy":"product_brand","embeddable":true,"href":"https:\/\/olemosaic.com\/fr\/wp-json\/wp\/v2\/product_brand?post=28084"},{"taxonomy":"product_cat","embeddable":true,"href":"https:\/\/olemosaic.com\/fr\/wp-json\/wp\/v2\/product_cat?post=28084"},{"taxonomy":"product_tag","embeddable":true,"href":"https:\/\/olemosaic.com\/fr\/wp-json\/wp\/v2\/product_tag?post=28084"}],"curies":[{"name":"wp","href":"https:\/\/api.w.org\/{rel}","templated":true}]}}