{"id":28083,"date":"2025-02-20T23:29:46","date_gmt":"2025-02-20T22:29:46","guid":{"rendered":"http:\/\/olemosaic.com\/producto\/bol-de-coco-azul-delfin-gran-canaria\/"},"modified":"2025-07-25T19:52:25","modified_gmt":"2025-07-25T17:52:25","slug":"bol-noix-de-coco-bleu-dauphin-grande-canarie","status":"publish","type":"product","link":"https:\/\/olemosaic.com\/fr\/produit\/bol-noix-de-coco-bleu-dauphin-grande-canarie\/","title":{"rendered":"Bol en noix de coco bleu. Dauphin. Grande Canarie."},"content":{"rendered":"<p>Ce bol en noix de coco bleu, d\u00e9cor\u00e9 d&rsquo;un charmant motif de dauphins, est une pi\u00e8ce unique qui capture l&rsquo;essence de l&rsquo;oc\u00e9an de Grande Canarie. Avec une finition peinte \u00e0 la main qui m\u00e9lange des tons bleus avec de d\u00e9licats d\u00e9tails dor\u00e9s, ce bol se distingue par son attrait visuel et sa capacit\u00e9 \u00e0 \u00e9voquer la beaut\u00e9 marine de l&rsquo;archipel des Canaries. Au centre de la pi\u00e8ce, deux dauphins jouent \u00e9l\u00e9gamment, repr\u00e9sentant la riche faune marine locale, tandis que le texte \u00ab\u00a0Gran Canaria\u00a0\u00bb ajoute une touche authentique \u00e0 cette \u0153uvre artisanale.<\/p>\n<p>La surface du bol pr\u00e9sente un design textur\u00e9 qui simule les vagues de la mer, et les dauphins sont m\u00e9ticuleusement mis en lumi\u00e8re avec une combinaison de couleurs qui souligne leur forme et leur mouvement, transformant ce produit en un \u00e9l\u00e9ment d\u00e9coratif attrayant, ainsi qu&rsquo;en un r\u00e9cipient pratique pour servir des ap\u00e9ritifs. Ce bol n&rsquo;est pas seulement une excellente repr\u00e9sentation de la culture canarienne, mais il agit \u00e9galement comme un souvenir significatif qui peut rappeler aux touristes leurs souvenirs sur l&rsquo;\u00eele.<\/p>\n<p>Chez Ol\u00e9 Mosaic, nous nous consacrons \u00e0 offrir des souvenirs authentiques et repr\u00e9sentatifs, et ce bol en noix de coco bleu est un choix parfait pour les boutiques de cadeaux touristiques qui recherchent des produits de qualit\u00e9 et avec une pertinence culturelle. En tant que grossiste de souvenirs de Grande Canarie, nous garantissons l&rsquo;artisanat et la singularit\u00e9 de chaque pi\u00e8ce, faisant de ce bol un excellent cadeau pour ceux qui souhaitent emporter un morceau du charme canarien chez eux.<\/p>\n","protected":false},"excerpt":{"rendered":"<p>Bol en noix de coco bleu d\u00e9cor\u00e9 d&rsquo;un motif de dauphins, repr\u00e9sentant la beaut\u00e9 de l&rsquo;oc\u00e9an de Grande Canarie. Ce bol exclusif pr\u00e9sente une finition au design artisanal, peint \u00e0 la main, avec des tons bleus et des d\u00e9tails dor\u00e9s, cr\u00e9ant un contraste visuel attrayant. Au centre, deux dauphins symbolisent la faune marine locale, accompagn\u00e9s du texte \u00ab Gran Canaria \u00bb. Id\u00e9al comme \u00e9l\u00e9ment d\u00e9coratif ou pour servir des ap\u00e9ritifs, ce bol capture l&rsquo;essence de l&rsquo;archipel des Canaries.<\/p>\n","protected":false},"featured_media":10147,"template":"","meta":{"_acf_changed":false},"product_brand":[],"product_cat":[521],"product_tag":[530],"class_list":{"0":"post-28083","1":"product","2":"type-product","3":"status-publish","4":"has-post-thumbnail","6":"product_cat-bols","7":"product_tag-animaux","8":"pa_ciudad-gran-canaria","9":"pa_motivo-dauphins","10":"pa_pais-espana","12":"first","13":"instock","14":"shipping-taxable","15":"product-type-simple"},"acf":[],"_links":{"self":[{"href":"https:\/\/olemosaic.com\/fr\/wp-json\/wp\/v2\/product\/28083","targetHints":{"allow":["GET"]}}],"collection":[{"href":"https:\/\/olemosaic.com\/fr\/wp-json\/wp\/v2\/product"}],"about":[{"href":"https:\/\/olemosaic.com\/fr\/wp-json\/wp\/v2\/types\/product"}],"wp:featuredmedia":[{"embeddable":true,"href":"https:\/\/olemosaic.com\/fr\/wp-json\/wp\/v2\/media\/10147"}],"wp:attachment":[{"href":"https:\/\/olemosaic.com\/fr\/wp-json\/wp\/v2\/media?parent=28083"}],"wp:term":[{"taxonomy":"product_brand","embeddable":true,"href":"https:\/\/olemosaic.com\/fr\/wp-json\/wp\/v2\/product_brand?post=28083"},{"taxonomy":"product_cat","embeddable":true,"href":"https:\/\/olemosaic.com\/fr\/wp-json\/wp\/v2\/product_cat?post=28083"},{"taxonomy":"product_tag","embeddable":true,"href":"https:\/\/olemosaic.com\/fr\/wp-json\/wp\/v2\/product_tag?post=28083"}],"curies":[{"name":"wp","href":"https:\/\/api.w.org\/{rel}","templated":true}]}}