{"id":28082,"date":"2025-02-20T23:29:46","date_gmt":"2025-02-20T22:29:46","guid":{"rendered":"http:\/\/olemosaic.com\/producto\/bol-de-coco-azul-delfin-mallorca-4\/"},"modified":"2025-07-25T19:49:32","modified_gmt":"2025-07-25T17:49:32","slug":"bol-noix-de-coco-bleu-dauphin-majorque-4","status":"publish","type":"product","link":"https:\/\/olemosaic.com\/fr\/produit\/bol-noix-de-coco-bleu-dauphin-majorque-4\/","title":{"rendered":"Bol en noix de coco bleu. Dauphin. Style m\u00e9diterran\u00e9en. Majorque. Espagne."},"content":{"rendered":"<p>Ce bol en noix de coco bleu, d\u00e9cor\u00e9 d&rsquo;un charmant dauphin, est un v\u00e9ritable tr\u00e9sor de Majorque qui capture l&rsquo;essence de la M\u00e9diterran\u00e9e et sert de d\u00e9licat rappel des merveilles de l&rsquo;\u00eele. Le design, peint \u00e0 la main, pr\u00e9sente une bordure bleue vibrante qui encadre un festival de c\u0153urs dans les tons rose, vert et violet, apportant un air joyeux et color\u00e9 \u00e0 n&rsquo;importe quel espace. Au centre du bol, un dauphin sculpt\u00e9 avec une finition brillante se dresse majestueusement, symbolisant la richesse marine et la biodiversit\u00e9 de l&rsquo;environnement bal\u00e9are. En dessous, le mot \u00ab\u00a0MALLORCA\u00a0\u00bb est \u00e9l\u00e9gamment incrust\u00e9, renfor\u00e7ant le caract\u00e8re local du souvenir.<\/p>\n<p>Ce bol en noix de coco est plus qu&rsquo;un simple objet d\u00e9coratif ; c&rsquo;est une connexion culturelle avec Majorque, o\u00f9 le dauphin est un symbole essentiel de ses eaux cristallines et de la vie marine qui les habite. Id\u00e9al pour les touristes \u00e0 la recherche d&rsquo;un souvenir unique et authentique, ce bol repr\u00e9sente la tradition artisanale majorquine. Chez Ol\u00e9 Mosaic, en tant que distributeurs de souvenirs en gros, nous proposons des articles authentiques et de haute qualit\u00e9. Ce bol est un choix parfait pour les boutiques de cadeaux touristiques qui recherchent des produits alliant beaut\u00e9, pertinence culturelle et fonctionnalit\u00e9. Non seulement il embellira la maison de celui qui l&rsquo;acquiert, mais il \u00e9voquera \u00e9galement de pr\u00e9cieux souvenirs de l&rsquo;exp\u00e9rience de visite des c\u00f4tes de Majorque.<\/p>\n","protected":false},"excerpt":{"rendered":"<p>Bol en noix de coco bleu d\u00e9cor\u00e9 d&rsquo;un sympathique dauphin, symbole de la mer M\u00e9diterran\u00e9e et originaire de Majorque. Cet article pr\u00e9sente un design artisanal, peint \u00e0 la main, qui se distingue par sa bordure bleue et ses c\u0153urs color\u00e9s dans les tons rose, vert et violet. Au centre, le dauphin arbore une finition brillante, et le mot \u00ab\u00a0MALLORCA\u00a0\u00bb est d\u00e9licatement incrust\u00e9 dans la partie inf\u00e9rieure du bol. Parfait pour apporter une touche distinctive et joyeuse \u00e0 n&rsquo;importe quel foyer.<\/p>\n","protected":false},"featured_media":10355,"template":"","meta":{"_acf_changed":false},"product_brand":[],"product_cat":[521],"product_tag":[530],"class_list":{"0":"post-28082","1":"product","2":"type-product","3":"status-publish","4":"has-post-thumbnail","6":"product_cat-bols","7":"product_tag-animaux","8":"pa_ciudad-mallorca","9":"pa_motivo-dauphins","10":"pa_pais-espana","12":"first","13":"instock","14":"shipping-taxable","15":"product-type-simple"},"acf":[],"_links":{"self":[{"href":"https:\/\/olemosaic.com\/fr\/wp-json\/wp\/v2\/product\/28082","targetHints":{"allow":["GET"]}}],"collection":[{"href":"https:\/\/olemosaic.com\/fr\/wp-json\/wp\/v2\/product"}],"about":[{"href":"https:\/\/olemosaic.com\/fr\/wp-json\/wp\/v2\/types\/product"}],"wp:featuredmedia":[{"embeddable":true,"href":"https:\/\/olemosaic.com\/fr\/wp-json\/wp\/v2\/media\/10355"}],"wp:attachment":[{"href":"https:\/\/olemosaic.com\/fr\/wp-json\/wp\/v2\/media?parent=28082"}],"wp:term":[{"taxonomy":"product_brand","embeddable":true,"href":"https:\/\/olemosaic.com\/fr\/wp-json\/wp\/v2\/product_brand?post=28082"},{"taxonomy":"product_cat","embeddable":true,"href":"https:\/\/olemosaic.com\/fr\/wp-json\/wp\/v2\/product_cat?post=28082"},{"taxonomy":"product_tag","embeddable":true,"href":"https:\/\/olemosaic.com\/fr\/wp-json\/wp\/v2\/product_tag?post=28082"}],"curies":[{"name":"wp","href":"https:\/\/api.w.org\/{rel}","templated":true}]}}