{"id":28081,"date":"2025-02-20T23:29:46","date_gmt":"2025-02-20T22:29:46","guid":{"rendered":"http:\/\/olemosaic.com\/producto\/bol-de-coco-azul-caballito-de-mar-3\/"},"modified":"2025-07-25T19:20:12","modified_gmt":"2025-07-25T17:20:12","slug":"bol-noix-de-coco-bleu-hippocampe-3","status":"publish","type":"product","link":"https:\/\/olemosaic.com\/fr\/produit\/bol-noix-de-coco-bleu-hippocampe-3\/","title":{"rendered":"Bol en noix de coco bleu. Hippocampe. Style m\u00e9diterran\u00e9en."},"content":{"rendered":"<p>Ce bol en noix de coco bleu, d\u00e9cor\u00e9 d&rsquo;un charmant hippocampe, est une pi\u00e8ce unique qui renferme l&rsquo;essence de la mer dans son design. Fabriqu\u00e9 \u00e0 partir de la coque d&rsquo;une noix de coco, le bol pr\u00e9sente une surface \u00e0 effet peint \u00e0 la main o\u00f9 se d\u00e9tache un hippocampe brillant dans les tons marron, sur un fond compos\u00e9 d&rsquo;une mosa\u00efque complexe dans diverses nuances de bleu. Le bord du bol, avec sa finition naturelle, \u00e9voque la rusticit\u00e9 et l&rsquo;authenticit\u00e9 de l&rsquo;artisanat traditionnel.<\/p>\n<p>Entourant l&rsquo;hippocampe, une vari\u00e9t\u00e9 color\u00e9e de c\u0153urs en rose, vert et jaune apporte une touche vibrante et joyeuse, \u00e9voquant les douces vagues et la beaut\u00e9 de l&rsquo;oc\u00e9an. Id\u00e9al aussi bien pour servir des ap\u00e9ritifs lors d&rsquo;une r\u00e9union de famille que pour \u00eatre utilis\u00e9 comme une charmante pi\u00e8ce d\u00e9corative dans la maison, ce bol allie fonctionnalit\u00e9 et esth\u00e9tique.<\/p>\n<p>Ce produit est un cadeau parfait pour les touristes \u00e0 la recherche de souvenirs authentiques, car il refl\u00e8te \u00e0 la fois la riche culture c\u00f4ti\u00e8re et la tradition artisanale de la r\u00e9gion. Chez Ol\u00e9 Mosaic, nous nous sp\u00e9cialisons dans la distribution en gros de souvenirs qui capturent l&rsquo;essence de leurs lieux d&rsquo;origine, ce qui fait de ce bol un excellent article pour les boutiques de cadeaux touristiques qui appr\u00e9cient la qualit\u00e9 et la connexion culturelle. Avec ce bol en noix de coco, emporter un petit morceau d&rsquo;oc\u00e9an n&rsquo;a jamais \u00e9t\u00e9 aussi beau ni aussi significatif.<\/p>\n","protected":false},"excerpt":{"rendered":"<p>Bol en noix de coco bleu d\u00e9cor\u00e9 d&rsquo;un charmant hippocampe. Ce bol attrayant pr\u00e9sente un design artisanal, peint \u00e0 la main, avec un bord en mosa\u00efque complexe dans les tons bleus et un d\u00e9licat bord naturel. L&rsquo;hippocampe central se d\u00e9tache dans les tons marron, entour\u00e9 de c\u0153urs color\u00e9s en rose, vert et jaune, \u00e9voquant l&rsquo;esprit de l&rsquo;oc\u00e9an. Id\u00e9al pour servir des ap\u00e9ritifs ou comme pi\u00e8ce d\u00e9corative, ce bol allie beaut\u00e9 et fonctionnalit\u00e9.<\/p>\n","protected":false},"featured_media":10283,"template":"","meta":{"_acf_changed":false},"product_brand":[],"product_cat":[521],"product_tag":[530],"class_list":{"0":"post-28081","1":"product","2":"type-product","3":"status-publish","4":"has-post-thumbnail","6":"product_cat-bols","7":"product_tag-animaux","8":"pa_motivo-hippocampes","10":"first","11":"instock","12":"shipping-taxable","13":"product-type-simple"},"acf":[],"_links":{"self":[{"href":"https:\/\/olemosaic.com\/fr\/wp-json\/wp\/v2\/product\/28081","targetHints":{"allow":["GET"]}}],"collection":[{"href":"https:\/\/olemosaic.com\/fr\/wp-json\/wp\/v2\/product"}],"about":[{"href":"https:\/\/olemosaic.com\/fr\/wp-json\/wp\/v2\/types\/product"}],"wp:featuredmedia":[{"embeddable":true,"href":"https:\/\/olemosaic.com\/fr\/wp-json\/wp\/v2\/media\/10283"}],"wp:attachment":[{"href":"https:\/\/olemosaic.com\/fr\/wp-json\/wp\/v2\/media?parent=28081"}],"wp:term":[{"taxonomy":"product_brand","embeddable":true,"href":"https:\/\/olemosaic.com\/fr\/wp-json\/wp\/v2\/product_brand?post=28081"},{"taxonomy":"product_cat","embeddable":true,"href":"https:\/\/olemosaic.com\/fr\/wp-json\/wp\/v2\/product_cat?post=28081"},{"taxonomy":"product_tag","embeddable":true,"href":"https:\/\/olemosaic.com\/fr\/wp-json\/wp\/v2\/product_tag?post=28081"}],"curies":[{"name":"wp","href":"https:\/\/api.w.org\/{rel}","templated":true}]}}