{"id":28075,"date":"2025-02-20T23:29:46","date_gmt":"2025-02-20T22:29:46","guid":{"rendered":"http:\/\/olemosaic.com\/producto\/bol-de-coco-azul-delfin-mallorca-3\/"},"modified":"2025-07-25T19:41:16","modified_gmt":"2025-07-25T17:41:16","slug":"bol-noix-de-coco-bleu-dauphin-majorque-3","status":"publish","type":"product","link":"https:\/\/olemosaic.com\/fr\/produit\/bol-noix-de-coco-bleu-dauphin-majorque-3\/","title":{"rendered":"Bol en noix de coco bleu. Dauphin. \u00cele. Majorque."},"content":{"rendered":"<p>Ce bol en noix de coco bleu, orn\u00e9 d&rsquo;un \u00e9l\u00e9gant design de dauphin, est un authentique souvenir qui capture l&rsquo;essence de la mer M\u00e9diterran\u00e9e et la beaut\u00e9 naturelle de Majorque. \u00c9labor\u00e9 \u00e0 partir de coques de noix de coco recycl\u00e9es, il pr\u00e9sente une finition brillante qui fait ressortir les tons vibrants bleus et dor\u00e9s de sa surface, cr\u00e9ant une pi\u00e8ce visuellement frappante et unique. Au centre, une gravure d\u00e9licate d&rsquo;un dauphin ajoute non seulement du caract\u00e8re au design, mais symbolise \u00e9galement la riche faune marine qui entoure l&rsquo;\u00eele. L&rsquo;inscription \u00ab\u00a0MALLORCA\u00a0\u00bb est \u00e9l\u00e9gamment incrust\u00e9e \u00e0 la base du bol, ce qui en fait le souvenir parfait d&rsquo;une visite sur cette \u00eele idyllique des Bal\u00e9ares.<\/p>\n<p>Id\u00e9al comme objet d\u00e9coratif ou pour un usage quotidien, ce bol combine fonctionnalit\u00e9 et touche artistique \u00e9voquant l&rsquo;atmosph\u00e8re m\u00e9diterran\u00e9enne. Son design polyvalent lui permet de s&rsquo;int\u00e9grer dans n&rsquo;importe quel environnement, des cuisines modernes aux d\u00e9corations rustiques, ce qui en fait un cadeau attrayant pour les touristes \u00e0 la recherche de souvenirs authentiques. Chez Ol\u00e9 Mosaic, nous sommes sp\u00e9cialis\u00e9s dans la distribution de souvenirs en gros, et ce bol en noix de coco est une option incomparable pour les boutiques de cadeaux touristiques souhaitant proposer des produits c\u00e9l\u00e9brant la culture locale et la beaut\u00e9 de Majorque. Ce bol en noix de coco repr\u00e9sente plus qu&rsquo;un simple objet ; c&rsquo;est une pi\u00e8ce d&rsquo;art qui cr\u00e9e un lien \u00e9motionnel avec ceux qui la poss\u00e8dent.<\/p>\n","protected":false},"excerpt":{"rendered":"<p>Bol en noix de coco bleu, d\u00e9cor\u00e9 d&rsquo;un \u00e9l\u00e9gant design de dauphin repr\u00e9sentant la beaut\u00e9 marine de Majorque. Ce souvenir original est \u00e9labor\u00e9 en noix de coco, avec une finition brillante qui fait ressortir les tons dor\u00e9s et bleus de sa surface. Il pr\u00e9sente une gravure \u00ab\u00a0MALLORCA\u00a0\u00bb, capturant l&rsquo;essence de l&rsquo;\u00eele. Id\u00e9al comme objet d\u00e9coratif ou pour un usage quotidien, il combine fonctionnalit\u00e9 et une touche artistique \u00e9voquant l&rsquo;atmosph\u00e8re m\u00e9diterran\u00e9enne.<\/p>\n","protected":false},"featured_media":10143,"template":"","meta":{"_acf_changed":false},"product_brand":[],"product_cat":[521],"product_tag":[530],"class_list":{"0":"post-28075","1":"product","2":"type-product","3":"status-publish","4":"has-post-thumbnail","6":"product_cat-bols","7":"product_tag-animaux","8":"pa_ciudad-mallorca","9":"pa_motivo-dauphins","10":"pa_pais-espana","12":"first","13":"instock","14":"shipping-taxable","15":"product-type-simple"},"acf":[],"_links":{"self":[{"href":"https:\/\/olemosaic.com\/fr\/wp-json\/wp\/v2\/product\/28075","targetHints":{"allow":["GET"]}}],"collection":[{"href":"https:\/\/olemosaic.com\/fr\/wp-json\/wp\/v2\/product"}],"about":[{"href":"https:\/\/olemosaic.com\/fr\/wp-json\/wp\/v2\/types\/product"}],"wp:featuredmedia":[{"embeddable":true,"href":"https:\/\/olemosaic.com\/fr\/wp-json\/wp\/v2\/media\/10143"}],"wp:attachment":[{"href":"https:\/\/olemosaic.com\/fr\/wp-json\/wp\/v2\/media?parent=28075"}],"wp:term":[{"taxonomy":"product_brand","embeddable":true,"href":"https:\/\/olemosaic.com\/fr\/wp-json\/wp\/v2\/product_brand?post=28075"},{"taxonomy":"product_cat","embeddable":true,"href":"https:\/\/olemosaic.com\/fr\/wp-json\/wp\/v2\/product_cat?post=28075"},{"taxonomy":"product_tag","embeddable":true,"href":"https:\/\/olemosaic.com\/fr\/wp-json\/wp\/v2\/product_tag?post=28075"}],"curies":[{"name":"wp","href":"https:\/\/api.w.org\/{rel}","templated":true}]}}