{"id":28074,"date":"2025-02-20T23:29:45","date_gmt":"2025-02-20T22:29:45","guid":{"rendered":"http:\/\/olemosaic.com\/producto\/bol-de-coco-azul-delfin-4\/"},"modified":"2025-07-25T19:54:20","modified_gmt":"2025-07-25T17:54:20","slug":"bol-noix-de-coco-bleu-dauphin-4","status":"publish","type":"product","link":"https:\/\/olemosaic.com\/fr\/produit\/bol-noix-de-coco-bleu-dauphin-4\/","title":{"rendered":"Bol en noix de coco bleu. Dauphin. Style m\u00e9diterran\u00e9en. Espagne."},"content":{"rendered":"<p>Ce bol en noix de coco bleu, d\u00e9cor\u00e9 d&rsquo;un \u00e9l\u00e9gant dauphin, est une pi\u00e8ce unique qui capture la beaut\u00e9 de l&rsquo;oc\u00e9an dans la maison. Son design pr\u00e9sente une gamme de tons bleus \u00e9voquant la profondeur de la mer, cr\u00e9ant une atmosph\u00e8re rafra\u00eechissante et relaxante. Au centre, un dauphin avec une finition m\u00e9tallique se d\u00e9tache avec gr\u00e2ce, symbolisant la connexion avec la nature marine et la vie qui abonde sur les c\u00f4tes m\u00e9diterran\u00e9ennes. La forme organique du bol refl\u00e8te les formes naturelles de l&rsquo;oc\u00e9an, invitant les spectateurs \u00e0 s&rsquo;immerger visuellement dans ses vagues et ses textures.<\/p>\n<p>La technique de la mosa\u00efque, utilis\u00e9e pour cr\u00e9er les d\u00e9tails du bol, offre une finition visuellement attrayante et tactile, faisant de cet objet une pi\u00e8ce d\u00e9corative exceptionnelle. Id\u00e9al pour \u00eatre expos\u00e9 comme centre de table ou pour ranger de petits objets, ce bol est un excellent souvenir qui ajoute une touche d&rsquo;authenticit\u00e9 et de fra\u00eecheur \u00e0 n&rsquo;importe quel environnement.<\/p>\n<p>Originaire des r\u00e9gions c\u00f4ti\u00e8res d&rsquo;Espagne, ce bol ne repr\u00e9sente pas seulement l&rsquo;art et la cr\u00e9ativit\u00e9 locale, mais il est aussi un rappel du mode de vie m\u00e9diterran\u00e9en. Chez Ol\u00e9 Mosaic, nous nous consacrons \u00e0 la distribution de souvenirs authentiques en gros, et ce bol en noix de coco bleu est un choix parfait pour les boutiques recherchant des produits repr\u00e9sentatifs et culturellement significatifs. Avec sa beaut\u00e9 et son symbolisme, il offre une exp\u00e9rience unique aux touristes en qu\u00eate de souvenirs c\u00e9l\u00e9brant l&rsquo;essence de la mer.<\/p>\n","protected":false},"excerpt":{"rendered":"<p>Bol en noix de coco bleu d\u00e9cor\u00e9 d&rsquo;un \u00e9l\u00e9gant dauphin, id\u00e9al pour ajouter une touche de fra\u00eecheur \u00e0 votre int\u00e9rieur. Ce bol exclusif pr\u00e9sente un design dans les tons bleus imitant la profondeur de l&rsquo;oc\u00e9an, avec un magnifique dauphin au centre mis en valeur par une finition m\u00e9tallique. Sa forme organique \u00e9voque les formes naturelles, tandis que la technique de la mosa\u00efque offre une texture visuelle attrayante, parfaite pour \u00eatre expos\u00e9e ou utilis\u00e9e comme pi\u00e8ce d\u00e9corative dans n&rsquo;importe quel environnement.<\/p>\n","protected":false},"featured_media":11841,"template":"","meta":{"_acf_changed":false},"product_brand":[],"product_cat":[521],"product_tag":[530],"class_list":{"0":"post-28074","1":"product","2":"type-product","3":"status-publish","4":"has-post-thumbnail","6":"product_cat-bols","7":"product_tag-animaux","8":"pa_motivo-dauphins","10":"first","11":"instock","12":"shipping-taxable","13":"product-type-simple"},"acf":[],"_links":{"self":[{"href":"https:\/\/olemosaic.com\/fr\/wp-json\/wp\/v2\/product\/28074","targetHints":{"allow":["GET"]}}],"collection":[{"href":"https:\/\/olemosaic.com\/fr\/wp-json\/wp\/v2\/product"}],"about":[{"href":"https:\/\/olemosaic.com\/fr\/wp-json\/wp\/v2\/types\/product"}],"wp:featuredmedia":[{"embeddable":true,"href":"https:\/\/olemosaic.com\/fr\/wp-json\/wp\/v2\/media\/11841"}],"wp:attachment":[{"href":"https:\/\/olemosaic.com\/fr\/wp-json\/wp\/v2\/media?parent=28074"}],"wp:term":[{"taxonomy":"product_brand","embeddable":true,"href":"https:\/\/olemosaic.com\/fr\/wp-json\/wp\/v2\/product_brand?post=28074"},{"taxonomy":"product_cat","embeddable":true,"href":"https:\/\/olemosaic.com\/fr\/wp-json\/wp\/v2\/product_cat?post=28074"},{"taxonomy":"product_tag","embeddable":true,"href":"https:\/\/olemosaic.com\/fr\/wp-json\/wp\/v2\/product_tag?post=28074"}],"curies":[{"name":"wp","href":"https:\/\/api.w.org\/{rel}","templated":true}]}}