{"id":28073,"date":"2025-02-20T23:29:45","date_gmt":"2025-02-20T22:29:45","guid":{"rendered":"http:\/\/olemosaic.com\/producto\/bol-de-coco-azul-delfin-3\/"},"modified":"2025-07-25T19:37:13","modified_gmt":"2025-07-25T17:37:13","slug":"bol-noix-de-coco-bleu-dauphin-3","status":"publish","type":"product","link":"https:\/\/olemosaic.com\/fr\/produit\/bol-noix-de-coco-bleu-dauphin-3\/","title":{"rendered":"Bol en noix de coco bleu. Dauphin. Mosa\u00efque."},"content":{"rendered":"<p>Ce bol en noix de coco bleu, orn\u00e9 d&rsquo;un \u00e9l\u00e9gant dauphin blanc, est le compl\u00e9ment parfait pour rehausser l&rsquo;esth\u00e9tique marine de n&rsquo;importe quel foyer. \u00c9labor\u00e9 avec un mat\u00e9riau \u00e9cologique, ce produit se distingue par son design qui combine un fond bleu intense avec un bord artisanal orn\u00e9 de d\u00e9tails en mosa\u00efque. Au centre du bol, un dauphin, symbole de joie et de libert\u00e9, peint \u00e0 la main avec une grande habilet\u00e9, conf\u00e8re un air rustique et authentique \u00e0 la pi\u00e8ce.<\/p>\n<p>La d\u00e9coration du bol n&rsquo;est pas seulement visuellement attrayante, elle \u00e9voque \u00e9galement la culture maritime de la M\u00e9diterran\u00e9e, o\u00f9 le dauphin est un symbole appr\u00e9ci\u00e9 dans de nombreuses traditions locales. Il est id\u00e9al aussi bien comme objet d\u00e9coratif, pour ajouter une touche de fra\u00eecheur \u00e0 n&rsquo;importe quelle pi\u00e8ce, que pour un usage quotidien lors de la pr\u00e9sentation d&rsquo;ap\u00e9ritifs ou de fruits.<\/p>\n<p>Chez Ol\u00e9 Mosaic, nous sommes fiers de proposer des souvenirs authentiques qui capturent l&rsquo;essence de la vie m\u00e9diterran\u00e9enne. Ce bol en noix de coco bleu est une excellente option pour les boutiques de souvenirs touristiques \u00e0 la recherche de produits uniques et repr\u00e9sentatifs de la culture locale. En tant que distributeurs d&rsquo;articles de d\u00e9coration marine en gros, nous garantissons que chaque pi\u00e8ce refl\u00e8te l&rsquo;artisanat et la beaut\u00e9 de ses origines.<\/p>\n","protected":false},"excerpt":{"rendered":"<p>Bol en noix de coco bleu d\u00e9cor\u00e9 d&rsquo;un \u00e9l\u00e9gant dauphin blanc, id\u00e9al pour donner une touche marine \u00e0 votre int\u00e9rieur. Ce produit, \u00e9labor\u00e9 avec un mat\u00e9riau \u00e9cologique, pr\u00e9sente un design tr\u00e8s sp\u00e9cial avec un fond bleu intense et un bord artisanal aux d\u00e9tails de mosa\u00efque. La figure du dauphin, symbole de joie et de libert\u00e9, semble \u00eatre peinte \u00e0 la main, ce qui lui donne un air rustique et authentique. Parfait comme objet d\u00e9coratif ou pour un usage quotidien.<\/p>\n","protected":false},"featured_media":11736,"template":"","meta":{"_acf_changed":false},"product_brand":[],"product_cat":[521],"product_tag":[530],"class_list":{"0":"post-28073","1":"product","2":"type-product","3":"status-publish","4":"has-post-thumbnail","6":"product_cat-bols","7":"product_tag-animaux","8":"pa_motivo-dauphins","10":"first","11":"instock","12":"shipping-taxable","13":"product-type-simple"},"acf":[],"_links":{"self":[{"href":"https:\/\/olemosaic.com\/fr\/wp-json\/wp\/v2\/product\/28073","targetHints":{"allow":["GET"]}}],"collection":[{"href":"https:\/\/olemosaic.com\/fr\/wp-json\/wp\/v2\/product"}],"about":[{"href":"https:\/\/olemosaic.com\/fr\/wp-json\/wp\/v2\/types\/product"}],"wp:featuredmedia":[{"embeddable":true,"href":"https:\/\/olemosaic.com\/fr\/wp-json\/wp\/v2\/media\/11736"}],"wp:attachment":[{"href":"https:\/\/olemosaic.com\/fr\/wp-json\/wp\/v2\/media?parent=28073"}],"wp:term":[{"taxonomy":"product_brand","embeddable":true,"href":"https:\/\/olemosaic.com\/fr\/wp-json\/wp\/v2\/product_brand?post=28073"},{"taxonomy":"product_cat","embeddable":true,"href":"https:\/\/olemosaic.com\/fr\/wp-json\/wp\/v2\/product_cat?post=28073"},{"taxonomy":"product_tag","embeddable":true,"href":"https:\/\/olemosaic.com\/fr\/wp-json\/wp\/v2\/product_tag?post=28073"}],"curies":[{"name":"wp","href":"https:\/\/api.w.org\/{rel}","templated":true}]}}