{"id":28071,"date":"2025-02-20T23:29:45","date_gmt":"2025-02-20T22:29:45","guid":{"rendered":"http:\/\/olemosaic.com\/producto\/bol-de-coco-azul-delfin-barcelona-3\/"},"modified":"2025-07-25T19:08:17","modified_gmt":"2025-07-25T17:08:17","slug":"bol-noix-de-coco-bleu-dauphin-barcelone-3","status":"publish","type":"product","link":"https:\/\/olemosaic.com\/fr\/produit\/bol-noix-de-coco-bleu-dauphin-barcelone-3\/","title":{"rendered":"Bol en noix de coco bleu. Dauphin. Mosa\u00efque. Barcelone."},"content":{"rendered":"<p>Ce bol en noix de coco bleu, d\u00e9cor\u00e9 d&rsquo;un design vibrant, est une magnifique repr\u00e9sentation de l&rsquo;environnement marin de Barcelone, capturant l&rsquo;essence de la M\u00e9diterran\u00e9e dans chaque d\u00e9tail. Fabriqu\u00e9 \u00e0 partir de noix de coco, ce bol se distingue par son originalit\u00e9, peint \u00e0 la main avec des motifs incluant deux dauphins, symboles de la vie aquatique et de la joie de la mer qui entoure cette ville embl\u00e9matique. Les tons bleus du bol, combin\u00e9s \u00e0 des d\u00e9tails dor\u00e9s qui refl\u00e8tent la lumi\u00e8re avec \u00e9l\u00e9gance, cr\u00e9ent un effet visuel captivant, en faisant un excellent souvenir qui \u00e9voque les journ\u00e9es ensoleill\u00e9es et les plages de la c\u00f4te catalane.<\/p>\n<p>Au centre du bol se trouve l&rsquo;inscription \u00ab\u00a0Barcelona\u00a0\u00bb, qui renforce son authenticit\u00e9 en tant que souvenir repr\u00e9sentatif de cette ville vibrante. Ce produit n&rsquo;est pas seulement un objet d\u00e9coratif, mais il porte \u00e9galement en lui la riche culture de Barcelone, c\u00e9l\u00e8bre pour son lien avec la mer et sa biodiversit\u00e9. Ce bol en noix de coco bleu est un choix id\u00e9al pour les touristes \u00e0 la recherche d&rsquo;une pi\u00e8ce unique repr\u00e9sentant leur voyage \u00e0 Barcelone, ainsi que pour les boutiques de souvenirs touristiques souhaitant proposer des articles authentiques et de qualit\u00e9. Chez Ol\u00e9 Mosaic, votre grossiste en souvenirs, nous garantissons que chacun de nos produits refl\u00e8te l&rsquo;artisanat et l&rsquo;esprit culturel de l&rsquo;Espagne.<\/p>\n","protected":false},"excerpt":{"rendered":"<p>Bol en noix de coco bleu d\u00e9cor\u00e9 d&rsquo;un design vibrant montrant deux dauphins dans un environnement aquatique, symbolisant la vie marine de Barcelone. Fabriqu\u00e9 en noix de coco, il pr\u00e9sente un design artisanal, peint \u00e0 la main, avec des d\u00e9tails dor\u00e9s et des nuances bleues qui capturent la lumi\u00e8re avec \u00e9l\u00e9gance. Cet article unique, avec l&rsquo;inscription \u00ab\u00a0Barcelona\u00a0\u00bb, est id\u00e9al pour ajouter une touche artistique et culturelle \u00e0 n&rsquo;importe quel espace, \u00e9voquant la fra\u00eecheur de la M\u00e9diterran\u00e9e.<\/p>\n","protected":false},"featured_media":10151,"template":"","meta":{"_acf_changed":false},"product_brand":[],"product_cat":[521],"product_tag":[530],"class_list":{"0":"post-28071","1":"product","2":"type-product","3":"status-publish","4":"has-post-thumbnail","6":"product_cat-bols","7":"product_tag-animaux","8":"pa_ciudad-barcelona","9":"pa_motivo-dauphins","10":"pa_pais-espana","12":"first","13":"instock","14":"shipping-taxable","15":"product-type-simple"},"acf":[],"_links":{"self":[{"href":"https:\/\/olemosaic.com\/fr\/wp-json\/wp\/v2\/product\/28071","targetHints":{"allow":["GET"]}}],"collection":[{"href":"https:\/\/olemosaic.com\/fr\/wp-json\/wp\/v2\/product"}],"about":[{"href":"https:\/\/olemosaic.com\/fr\/wp-json\/wp\/v2\/types\/product"}],"wp:featuredmedia":[{"embeddable":true,"href":"https:\/\/olemosaic.com\/fr\/wp-json\/wp\/v2\/media\/10151"}],"wp:attachment":[{"href":"https:\/\/olemosaic.com\/fr\/wp-json\/wp\/v2\/media?parent=28071"}],"wp:term":[{"taxonomy":"product_brand","embeddable":true,"href":"https:\/\/olemosaic.com\/fr\/wp-json\/wp\/v2\/product_brand?post=28071"},{"taxonomy":"product_cat","embeddable":true,"href":"https:\/\/olemosaic.com\/fr\/wp-json\/wp\/v2\/product_cat?post=28071"},{"taxonomy":"product_tag","embeddable":true,"href":"https:\/\/olemosaic.com\/fr\/wp-json\/wp\/v2\/product_tag?post=28071"}],"curies":[{"name":"wp","href":"https:\/\/api.w.org\/{rel}","templated":true}]}}