{"id":28048,"date":"2025-02-20T23:29:44","date_gmt":"2025-02-20T22:29:44","guid":{"rendered":"http:\/\/olemosaic.com\/producto\/bol-de-coco-azul-salamandra-gran-canaria\/"},"modified":"2025-07-25T18:53:58","modified_gmt":"2025-07-25T16:53:58","slug":"bol-noix-de-coco-bleu-salamandre-gran-canaria","status":"publish","type":"product","link":"https:\/\/olemosaic.com\/fr\/produit\/bol-noix-de-coco-bleu-salamandre-gran-canaria\/","title":{"rendered":"Bol en noix de coco bleu. Salamandre. Gran Canaria."},"content":{"rendered":"<p>Ce bol en noix de coco bleu, d\u00e9cor\u00e9 de motifs de salamandre, est un joyau de l&rsquo;artisanat canarien qui capture l&rsquo;essence vibrante de Gran Canaria. Chaque pi\u00e8ce, \u00e9labor\u00e9e avec soin, se distingue par un design peint \u00e0 la main \u00e0 l&rsquo;int\u00e9rieur, o\u00f9 une mosa\u00efque attrayante de c\u0153urs et d&rsquo;hexagones dans des tons bleus, verts et roses cr\u00e9e un ensemble captivant. Au centre, la figure d&rsquo;une salamandre, symbole de la faune unique de l&rsquo;\u00eele, repose sur le texte distinctif \u00ab\u00a0Gran Canaria\u00a0\u00bb, ajoutant une touche culturelle significative.<\/p>\n<p>La combinaison de couleurs vives cr\u00e9e une ambiance festive et joyeuse, transformant ce bol en bien plus qu&rsquo;un simple objet d\u00e9coratif : un authentique souvenir qui refl\u00e8te la riche biodiversit\u00e9 et le patrimoine culturel caract\u00e9risant la r\u00e9gion. Il est id\u00e9al aussi bien pour d\u00e9corer n&rsquo;importe quel int\u00e9rieur que pour conserver un souvenir sp\u00e9cial d&rsquo;une visite sur l&rsquo;\u00eele.<\/p>\n<p>Ce bol en noix de coco est parfait pour les touristes \u00e0 la recherche de souvenirs capturant l&rsquo;essence autochtone de Gran Canaria. Chez Ol\u00e9 Mosaic, nous sommes distributeurs en gros de souvenirs de Gran Canaria, offrant des produits authentiques et repr\u00e9sentatifs qui c\u00e9l\u00e8brent la culture espagnole. Ils sont id\u00e9aux pour les boutiques de cadeaux touristiques souhaitant offrir \u00e0 leurs clients un morceau de cette \u00eele magnifique.<\/p>\n","protected":false},"excerpt":{"rendered":"<p>Bol en noix de coco bleu d\u00e9cor\u00e9 de motifs de salamandres, repr\u00e9sentant la faune unique de Gran Canaria. Ce bol attrayant pr\u00e9sente un design artisanal, peint \u00e0 la main, \u00e0 l&rsquo;int\u00e9rieur, o\u00f9 des figures color\u00e9es en forme de c\u0153urs et d&rsquo;hexagones entourent le texte distinctif \u00ab\u00a0Gran Canaria\u00a0\u00bb. Les tons vibrants comme le bleu, le vert et le rose apportent un air festif, tandis que l&rsquo;image de la salamandre au centre souligne la richesse culturelle de l&rsquo;\u00eele. Id\u00e9al comme souvenir ou pi\u00e8ce d\u00e9corative.<\/p>\n","protected":false},"featured_media":10331,"template":"","meta":{"_acf_changed":false},"product_brand":[],"product_cat":[521],"product_tag":[530],"class_list":{"0":"post-28048","1":"product","2":"type-product","3":"status-publish","4":"has-post-thumbnail","6":"product_cat-bols","7":"product_tag-animaux","8":"pa_ciudad-gran-canaria","9":"pa_motivo-salamandres","10":"pa_pais-espana","12":"first","13":"instock","14":"shipping-taxable","15":"product-type-simple"},"acf":[],"_links":{"self":[{"href":"https:\/\/olemosaic.com\/fr\/wp-json\/wp\/v2\/product\/28048","targetHints":{"allow":["GET"]}}],"collection":[{"href":"https:\/\/olemosaic.com\/fr\/wp-json\/wp\/v2\/product"}],"about":[{"href":"https:\/\/olemosaic.com\/fr\/wp-json\/wp\/v2\/types\/product"}],"wp:featuredmedia":[{"embeddable":true,"href":"https:\/\/olemosaic.com\/fr\/wp-json\/wp\/v2\/media\/10331"}],"wp:attachment":[{"href":"https:\/\/olemosaic.com\/fr\/wp-json\/wp\/v2\/media?parent=28048"}],"wp:term":[{"taxonomy":"product_brand","embeddable":true,"href":"https:\/\/olemosaic.com\/fr\/wp-json\/wp\/v2\/product_brand?post=28048"},{"taxonomy":"product_cat","embeddable":true,"href":"https:\/\/olemosaic.com\/fr\/wp-json\/wp\/v2\/product_cat?post=28048"},{"taxonomy":"product_tag","embeddable":true,"href":"https:\/\/olemosaic.com\/fr\/wp-json\/wp\/v2\/product_tag?post=28048"}],"curies":[{"name":"wp","href":"https:\/\/api.w.org\/{rel}","templated":true}]}}