{"id":28046,"date":"2025-02-20T22:29:44","date_gmt":"2025-02-20T22:29:44","guid":{"rendered":"http:\/\/olemosaic.com\/producto\/bol-de-coco-azul-flamenco-2\/"},"modified":"2025-07-25T18:58:23","modified_gmt":"2025-07-25T16:58:23","slug":"bol-noix-de-coco-bleu-flamant-rose-2","status":"publish","type":"product","link":"https:\/\/olemosaic.com\/fr\/produit\/bol-noix-de-coco-bleu-flamant-rose-2\/","title":{"rendered":"Bol en noix de coco bleu. Flamant rose."},"content":{"rendered":"<p>Ce bol en noix de coco bleu, d\u00e9cor\u00e9 de flamants roses, est une pi\u00e8ce artistique qui apporte une touche vibrante et authentique d&rsquo;Andalousie \u00e0 n&rsquo;importe quel foyer. Son design artisanal pr\u00e9sente une charmante illustration de deux flamants roses entrelac\u00e9s, symbole d&rsquo;amour et de joie, au centre du bol. Ces oiseaux \u00e9l\u00e9gants, avec leurs cous en forme de c\u0153ur, sont encadr\u00e9s par une base qui combine d\u00e9licatement des tons doux de bleu avec des d\u00e9tails en forme de c\u0153urs de couleurs vari\u00e9es : rose, vert et violet, \u00e9voquant la fra\u00eecheur et la chaleur des fleurs dans un jardin andalou.<\/p>\n<p>Ce bol fusionne la technique artisanale avec un style contemporain, capturant l&rsquo;essence de la culture du sud de l&rsquo;Espagne et sa riche tradition c\u00e9ramique. Parfait pour servir des tapas ou comme \u00e9l\u00e9ment d\u00e9coratif, ce souvenir est une excellente option pour les touristes cherchant \u00e0 ramener un morceau de la vibrante culture andalouse chez eux. Chez Ol\u00e9 Mosaic, nous nous sp\u00e9cialisons dans la distribution de souvenirs en gros, et ce bol en noix de coco bleu repr\u00e9sente l&rsquo;authenticit\u00e9 et la qualit\u00e9 qui nous caract\u00e9risent en tant que grossistes d&rsquo;articles artisanaux. Un cadeau id\u00e9al qui non seulement d\u00e9core, mais rappelle aussi la beaut\u00e9 du patrimoine espagnol.<\/p>\n","protected":false},"excerpt":{"rendered":"<p>Bol en noix de coco bleu d\u00e9cor\u00e9 de motifs de flamants roses, symbole d&rsquo;amour et de joie. Ce bol exclusif fusionne technique artisanale et design vibrant, avec une base aux couleurs douces en forme de c\u0153urs encadrant l&rsquo;image de deux flamants roses entrelac\u00e9s. Id\u00e9al pour apporter une touche andalouse \u00e0 tout int\u00e9rieur, il met en valeur l&rsquo;artisanat traditionnel et les couleurs caract\u00e9ristiques du sud de l&rsquo;Espagne.<\/p>\n","protected":false},"featured_media":13486,"template":"","meta":{"_acf_changed":false},"product_brand":[],"product_cat":[521],"product_tag":[530],"class_list":{"0":"post-28046","1":"product","2":"type-product","3":"status-publish","4":"has-post-thumbnail","6":"product_cat-bols","7":"product_tag-animaux","8":"pa_motivo-flamants-roses","10":"first","11":"instock","12":"shipping-taxable","13":"product-type-simple"},"acf":[],"_links":{"self":[{"href":"https:\/\/olemosaic.com\/fr\/wp-json\/wp\/v2\/product\/28046","targetHints":{"allow":["GET"]}}],"collection":[{"href":"https:\/\/olemosaic.com\/fr\/wp-json\/wp\/v2\/product"}],"about":[{"href":"https:\/\/olemosaic.com\/fr\/wp-json\/wp\/v2\/types\/product"}],"wp:featuredmedia":[{"embeddable":true,"href":"https:\/\/olemosaic.com\/fr\/wp-json\/wp\/v2\/media\/13486"}],"wp:attachment":[{"href":"https:\/\/olemosaic.com\/fr\/wp-json\/wp\/v2\/media?parent=28046"}],"wp:term":[{"taxonomy":"product_brand","embeddable":true,"href":"https:\/\/olemosaic.com\/fr\/wp-json\/wp\/v2\/product_brand?post=28046"},{"taxonomy":"product_cat","embeddable":true,"href":"https:\/\/olemosaic.com\/fr\/wp-json\/wp\/v2\/product_cat?post=28046"},{"taxonomy":"product_tag","embeddable":true,"href":"https:\/\/olemosaic.com\/fr\/wp-json\/wp\/v2\/product_tag?post=28046"}],"curies":[{"name":"wp","href":"https:\/\/api.w.org\/{rel}","templated":true}]}}