{"id":28040,"date":"2025-02-20T22:29:44","date_gmt":"2025-02-20T22:29:44","guid":{"rendered":"http:\/\/olemosaic.com\/producto\/bol-de-coco-azul-delfin-menorca\/"},"modified":"2025-07-25T18:53:12","modified_gmt":"2025-07-25T16:53:12","slug":"bol-noix-de-coco-bleu-dauphin-minorque","status":"publish","type":"product","link":"https:\/\/olemosaic.com\/fr\/produit\/bol-noix-de-coco-bleu-dauphin-minorque\/","title":{"rendered":"Bol en noix de coco bleu. Dauphin. Minorque."},"content":{"rendered":"<p>Ce bol en noix de coco bleu, d\u00e9cor\u00e9 de dauphins, est une magnifique repr\u00e9sentation de la beaut\u00e9 de la mer de Minorque. Fabriqu\u00e9 avec des mat\u00e9riaux naturels, ce bol attrayant pr\u00e9sente un design fascinant dans les tons bleut\u00e9s qui \u00e9voquent les eaux cristallines de l&rsquo;\u00eele, avec des taches rappelant la fra\u00eecheur vibrante de l&rsquo;oc\u00e9an. Au centre, une belle illustration d&rsquo;un dauphin de couleur orange, symbole de la faune marine locale, se d\u00e9tache sur le fond bleu, accompagn\u00e9e du nom \u00ab\u00a0MENORCA\u00a0\u00bb, qui \u00e9voque le lien de la pi\u00e8ce avec sa r\u00e9gion d&rsquo;origine.<\/p>\n<p>Id\u00e9al aussi bien comme objet d\u00e9coratif que pour servir des ap\u00e9ritifs, ce bol allie art et fonctionnalit\u00e9, permettant aux touristes de ramener un morceau du style de vie de Minorque chez eux. Le dauphin, pr\u00e9sent dans les eaux de Minorque, repr\u00e9sente la riche biodiversit\u00e9 de la mer M\u00e9diterran\u00e9e et refl\u00e8te l&rsquo;importance de la conservation marine dans la r\u00e9gion.<\/p>\n<p>Chez Ol\u00e9 Mosaic, nous nous consacrons \u00e0 la distribution de souvenirs en gros, en mettant en avant des produits authentiques et de haute qualit\u00e9 qui c\u00e9l\u00e8brent la culture et le patrimoine local. Ce bol en noix de coco bleu n&rsquo;est pas seulement un excellent souvenir de Minorque, mais aussi une formidable option pour les boutiques de cadeaux touristiques qui cherchent \u00e0 offrir \u00e0 leurs clients des souvenirs significatifs, en accord avec l&rsquo;essence de l&rsquo;\u00eele.<\/p>\n","protected":false},"excerpt":{"rendered":"<p>Bol en noix de coco bleu d\u00e9cor\u00e9 de motifs de dauphins repr\u00e9sentant la beaut\u00e9 de la mer de Minorque. Ce bol attrayant, fabriqu\u00e9 avec des mat\u00e9riaux naturels, pr\u00e9sente un design dans les tons bleut\u00e9s avec des taches \u00e9voquant l&rsquo;eau, cr\u00e9ant une sensation de fra\u00eecheur et de dynamisme. Au centre se d\u00e9tache l&rsquo;illustration d&rsquo;un dauphin de couleur orange avec le nom \u00ab\u00a0MENORCA\u00a0\u00bb. Parfait comme objet d\u00e9coratif ou pour servir des ap\u00e9ritifs, ce bol allie art et fonctionnalit\u00e9.<\/p>\n","protected":false},"featured_media":11909,"template":"","meta":{"_acf_changed":false},"product_brand":[],"product_cat":[521],"product_tag":[530],"class_list":{"0":"post-28040","1":"product","2":"type-product","3":"status-publish","4":"has-post-thumbnail","6":"product_cat-bols","7":"product_tag-animaux","8":"pa_ciudad-menorca","9":"pa_motivo-dauphins","10":"pa_pais-espana","12":"first","13":"instock","14":"shipping-taxable","15":"product-type-simple"},"acf":[],"_links":{"self":[{"href":"https:\/\/olemosaic.com\/fr\/wp-json\/wp\/v2\/product\/28040","targetHints":{"allow":["GET"]}}],"collection":[{"href":"https:\/\/olemosaic.com\/fr\/wp-json\/wp\/v2\/product"}],"about":[{"href":"https:\/\/olemosaic.com\/fr\/wp-json\/wp\/v2\/types\/product"}],"wp:featuredmedia":[{"embeddable":true,"href":"https:\/\/olemosaic.com\/fr\/wp-json\/wp\/v2\/media\/11909"}],"wp:attachment":[{"href":"https:\/\/olemosaic.com\/fr\/wp-json\/wp\/v2\/media?parent=28040"}],"wp:term":[{"taxonomy":"product_brand","embeddable":true,"href":"https:\/\/olemosaic.com\/fr\/wp-json\/wp\/v2\/product_brand?post=28040"},{"taxonomy":"product_cat","embeddable":true,"href":"https:\/\/olemosaic.com\/fr\/wp-json\/wp\/v2\/product_cat?post=28040"},{"taxonomy":"product_tag","embeddable":true,"href":"https:\/\/olemosaic.com\/fr\/wp-json\/wp\/v2\/product_tag?post=28040"}],"curies":[{"name":"wp","href":"https:\/\/api.w.org\/{rel}","templated":true}]}}