{"id":28038,"date":"2025-02-20T23:29:43","date_gmt":"2025-02-20T22:29:43","guid":{"rendered":"http:\/\/olemosaic.com\/producto\/bol-de-coco-azul-flecha-camino-de-santiago\/"},"modified":"2025-07-25T18:43:22","modified_gmt":"2025-07-25T16:43:22","slug":"bol-noix-de-coco-bleu-fleche-chemin-de-compostelle","status":"publish","type":"product","link":"https:\/\/olemosaic.com\/fr\/produit\/bol-noix-de-coco-bleu-fleche-chemin-de-compostelle\/","title":{"rendered":"Bol en noix de coco bleu. Fl\u00e8che. Chemin de Compostelle."},"content":{"rendered":"<p>Ce bol en noix de coco bleu, d\u00e9cor\u00e9 de l&#8217;embl\u00e9matique fl\u00e8che du Chemin de Compostelle, est un v\u00e9ritable tr\u00e9sor repr\u00e9sentatif de cette l\u00e9gendaire route de p\u00e8lerinage. Fabriqu\u00e9 de mani\u00e8re artisanale, ce produit se distingue par sa finition dans des tons bleus doux qui \u00e9voquent le ciel et les paysages que les p\u00e8lerins rencontrent tout au long du chemin. Sa forme organique et les courbes douces du bol offrent un design moderne, tandis que la fl\u00e8che dor\u00e9e, symbole du Chemin, et la phrase \u00ab\u00a0CAMINO DE SANTIAGO\u00a0\u00bb, embl\u00e9matique de cette tradition, apportent une touche rustique attrayante qui contraste merveilleusement avec la surface brillante du bol.<\/p>\n<p>Ce souvenir n&rsquo;est pas seulement une pi\u00e8ce d\u00e9corative id\u00e9ale pour rehausser n&rsquo;importe quel int\u00e9rieur, mais il peut \u00e9galement \u00eatre utilis\u00e9 de mani\u00e8re fonctionnelle, ce qui en fait un excellent compl\u00e9ment pour la table ou un r\u00e9cipient unique pour de petits objets. Sa connexion culturelle avec la c\u00e9l\u00e8bre route, qui attire des p\u00e8lerins du monde entier depuis des si\u00e8cles, lui conf\u00e8re une valeur sp\u00e9ciale en tant que souvenir \u00e9voquant la spiritualit\u00e9 et l&rsquo;aventure.<\/p>\n<p>Chez Ol\u00e9 Mosaic, nous nous sp\u00e9cialisons dans la distribution de souvenirs en gros, offrant des produits authentiques comme ce bol en noix de coco bleu qui encapsule l&rsquo;essence du Chemin de Compostelle. C&rsquo;est une option parfaite pour les boutiques de cadeaux touristiques qui cherchent \u00e0 offrir \u00e0 leurs clients un souvenir significatif et de qualit\u00e9.<\/p>\n","protected":false},"excerpt":{"rendered":"<p>Bol en noix de coco bleu d\u00e9cor\u00e9 de l&#8217;embl\u00e9matique fl\u00e8che du Chemin de Compostelle. Ce produit artisanal pr\u00e9sente une finition dans les tons bleus et un design tr\u00e8s sp\u00e9cial qui inclut la phrase \u00ab\u00a0CAMINO DE SANTIAGO\u00a0\u00bb. La surface, douce et brillante, contraste avec le design rustique, offrant une touche moderne \u00e0 un souvenir classique. Id\u00e9al pour souligner la connexion avec cette c\u00e9l\u00e8bre route de p\u00e8lerinage. Parfait comme \u00e9l\u00e9ment d\u00e9coratif ou pour un usage personnel.<\/p>\n","protected":false},"featured_media":11937,"template":"","meta":{"_acf_changed":false},"product_brand":[],"product_cat":[521],"product_tag":[],"class_list":{"0":"post-28038","1":"product","2":"type-product","3":"status-publish","4":"has-post-thumbnail","6":"product_cat-bols","7":"pa_ciudad-santiago-de-compostela","8":"pa_motivo-fleches","9":"pa_pais-espana","11":"first","12":"instock","13":"shipping-taxable","14":"product-type-simple"},"acf":[],"_links":{"self":[{"href":"https:\/\/olemosaic.com\/fr\/wp-json\/wp\/v2\/product\/28038","targetHints":{"allow":["GET"]}}],"collection":[{"href":"https:\/\/olemosaic.com\/fr\/wp-json\/wp\/v2\/product"}],"about":[{"href":"https:\/\/olemosaic.com\/fr\/wp-json\/wp\/v2\/types\/product"}],"wp:featuredmedia":[{"embeddable":true,"href":"https:\/\/olemosaic.com\/fr\/wp-json\/wp\/v2\/media\/11937"}],"wp:attachment":[{"href":"https:\/\/olemosaic.com\/fr\/wp-json\/wp\/v2\/media?parent=28038"}],"wp:term":[{"taxonomy":"product_brand","embeddable":true,"href":"https:\/\/olemosaic.com\/fr\/wp-json\/wp\/v2\/product_brand?post=28038"},{"taxonomy":"product_cat","embeddable":true,"href":"https:\/\/olemosaic.com\/fr\/wp-json\/wp\/v2\/product_cat?post=28038"},{"taxonomy":"product_tag","embeddable":true,"href":"https:\/\/olemosaic.com\/fr\/wp-json\/wp\/v2\/product_tag?post=28038"}],"curies":[{"name":"wp","href":"https:\/\/api.w.org\/{rel}","templated":true}]}}