{"id":28037,"date":"2025-02-20T23:29:43","date_gmt":"2025-02-20T22:29:43","guid":{"rendered":"http:\/\/olemosaic.com\/producto\/bol-de-coco-azul-salamandra-tenerife\/"},"modified":"2025-07-25T18:52:52","modified_gmt":"2025-07-25T16:52:52","slug":"bol-noix-de-coco-bleu-salamandre-tenerife","status":"publish","type":"product","link":"https:\/\/olemosaic.com\/fr\/produit\/bol-noix-de-coco-bleu-salamandre-tenerife\/","title":{"rendered":"Bol en noix de coco bleu. Salamandre. Tenerife."},"content":{"rendered":"<p>Ce bol en noix de coco bleu, d\u00e9cor\u00e9 de charmantes illustrations de salamandres, est un produit artisanal authentique qui capture l&rsquo;essence de Tenerife. Avec un design peint \u00e0 la main, le bol pr\u00e9sente un bord bleu qui compl\u00e8te un fond joyeux et brillant, orn\u00e9 de c\u0153urs aux couleurs vibrantes qui \u00e9voquent la chaleur de la culture canarienne. Au centre, deux salamandres, symbole d&rsquo;adaptabilit\u00e9 et de vie sur l&rsquo;\u00eele, coexistent avec l&rsquo;inscription \u00ab\u00a0TENERIFE\u00a0\u00bb, soulignant la singularit\u00e9 et la richesse culturelle de cette enclave. Chaque d\u00e9tail, de la douceur des silhouettes des salamandres \u00e0 la disposition des c\u0153urs, a \u00e9t\u00e9 soigneusement \u00e9labor\u00e9 pour offrir un produit qui n&rsquo;est pas seulement fonctionnel, mais aussi un rappel visuel de la beaut\u00e9 naturelle de Tenerife.<\/p>\n<p>Ce bol est une excellente option pour les touristes qui cherchent \u00e0 ramener chez eux un morceau de la culture canarienne, ajoutant une touche vibrante \u00e0 leur foyer. Les souvenirs de Tenerife, comme ce bol, ne sont pas seulement un d\u00e9lice esth\u00e9tique, mais repr\u00e9sentent \u00e9galement une connexion authentique avec ses traditions. Chez Ol\u00e9 Mosaic, en tant que grossistes de souvenirs, nous proposons des produits artisanaux qui refl\u00e8tent l&rsquo;histoire et l&rsquo;art de chaque r\u00e9gion, parfaits pour les boutiques de cadeaux touristiques \u00e0 la recherche d&rsquo;articles uniques et de qualit\u00e9. Faites de ce bol en noix de coco bleu un souvenir sp\u00e9cial qui capturera des moments inoubliables de votre visite sur la magnifique \u00eele de Tenerife.<\/p>\n","protected":false},"excerpt":{"rendered":"<p>Bol en noix de coco bleu d\u00e9cor\u00e9 d&rsquo;une charmante illustration de salamandres, typique de Tenerife. Ce produit artisanal se distingue par son design fait main, peint \u00e0 la main, avec un bord dans les tons bleus et un fond orn\u00e9 de c\u0153urs aux couleurs vibrantes. Au centre, les salamandres c\u00f4toient l&rsquo;inscription \u00ab\u00a0TENERIFE\u00a0\u00bb, soulignant la richesse culturelle de l&rsquo;\u00eele. Id\u00e9al pour ajouter une touche canarienne \u00e0 votre maison ou comme souvenir unique.<\/p>\n","protected":false},"featured_media":10335,"template":"","meta":{"_acf_changed":false},"product_brand":[],"product_cat":[521],"product_tag":[530],"class_list":{"0":"post-28037","1":"product","2":"type-product","3":"status-publish","4":"has-post-thumbnail","6":"product_cat-bols","7":"product_tag-animaux","8":"pa_ciudad-tenerife","9":"pa_motivo-salamandres","10":"pa_pais-espana","12":"first","13":"instock","14":"shipping-taxable","15":"product-type-simple"},"acf":[],"_links":{"self":[{"href":"https:\/\/olemosaic.com\/fr\/wp-json\/wp\/v2\/product\/28037","targetHints":{"allow":["GET"]}}],"collection":[{"href":"https:\/\/olemosaic.com\/fr\/wp-json\/wp\/v2\/product"}],"about":[{"href":"https:\/\/olemosaic.com\/fr\/wp-json\/wp\/v2\/types\/product"}],"wp:featuredmedia":[{"embeddable":true,"href":"https:\/\/olemosaic.com\/fr\/wp-json\/wp\/v2\/media\/10335"}],"wp:attachment":[{"href":"https:\/\/olemosaic.com\/fr\/wp-json\/wp\/v2\/media?parent=28037"}],"wp:term":[{"taxonomy":"product_brand","embeddable":true,"href":"https:\/\/olemosaic.com\/fr\/wp-json\/wp\/v2\/product_brand?post=28037"},{"taxonomy":"product_cat","embeddable":true,"href":"https:\/\/olemosaic.com\/fr\/wp-json\/wp\/v2\/product_cat?post=28037"},{"taxonomy":"product_tag","embeddable":true,"href":"https:\/\/olemosaic.com\/fr\/wp-json\/wp\/v2\/product_tag?post=28037"}],"curies":[{"name":"wp","href":"https:\/\/api.w.org\/{rel}","templated":true}]}}