{"id":28030,"date":"2025-02-20T23:29:43","date_gmt":"2025-02-20T22:29:43","guid":{"rendered":"http:\/\/olemosaic.com\/producto\/bol-de-coco-azul-delfin-2\/"},"modified":"2025-07-25T18:50:11","modified_gmt":"2025-07-25T16:50:11","slug":"bol-en-noix-de-coco-bleu-dauphin-2","status":"publish","type":"product","link":"https:\/\/olemosaic.com\/fr\/produit\/bol-en-noix-de-coco-bleu-dauphin-2\/","title":{"rendered":"Bol en noix de coco bleu. Dauphin. Style m\u00e9diterran\u00e9en. Mosa\u00efque."},"content":{"rendered":"<p>Ce bol en noix de coco bleu, orn\u00e9 de dauphins, est un charmant souvenir qui capture l&rsquo;essence de la M\u00e9diterran\u00e9e. Fabriqu\u00e9 sur une base de noix de coco naturelle, il se distingue par son design en mosa\u00efque dans les tons bleu, vert et rose, \u00e9voquant les eaux cristallines et la faune marine vibrante de la c\u00f4te m\u00e9diterran\u00e9enne. Au centre, deux dauphins aux couleurs iris\u00e9es \u00e9clatantes ressortent, symbolisant la joie et la libert\u00e9 associ\u00e9es \u00e0 la mer. Les d\u00e9tails en forme de c\u0153urs et de pierres color\u00e9es sur les bords compl\u00e8tent le design, cr\u00e9ant un attrait visuel qui fait de ce bol non seulement un ustensile utile pour servir des ap\u00e9ritifs, mais aussi un \u00e9l\u00e9ment d\u00e9coratif frappant pour toute maison.<\/p>\n<p>Le lien culturel de ce produit r\u00e9side dans son authenticit\u00e9 et son origine, refl\u00e9tant la riche tradition artisanale de la r\u00e9gion m\u00e9diterran\u00e9enne, o\u00f9 la cr\u00e9ativit\u00e9 et l&rsquo;amour de la nature fusionnent dans chaque pi\u00e8ce. Ce bol est une excellente option pour les touristes \u00e0 la recherche d&rsquo;un souvenir significatif et repr\u00e9sentatif de leur exp\u00e9rience sur la c\u00f4te. Chez Ol\u00e9 Mosaic, nous sommes distributeurs de souvenirs en gros et proposons des pi\u00e8ces authentiques qui c\u00e9l\u00e8brent la culture et le paysage espagnols. Ce bol en noix de coco, en plus d&rsquo;\u00eatre fonctionnel, est un tr\u00e9sor qui rappellera \u00e9ternellement la beaut\u00e9 de la M\u00e9diterran\u00e9e.<\/p>\n","protected":false},"excerpt":{"rendered":"<p>Bol en noix de coco bleu d\u00e9cor\u00e9 de dauphins, id\u00e9al comme souvenir de la c\u00f4te m\u00e9diterran\u00e9enne. Ce bol attrayant pr\u00e9sente un design de mosa\u00efque dans les tons bleu, vert et rose, avec deux dauphins au centre, fabriqu\u00e9s \u00e0 la main selon des techniques de peinture. La base en noix de coco ajoute une touche naturelle et authentique. Parfait pour servir des ap\u00e9ritifs ou comme \u00e9l\u00e9ment d\u00e9coratif dans n&rsquo;importe quelle maison, \u00e9voquant la beaut\u00e9 de la mer.<\/p>\n","protected":false},"featured_media":10291,"template":"","meta":{"_acf_changed":false},"product_brand":[],"product_cat":[521],"product_tag":[530],"class_list":{"0":"post-28030","1":"product","2":"type-product","3":"status-publish","4":"has-post-thumbnail","6":"product_cat-bols","7":"product_tag-animaux","8":"pa_motivo-dauphins","10":"first","11":"instock","12":"shipping-taxable","13":"product-type-simple"},"acf":[],"_links":{"self":[{"href":"https:\/\/olemosaic.com\/fr\/wp-json\/wp\/v2\/product\/28030","targetHints":{"allow":["GET"]}}],"collection":[{"href":"https:\/\/olemosaic.com\/fr\/wp-json\/wp\/v2\/product"}],"about":[{"href":"https:\/\/olemosaic.com\/fr\/wp-json\/wp\/v2\/types\/product"}],"wp:featuredmedia":[{"embeddable":true,"href":"https:\/\/olemosaic.com\/fr\/wp-json\/wp\/v2\/media\/10291"}],"wp:attachment":[{"href":"https:\/\/olemosaic.com\/fr\/wp-json\/wp\/v2\/media?parent=28030"}],"wp:term":[{"taxonomy":"product_brand","embeddable":true,"href":"https:\/\/olemosaic.com\/fr\/wp-json\/wp\/v2\/product_brand?post=28030"},{"taxonomy":"product_cat","embeddable":true,"href":"https:\/\/olemosaic.com\/fr\/wp-json\/wp\/v2\/product_cat?post=28030"},{"taxonomy":"product_tag","embeddable":true,"href":"https:\/\/olemosaic.com\/fr\/wp-json\/wp\/v2\/product_tag?post=28030"}],"curies":[{"name":"wp","href":"https:\/\/api.w.org\/{rel}","templated":true}]}}