{"id":28028,"date":"2025-02-20T23:29:43","date_gmt":"2025-02-20T22:29:43","guid":{"rendered":"http:\/\/olemosaic.com\/producto\/bol-de-coco-azul-isla-gran-canaria\/"},"modified":"2025-07-25T19:10:46","modified_gmt":"2025-07-25T17:10:46","slug":"bol-en-noix-de-coco-bleu-ile-grande-canarie","status":"publish","type":"product","link":"https:\/\/olemosaic.com\/fr\/produit\/bol-en-noix-de-coco-bleu-ile-grande-canarie\/","title":{"rendered":"Bol en noix de coco bleu. \u00cele. Grande Canarie."},"content":{"rendered":"<p>Ce bol en noix de coco bleu, d\u00e9cor\u00e9 \u00e0 la main, est une pi\u00e8ce artisanale qui capture l&rsquo;essence vibrante de la Grande Canarie. Sur un \u00e9l\u00e9gant fond blanc, le design pr\u00e9sente une charmante mosa\u00efque de c\u0153urs de couleurs vari\u00e9es, \u00e9voquant la beaut\u00e9 naturelle et la diversit\u00e9 de l&rsquo;\u00eele. Au centre, une gravure avec le nom \u00ab\u00a0Gran Canaria\u00a0\u00bb se distingue, faisant de ce bol un souvenir distinctif et significatif de la r\u00e9gion.<\/p>\n<p>L&rsquo;utilisation de la noix de coco comme mat\u00e9riau apporte non seulement une touche exotique, mais souligne \u00e9galement la durabilit\u00e9 et l&rsquo;authenticit\u00e9 du produit. Chaque bol est peint \u00e0 la main, ce qui garantit que chaque pi\u00e8ce est unique et refl\u00e8te le d\u00e9vouement des artisans locaux. La forme originale et attrayante du bol en fait un excellent \u00e9l\u00e9ment d\u00e9coratif, ainsi qu&rsquo;un r\u00e9cipient utile, id\u00e9al pour servir des ap\u00e9ritifs ou simplement comme touche de couleur dans n&rsquo;importe quelle maison.<\/p>\n<p>Ce bol en noix de coco est plus qu&rsquo;un simple souvenir ; c&rsquo;est un fragment de la riche culture canarienne, parfait pour ceux qui souhaitent emporter un petit morceau de l&rsquo;\u00eele. Chez Ol\u00e9 Mosaic, en tant que grossistes de souvenirs, nous proposons ce joyau insulaire qui incarne le meilleur de la Grande Canarie, id\u00e9al pour les boutiques de cadeaux touristiques \u00e0 la recherche de produits authentiques et repr\u00e9sentatifs.<\/p>\n","protected":false},"excerpt":{"rendered":"<p>Bol en noix de coco bleu d\u00e9cor\u00e9 dans un style artisanal, inspir\u00e9 par la beaut\u00e9 de la Grande Canarie. Ce bol attrayant pr\u00e9sente un fond blanc avec un design de mosa\u00efques de c\u0153urs aux couleurs vibrantes, entourant une gravure centrale avec le nom \u00ab\u00a0Gran Canaria\u00a0\u00bb. Sa forme originale et sa fabrication en noix de coco, associ\u00e9es \u00e0 la technique de design artisanal peint \u00e0 la main, en font le souvenir parfait pour ramener un morceau de l&rsquo;\u00eele \u00e0 la maison. Id\u00e9al pour un usage d\u00e9coratif ou comme r\u00e9cipient.<\/p>\n","protected":false},"featured_media":10311,"template":"","meta":{"_acf_changed":false},"product_brand":[],"product_cat":[521],"product_tag":[],"class_list":{"0":"post-28028","1":"product","2":"type-product","3":"status-publish","4":"has-post-thumbnail","6":"product_cat-bols","7":"pa_ciudad-gran-canaria","8":"pa_motivo-iles","9":"pa_pais-espana","11":"first","12":"instock","13":"shipping-taxable","14":"product-type-simple"},"acf":[],"_links":{"self":[{"href":"https:\/\/olemosaic.com\/fr\/wp-json\/wp\/v2\/product\/28028","targetHints":{"allow":["GET"]}}],"collection":[{"href":"https:\/\/olemosaic.com\/fr\/wp-json\/wp\/v2\/product"}],"about":[{"href":"https:\/\/olemosaic.com\/fr\/wp-json\/wp\/v2\/types\/product"}],"wp:featuredmedia":[{"embeddable":true,"href":"https:\/\/olemosaic.com\/fr\/wp-json\/wp\/v2\/media\/10311"}],"wp:attachment":[{"href":"https:\/\/olemosaic.com\/fr\/wp-json\/wp\/v2\/media?parent=28028"}],"wp:term":[{"taxonomy":"product_brand","embeddable":true,"href":"https:\/\/olemosaic.com\/fr\/wp-json\/wp\/v2\/product_brand?post=28028"},{"taxonomy":"product_cat","embeddable":true,"href":"https:\/\/olemosaic.com\/fr\/wp-json\/wp\/v2\/product_cat?post=28028"},{"taxonomy":"product_tag","embeddable":true,"href":"https:\/\/olemosaic.com\/fr\/wp-json\/wp\/v2\/product_tag?post=28028"}],"curies":[{"name":"wp","href":"https:\/\/api.w.org\/{rel}","templated":true}]}}