{"id":28027,"date":"2025-02-20T23:29:42","date_gmt":"2025-02-20T22:29:42","guid":{"rendered":"http:\/\/olemosaic.com\/producto\/bol-de-coco-azul-mano-2\/"},"modified":"2025-07-25T18:53:37","modified_gmt":"2025-07-25T16:53:37","slug":"bol-en-noix-de-coco-bleu-main-de-fatma","status":"publish","type":"product","link":"https:\/\/olemosaic.com\/fr\/produit\/bol-en-noix-de-coco-bleu-main-de-fatma\/","title":{"rendered":"Bol en noix de coco bleu. Main de Fatma."},"content":{"rendered":"<p>Ce bol en noix de coco bleu d\u00e9cor\u00e9 \u00e0 la main est un v\u00e9ritable bijou de l&rsquo;artisanat traditionnel, id\u00e9al pour ceux qui recherchent des souvenirs refl\u00e9tant la richesse culturelle de la r\u00e9gion. Fabriqu\u00e9 \u00e0 partir de coques de noix de coco, son design pr\u00e9sente une combinaison de couleurs vibrantes qui attire l&rsquo;attention et ajoute une touche festive \u00e0 n&rsquo;importe quel espace. Au centre se d\u00e9tache une main hamsa, un puissant symbole de protection et de chance, entour\u00e9e de petits c\u0153urs dans les tons bleu, vert et rose. Cette d\u00e9coration soign\u00e9e souligne non seulement le savoir-faire des artisans locaux, mais aussi le lien culturel profond avec la tradition.<\/p>\n<p>La finition lisse et brillante du bol le rend parfait aussi bien pour un usage d\u00e9coratif que pour servir des ap\u00e9ritifs ou des bonbons, ce qui en fait un excellent cadeau. Ce bol en noix de coco bleu n&rsquo;est pas seulement une pi\u00e8ce de d\u00e9coration unique, il offre \u00e9galement une histoire et une signification qui en font un souvenir m\u00e9morable de la r\u00e9gion.<\/p>\n<p>Chez Ol\u00e9 Mosaic, nous sommes sp\u00e9cialis\u00e9s dans la distribution de souvenirs en gros, et ce bol est un choix exceptionnel pour les boutiques de cadeaux touristiques \u00e0 la recherche de produits authentiques. Avec ce bol, vos clients pourront emporter chez eux un morceau de l&rsquo;h\u00e9ritage culturel local, id\u00e9al pour ceux qui appr\u00e9cient l&rsquo;artisanat et la beaut\u00e9 dans leurs souvenirs.<\/p>\n","protected":false},"excerpt":{"rendered":"<p>Bol en noix de coco bleu d\u00e9cor\u00e9 dans un style artisanal, inspir\u00e9 par la tradition artisanale de la r\u00e9gion. Ce charmant r\u00e9cipient pr\u00e9sente une \u00e9l\u00e9gante combinaison de couleurs vibrantes, avec un motif central repr\u00e9sentant une main hamsa, symbole de protection. Autour du design, de petits c\u0153urs dans les tons bleu, vert et rose ajoutent une touche festive. Sa finition lisse et brillante en fait un excellent compl\u00e9ment d\u00e9coratif pour toute maison.<\/p>\n","protected":false},"featured_media":13482,"template":"","meta":{"_acf_changed":false},"product_brand":[],"product_cat":[521],"product_tag":[],"class_list":{"0":"post-28027","1":"product","2":"type-product","3":"status-publish","4":"has-post-thumbnail","6":"product_cat-bols","7":"pa_motivo-mains","9":"first","10":"instock","11":"shipping-taxable","12":"product-type-simple"},"acf":[],"_links":{"self":[{"href":"https:\/\/olemosaic.com\/fr\/wp-json\/wp\/v2\/product\/28027","targetHints":{"allow":["GET"]}}],"collection":[{"href":"https:\/\/olemosaic.com\/fr\/wp-json\/wp\/v2\/product"}],"about":[{"href":"https:\/\/olemosaic.com\/fr\/wp-json\/wp\/v2\/types\/product"}],"wp:featuredmedia":[{"embeddable":true,"href":"https:\/\/olemosaic.com\/fr\/wp-json\/wp\/v2\/media\/13482"}],"wp:attachment":[{"href":"https:\/\/olemosaic.com\/fr\/wp-json\/wp\/v2\/media?parent=28027"}],"wp:term":[{"taxonomy":"product_brand","embeddable":true,"href":"https:\/\/olemosaic.com\/fr\/wp-json\/wp\/v2\/product_brand?post=28027"},{"taxonomy":"product_cat","embeddable":true,"href":"https:\/\/olemosaic.com\/fr\/wp-json\/wp\/v2\/product_cat?post=28027"},{"taxonomy":"product_tag","embeddable":true,"href":"https:\/\/olemosaic.com\/fr\/wp-json\/wp\/v2\/product_tag?post=28027"}],"curies":[{"name":"wp","href":"https:\/\/api.w.org\/{rel}","templated":true}]}}