{"id":28003,"date":"2025-02-20T23:29:42","date_gmt":"2025-02-20T22:29:42","guid":{"rendered":"http:\/\/olemosaic.com\/producto\/bol-de-coco-azul-delfin\/"},"modified":"2025-07-25T19:35:39","modified_gmt":"2025-07-25T17:35:39","slug":"bol-noix-de-coco-bleu-dauphin","status":"publish","type":"product","link":"https:\/\/olemosaic.com\/fr\/produit\/bol-noix-de-coco-bleu-dauphin\/","title":{"rendered":"Bol en noix de coco bleu. Dauphin."},"content":{"rendered":"<p>Ce bol en noix de coco bleu avec des illustrations de dauphins est une pi\u00e8ce unique et vibrante qui capture l&rsquo;essence de la mer et de sa vie marine. Son design se caract\u00e9rise par une peinture \u00e0 la main soign\u00e9e qui combine des tonalit\u00e9s bleues et dor\u00e9es, \u00e9voquant la fra\u00eecheur et l&rsquo;\u00e9clat de l&rsquo;oc\u00e9an. Sur sa surface, des dauphins d\u00e9licats se d\u00e9tachent, nageant joyeusement sur un fond qui rappelle les nuances de l&rsquo;eau, entour\u00e9s de formes abstraites imitant les vagues. Ce bol n&rsquo;est pas seulement id\u00e9al comme \u00e9l\u00e9ment d\u00e9coratif, il est \u00e9galement parfait pour servir des ap\u00e9ritifs, apportant une touche c\u00f4ti\u00e8re et artistique \u00e0 n&rsquo;importe quel foyer.<\/p>\n<p>La connexion culturelle de ce bol r\u00e9side dans la riche tradition maritime des r\u00e9gions c\u00f4ti\u00e8res, o\u00f9 les dauphins sont des symboles de joie et de libert\u00e9. Ce souvenir n&rsquo;est pas seulement un objet utilitaire, mais un hommage aux plages et \u00e0 la biodiversit\u00e9 marine, parfait pour les touristes qui cherchent \u00e0 emporter un morceau du charme m\u00e9diterran\u00e9en. Chez Ol\u00e9 Mosaic, nous proposons ce bol attrayant en noix de coco bleu dans le cadre de notre gamme de souvenirs en gros, garantissant authenticit\u00e9 et qualit\u00e9. Id\u00e9al pour les boutiques de cadeaux touristiques \u00e0 la recherche de produits uniques et pertinents qui se connectent \u00e0 la culture locale.<\/p>\n","protected":false},"excerpt":{"rendered":"<p>Bol en noix de coco bleu avec des illustrations de dauphins. Ce bol attrayant pr\u00e9sente un design vibrant, artisanal et peint \u00e0 la main, combinant des tons bleus et dor\u00e9s, \u00e9voquant l&rsquo;essence de la mer. Sur sa surface, on peut appr\u00e9cier des dauphins d\u00e9licats, entour\u00e9s de formes abstraites imitant les vagues, le tout sur un fond rappelant les nuances de l&rsquo;eau. Id\u00e9al comme \u00e9l\u00e9ment d\u00e9coratif ou pour servir des ap\u00e9ritifs, ce bol apporte une touche c\u00f4ti\u00e8re et artistique \u00e0 tout int\u00e9rieur.<\/p>\n","protected":false},"featured_media":10088,"template":"","meta":{"_acf_changed":false},"product_brand":[],"product_cat":[521],"product_tag":[530],"class_list":{"0":"post-28003","1":"product","2":"type-product","3":"status-publish","4":"has-post-thumbnail","6":"product_cat-bols","7":"product_tag-animaux","8":"pa_motivo-dauphins","10":"first","11":"instock","12":"shipping-taxable","13":"product-type-simple"},"acf":[],"_links":{"self":[{"href":"https:\/\/olemosaic.com\/fr\/wp-json\/wp\/v2\/product\/28003","targetHints":{"allow":["GET"]}}],"collection":[{"href":"https:\/\/olemosaic.com\/fr\/wp-json\/wp\/v2\/product"}],"about":[{"href":"https:\/\/olemosaic.com\/fr\/wp-json\/wp\/v2\/types\/product"}],"wp:featuredmedia":[{"embeddable":true,"href":"https:\/\/olemosaic.com\/fr\/wp-json\/wp\/v2\/media\/10088"}],"wp:attachment":[{"href":"https:\/\/olemosaic.com\/fr\/wp-json\/wp\/v2\/media?parent=28003"}],"wp:term":[{"taxonomy":"product_brand","embeddable":true,"href":"https:\/\/olemosaic.com\/fr\/wp-json\/wp\/v2\/product_brand?post=28003"},{"taxonomy":"product_cat","embeddable":true,"href":"https:\/\/olemosaic.com\/fr\/wp-json\/wp\/v2\/product_cat?post=28003"},{"taxonomy":"product_tag","embeddable":true,"href":"https:\/\/olemosaic.com\/fr\/wp-json\/wp\/v2\/product_tag?post=28003"}],"curies":[{"name":"wp","href":"https:\/\/api.w.org\/{rel}","templated":true}]}}