{"id":28002,"date":"2025-02-20T23:29:42","date_gmt":"2025-02-20T22:29:42","guid":{"rendered":"http:\/\/olemosaic.com\/producto\/bol-de-coco-azul-isla-mallorca\/"},"modified":"2025-07-25T19:35:46","modified_gmt":"2025-07-25T17:35:46","slug":"bol-noix-de-coco-bleu-ile-majorque","status":"publish","type":"product","link":"https:\/\/olemosaic.com\/fr\/produit\/bol-noix-de-coco-bleu-ile-majorque\/","title":{"rendered":"Bol en noix de coco bleu. \u00cele. Mosa\u00efque de c\u0153urs. Majorque."},"content":{"rendered":"<p>Ce bol en noix de coco bleu, avec un design inspir\u00e9 de la magnifique \u00eele de Majorque, est un cadeau exceptionnel qui capture l&rsquo;essence de la M\u00e9diterran\u00e9e. Avec une base blanche, ce bol attrayant est orn\u00e9 d&rsquo;un contour vibrant d\u00e9cor\u00e9 de petites pi\u00e8ces dans des tons bleus, verts, roses, violets et oranges, formant une joyeuse mosa\u00efque de c\u0153urs qui souligne son caract\u00e8re festif et accueillant. Au centre, la silhouette de l&rsquo;\u00eele de Majorque se d\u00e9tache, \u00e9l\u00e9gamment mise en valeur dans des tons m\u00e9talliques, ce qui ajoute une touche sp\u00e9ciale et unique au design.<\/p>\n<p>Ce bol n&rsquo;est pas seulement un article d\u00e9coratif, il offre \u00e9galement une profonde connexion culturelle avec la r\u00e9gion. Majorque, connue pour ses plages aux eaux turquoises et son riche patrimoine culturel, est pr\u00e9sent\u00e9e ici dans une pi\u00e8ce qui symbolise la chaleur et le charme de l&rsquo;\u00eele. Son design artisanal en fait un souvenir parfait, id\u00e9al pour les touristes qui cherchent \u00e0 ramener chez eux un morceau de cette \u00eele impressionnante.<\/p>\n<p>Chez Ol\u00e9 Mosaic, nous sommes des distributeurs de souvenirs authentiques et repr\u00e9sentatifs, et ce bol en noix de coco bleu est une excellente option pour les boutiques de cadeaux touristiques qui cherchent \u00e0 offrir des produits de qualit\u00e9 avec une signification culturelle. Ce n&rsquo;est pas seulement un bel accessoire pour la maison, mais aussi un t\u00e9moignage de l&rsquo;art et de la tradition majorquine, ce qui fait de ce souvenir un choix inoubliable. Si vous recherchez des \u00e9ventails en gros ou tout autre produit distinctif, faites-nous confiance en tant que votre grossiste de souvenirs.<\/p>\n","protected":false},"excerpt":{"rendered":"<p>Bol en noix de coco bleu avec un design inspir\u00e9 de la magnifique \u00eele de Majorque. Ce bol attrayant pr\u00e9sente une base blanche avec un contour d\u00e9cor\u00e9 de petites pi\u00e8ces dans des tons bleus, verts, roses, violets et oranges, formant une joyeuse mosa\u00efque de c\u0153urs. Au centre, la silhouette de l&rsquo;\u00eele de Majorque se d\u00e9tache, mise en valeur dans des tons m\u00e9talliques, ajoutant une touche unique et sp\u00e9ciale. Id\u00e9al comme souvenir ou pour donner une touche m\u00e9diterran\u00e9enne \u00e0 votre int\u00e9rieur.<\/p>\n","protected":false},"featured_media":10307,"template":"","meta":{"_acf_changed":false},"product_brand":[],"product_cat":[521],"product_tag":[],"class_list":{"0":"post-28002","1":"product","2":"type-product","3":"status-publish","4":"has-post-thumbnail","6":"product_cat-bols","7":"pa_ciudad-mallorca","8":"pa_motivo-iles","9":"pa_pais-espana","11":"first","12":"instock","13":"shipping-taxable","14":"product-type-simple"},"acf":[],"_links":{"self":[{"href":"https:\/\/olemosaic.com\/fr\/wp-json\/wp\/v2\/product\/28002","targetHints":{"allow":["GET"]}}],"collection":[{"href":"https:\/\/olemosaic.com\/fr\/wp-json\/wp\/v2\/product"}],"about":[{"href":"https:\/\/olemosaic.com\/fr\/wp-json\/wp\/v2\/types\/product"}],"wp:featuredmedia":[{"embeddable":true,"href":"https:\/\/olemosaic.com\/fr\/wp-json\/wp\/v2\/media\/10307"}],"wp:attachment":[{"href":"https:\/\/olemosaic.com\/fr\/wp-json\/wp\/v2\/media?parent=28002"}],"wp:term":[{"taxonomy":"product_brand","embeddable":true,"href":"https:\/\/olemosaic.com\/fr\/wp-json\/wp\/v2\/product_brand?post=28002"},{"taxonomy":"product_cat","embeddable":true,"href":"https:\/\/olemosaic.com\/fr\/wp-json\/wp\/v2\/product_cat?post=28002"},{"taxonomy":"product_tag","embeddable":true,"href":"https:\/\/olemosaic.com\/fr\/wp-json\/wp\/v2\/product_tag?post=28002"}],"curies":[{"name":"wp","href":"https:\/\/api.w.org\/{rel}","templated":true}]}}