{"id":27999,"date":"2025-02-20T23:29:41","date_gmt":"2025-02-20T22:29:41","guid":{"rendered":"http:\/\/olemosaic.com\/producto\/bol-de-coco-azul-caballito-de-mar-barcelona-2\/"},"modified":"2025-07-25T20:08:11","modified_gmt":"2025-07-25T18:08:11","slug":"bol-noix-de-coco-bleu-hippocampe-barcelone","status":"publish","type":"product","link":"https:\/\/olemosaic.com\/fr\/produit\/bol-noix-de-coco-bleu-hippocampe-barcelone\/","title":{"rendered":"Bol en noix de coco bleu. Hippocampe. Mosa\u00efque. Barcelone."},"content":{"rendered":"<p>Ce bol en noix de coco bleu avec un design d&rsquo;hippocampe est un souvenir exquis qui capture l&rsquo;essence vibrante de Barcelone. D\u00e9cor\u00e9 de mani\u00e8re artisanale \u00e0 partir de fibre de coco, ce bol se distingue par sa mosa\u00efque color\u00e9e dans une palette de tons bleus, verts, roses et jaunes \u00e9voquant la fra\u00eecheur de la mer M\u00e9diterran\u00e9e. Au centre, un hippocampe dor\u00e9 resplendit, symbolisant le lien de la ville avec sa riche culture maritime et son magnifique littoral. Ce bol attrayant est id\u00e9al pour d\u00e9corer ou pour ranger de petits objets, apportant une touche de charme et d&rsquo;\u00e9l\u00e9gance \u00e0 n&rsquo;importe quel foyer.<\/p>\n<p>La singularit\u00e9 de ce bol r\u00e9side non seulement dans son design artistique, mais aussi dans son authenticit\u00e9 en tant que repr\u00e9sentation de la tradition artisanale de la r\u00e9gion. Inspir\u00e9 par l&rsquo;ambiance c\u00f4ti\u00e8re de Barcelone, ce produit refl\u00e8te l&rsquo;h\u00e9ritage culturel de la ville et sa passion pour l&rsquo;art et la nature. Chez Ol\u00e9 Mosaic, nous nous sp\u00e9cialisons dans la distribution de souvenirs en gros qui c\u00e9l\u00e8brent la richesse culturelle de l&rsquo;Espagne, et ce bol en noix de coco est une excellente option pour les boutiques de cadeaux touristiques cherchant \u00e0 offrir des produits authentiques et m\u00e9morables \u00e0 leurs clients. Offrir ou acqu\u00e9rir ce bol est une fa\u00e7on id\u00e9ale d&#8217;emporter un morceau de Barcelone chez soi.<\/p>\n","protected":false},"excerpt":{"rendered":"<p>Bol en noix de coco bleu avec un design d&rsquo;hippocampe, inspir\u00e9 par la beaut\u00e9 de Barcelone. Ce bol attrayant est fabriqu\u00e9 en fibre de coco et arbore une d\u00e9coration color\u00e9e sous forme de mosa\u00efque, avec des tons bleus, verts, roses et jaunes. Au centre se d\u00e9tache un hippocampe dor\u00e9, qui symbolise le lien avec la mer M\u00e9diterran\u00e9e. Parfait comme \u00e9l\u00e9ment d\u00e9coratif ou pour ranger de petits objets, il apporte une touche de fra\u00eecheur et de charme \u00e0 la maison.<\/p>\n","protected":false},"featured_media":10351,"template":"","meta":{"_acf_changed":false},"product_brand":[],"product_cat":[521],"product_tag":[530],"class_list":{"0":"post-27999","1":"product","2":"type-product","3":"status-publish","4":"has-post-thumbnail","6":"product_cat-bols","7":"product_tag-animaux","8":"pa_ciudad-barcelona","9":"pa_motivo-hippocampes","10":"pa_pais-espana","12":"first","13":"instock","14":"shipping-taxable","15":"product-type-simple"},"acf":[],"_links":{"self":[{"href":"https:\/\/olemosaic.com\/fr\/wp-json\/wp\/v2\/product\/27999","targetHints":{"allow":["GET"]}}],"collection":[{"href":"https:\/\/olemosaic.com\/fr\/wp-json\/wp\/v2\/product"}],"about":[{"href":"https:\/\/olemosaic.com\/fr\/wp-json\/wp\/v2\/types\/product"}],"wp:featuredmedia":[{"embeddable":true,"href":"https:\/\/olemosaic.com\/fr\/wp-json\/wp\/v2\/media\/10351"}],"wp:attachment":[{"href":"https:\/\/olemosaic.com\/fr\/wp-json\/wp\/v2\/media?parent=27999"}],"wp:term":[{"taxonomy":"product_brand","embeddable":true,"href":"https:\/\/olemosaic.com\/fr\/wp-json\/wp\/v2\/product_brand?post=27999"},{"taxonomy":"product_cat","embeddable":true,"href":"https:\/\/olemosaic.com\/fr\/wp-json\/wp\/v2\/product_cat?post=27999"},{"taxonomy":"product_tag","embeddable":true,"href":"https:\/\/olemosaic.com\/fr\/wp-json\/wp\/v2\/product_tag?post=27999"}],"curies":[{"name":"wp","href":"https:\/\/api.w.org\/{rel}","templated":true}]}}