{"id":27998,"date":"2025-02-20T23:29:41","date_gmt":"2025-02-20T22:29:41","guid":{"rendered":"http:\/\/olemosaic.com\/producto\/bol-de-coco-azul-caballito-de-mar-tenerife\/"},"modified":"2025-07-25T19:38:34","modified_gmt":"2025-07-25T17:38:34","slug":"bol-noix-de-coco-bleu-hippocampe-tenerife","status":"publish","type":"product","link":"https:\/\/olemosaic.com\/fr\/produit\/bol-noix-de-coco-bleu-hippocampe-tenerife\/","title":{"rendered":"Bol en noix de coco bleu. Hippocampe. Tenerife."},"content":{"rendered":"<p>Ce bol en noix de coco bleu avec un design d&rsquo;hippocampe est un \u00e9l\u00e9ment distinctif qui capture l&rsquo;essence de la beaut\u00e9 naturelle de Tenerife. Fabriqu\u00e9 \u00e0 la main, cet ustensile frappant pr\u00e9sente une base dans des tons bleu profond, d\u00e9cor\u00e9e de cercles \u00e9voquant l&rsquo;immensit\u00e9 de l&rsquo;oc\u00e9an, cr\u00e9ant un lien visuel imm\u00e9diat avec l&rsquo;environnement marin de l&rsquo;\u00eele. Au centre, un \u00e9l\u00e9gant hippocampe, soigneusement peint \u00e0 la main, souligne l&rsquo;originalit\u00e9 de la pi\u00e8ce, en faisant un excellent souvenir pour ceux qui souhaitent emporter un souvenir des \u00eeles Canaries.<\/p>\n<p>Le mot \u00ab\u00a0Tenerife\u00a0\u00bb appara\u00eet imprim\u00e9 dans un ton subtil, ajoutant une touche distinctive qui renforce son lien avec la r\u00e9gion. Ce bol n&rsquo;est pas seulement id\u00e9al pour un usage d\u00e9coratif, mais c&rsquo;est aussi un cadeau tr\u00e8s appr\u00e9ci\u00e9, parfait pour les amis et la famille souhaitant se souvenir de la magie de Tenerife. En tant que souvenir, il refl\u00e8te les traditions artisanales de l&rsquo;\u00eele et sa riche diversit\u00e9 marine, faisant de ce bol un excellent repr\u00e9sentant de la culture locale.<\/p>\n<p>Chez Ol\u00e9 Mosaic, nous nous sp\u00e9cialisons dans la distribution de produits authentiques en gros, parfaits pour les boutiques de cadeaux touristiques cherchant \u00e0 offrir des articles uniques et significatifs. Ce bol en noix de coco bleu est une option exceptionnelle pour ceux qui recherchent des souvenirs de Tenerife se distinguant par leur qualit\u00e9 et leur originalit\u00e9, assurant un souvenir inoubliable d&rsquo;une destination splendide.<\/p>\n","protected":false},"excerpt":{"rendered":"<p>Bol en noix de coco bleu avec un design d&rsquo;hippocampe, inspir\u00e9 par la beaut\u00e9 naturelle de Tenerife. Ce charmant r\u00e9cipient pr\u00e9sente une base dans des tons bleus, d\u00e9cor\u00e9e de cercles \u00e9voquant l&rsquo;oc\u00e9an, et un hippocampe au centre, design artisanal, peint \u00e0 la main, avec des d\u00e9tails qui rehaussent son originalit\u00e9. Le mot \u00ab\u00a0Tenerife\u00a0\u00bb est imprim\u00e9 dans un ton subtil, ajoutant une touche distinctive \u00e0 ce souvenir attrayant. Id\u00e9al pour un usage d\u00e9coratif ou comme cadeau appr\u00e9ci\u00e9.<\/p>\n","protected":false},"featured_media":11925,"template":"","meta":{"_acf_changed":false},"product_brand":[],"product_cat":[521],"product_tag":[530],"class_list":{"0":"post-27998","1":"product","2":"type-product","3":"status-publish","4":"has-post-thumbnail","6":"product_cat-bols","7":"product_tag-animaux","8":"pa_ciudad-tenerife","9":"pa_motivo-hippocampes","10":"pa_pais-espana","12":"first","13":"instock","14":"shipping-taxable","15":"product-type-simple"},"acf":[],"_links":{"self":[{"href":"https:\/\/olemosaic.com\/fr\/wp-json\/wp\/v2\/product\/27998","targetHints":{"allow":["GET"]}}],"collection":[{"href":"https:\/\/olemosaic.com\/fr\/wp-json\/wp\/v2\/product"}],"about":[{"href":"https:\/\/olemosaic.com\/fr\/wp-json\/wp\/v2\/types\/product"}],"wp:featuredmedia":[{"embeddable":true,"href":"https:\/\/olemosaic.com\/fr\/wp-json\/wp\/v2\/media\/11925"}],"wp:attachment":[{"href":"https:\/\/olemosaic.com\/fr\/wp-json\/wp\/v2\/media?parent=27998"}],"wp:term":[{"taxonomy":"product_brand","embeddable":true,"href":"https:\/\/olemosaic.com\/fr\/wp-json\/wp\/v2\/product_brand?post=27998"},{"taxonomy":"product_cat","embeddable":true,"href":"https:\/\/olemosaic.com\/fr\/wp-json\/wp\/v2\/product_cat?post=27998"},{"taxonomy":"product_tag","embeddable":true,"href":"https:\/\/olemosaic.com\/fr\/wp-json\/wp\/v2\/product_tag?post=27998"}],"curies":[{"name":"wp","href":"https:\/\/api.w.org\/{rel}","templated":true}]}}